{"id":651,"date":"2017-06-27T06:20:05","date_gmt":"2017-06-27T06:20:05","guid":{"rendered":"http:\/\/dummy.xtemos.com\/woodmart-elementor\/demos\/?page_id=651"},"modified":"2025-03-17T14:28:10","modified_gmt":"2025-03-17T19:28:10","slug":"contacto","status":"publish","type":"page","link":"https:\/\/adrianasantacruz.com\/en\/contacto\/","title":{"rendered":"Contact"},"content":{"rendered":"<div data-elementor-type=\"wp-page\" data-elementor-id=\"651\" class=\"elementor elementor-651\" data-elementor-post-type=\"page\">\n\t\t\t\t\t\t<section class=\"elementor-section elementor-top-section elementor-element elementor-element-4385017 elementor-section-boxed elementor-section-height-default elementor-section-height-default wd-section-disabled\" data-id=\"4385017\" data-element_type=\"section\" data-e-type=\"section\">\n\t\t\t\t\t\t<div class=\"elementor-container elementor-column-gap-default\">\n\t\t\t\t\t<div class=\"elementor-column elementor-col-50 elementor-top-column elementor-element elementor-element-5096115\" data-id=\"5096115\" data-element_type=\"column\" data-e-type=\"column\">\n\t\t\t<div class=\"elementor-widget-wrap elementor-element-populated\">\n\t\t\t\t\t\t<div class=\"elementor-element elementor-element-4462393 elementor-widget elementor-widget-wd_title\" data-id=\"4462393\" data-element_type=\"widget\" data-e-type=\"widget\" data-widget_type=\"wd_title.default\">\n\t\t\t\t<div class=\"elementor-widget-container\">\n\t\t\t\t\t\t\t<div class=\"title-wrapper woodmart-title-color-default woodmart-title-style-bordered woodmart-title-size-default text-left\">\n\n\t\t\t\n\t\t\t<div class=\"liner-continer\">\n\t\t\t\t<span class=\"left-line\"><\/span>\n\n\t\t\t\t<h4 class=\"woodmart-title-container title\">\n\t\t\t\t\tCONTACT US\t\t\t\t<\/h4>\n\n\t\t\t\t\n\t\t\t\t<span class=\"right-line\"><\/span>\n\t\t\t<\/div>\n\n\t\t\t\t\t<\/div>\n\t\t\t\t\t\t<\/div>\n\t\t\t\t<\/div>\n\t\t\t\t<div class=\"elementor-element elementor-element-fe93545 elementor-button-align-stretch elementor-widget elementor-widget-form\" data-id=\"fe93545\" data-element_type=\"widget\" data-e-type=\"widget\" data-settings=\"{&quot;step_next_label&quot;:&quot;Next&quot;,&quot;step_previous_label&quot;:&quot;Previous&quot;,&quot;button_width&quot;:&quot;100&quot;,&quot;step_type&quot;:&quot;number_text&quot;,&quot;step_icon_shape&quot;:&quot;circle&quot;}\" data-widget_type=\"form.default\">\n\t\t\t\t\t\t\t<form class=\"elementor-form\" method=\"post\" name=\"New Form\" aria-label=\"New Form\" action=\"\">\n\t\t\t<input type=\"hidden\" name=\"post_id\" value=\"651\"\/>\n\t\t\t<input type=\"hidden\" name=\"form_id\" value=\"fe93545\"\/>\n\t\t\t<input type=\"hidden\" name=\"referer_title\" value=\"- Adriana Santacruz\" \/>\n\n\t\t\t\t\t\t\t<input type=\"hidden\" name=\"queried_id\" value=\"651\"\/>\n\t\t\t\n\t\t\t<div class=\"elementor-form-fields-wrapper elementor-labels-above\">\n\t\t\t\t\t\t\t\t<div class=\"elementor-field-type-text elementor-field-group elementor-column elementor-field-group-name elementor-col-100 elementor-field-required\">\n\t\t\t\t\t\t\t\t\t\t\t\t<label for=\"form-field-name\" class=\"elementor-field-label\">\n\t\t\t\t\t\t\t\tNombre\t\t\t\t\t\t\t<\/label>\n\t\t\t\t\t\t\t\t\t\t\t\t\t\t<input size=\"1\" type=\"text\" name=\"form_fields[name]\" id=\"form-field-name\" class=\"elementor-field elementor-size-sm  elementor-field-textual\" required=\"required\">\n\t\t\t\t\t\t\t\t\t\t\t<\/div>\n\t\t\t\t\t\t\t\t<div class=\"elementor-field-type-email elementor-field-group elementor-column elementor-field-group-email elementor-col-100 elementor-field-required\">\n\t\t\t\t\t\t\t\t\t\t\t\t<label for=\"form-field-email\" class=\"elementor-field-label\">\n\t\t\t\t\t\t\t\tEmail\t\t\t\t\t\t\t<\/label>\n\t\t\t\t\t\t\t\t\t\t\t\t\t\t<input size=\"1\" type=\"email\" name=\"form_fields[email]\" id=\"form-field-email\" class=\"elementor-field elementor-size-sm  elementor-field-textual\" required=\"required\">\n\t\t\t\t\t\t\t\t\t\t\t<\/div>\n\t\t\t\t\t\t\t\t<div class=\"elementor-field-type-text elementor-field-group elementor-column elementor-field-group-message elementor-col-100 elementor-field-required\">\n\t\t\t\t\t\t\t\t\t\t\t\t<label for=\"form-field-message\" class=\"elementor-field-label\">\n\t\t\t\t\t\t\t\tSubject\t\t\t\t\t\t\t<\/label>\n\t\t\t\t\t\t\t\t\t\t\t\t\t\t<input size=\"1\" type=\"text\" name=\"form_fields[message]\" id=\"form-field-message\" class=\"elementor-field elementor-size-sm  elementor-field-textual\" required=\"required\">\n\t\t\t\t\t\t\t\t\t\t\t<\/div>\n\t\t\t\t\t\t\t\t<div class=\"elementor-field-type-textarea elementor-field-group elementor-column elementor-field-group-field_a421e8d elementor-col-100\">\n\t\t\t\t\t\t\t\t\t\t\t\t<label for=\"form-field-field_a421e8d\" class=\"elementor-field-label\">\n\t\t\t\t\t\t\t\tMensaje\t\t\t\t\t\t\t<\/label>\n\t\t\t\t\t\t<textarea class=\"elementor-field-textual elementor-field  elementor-size-sm\" name=\"form_fields[field_a421e8d]\" id=\"form-field-field_a421e8d\" rows=\"8\"><\/textarea>\t\t\t\t<\/div>\n\t\t\t\t\t\t\t\t<div class=\"elementor-field-group elementor-column elementor-field-type-submit elementor-col-100 e-form__buttons\">\n\t\t\t\t\t<button class=\"elementor-button elementor-size-sm\" type=\"submit\">\n\t\t\t\t\t\t<span class=\"elementor-button-content-wrapper\">\n\t\t\t\t\t\t\t\t\t\t\t\t\t\t\t\t\t\t\t\t\t\t<span class=\"elementor-button-text\">Env\u00edar <\/span>\n\t\t\t\t\t\t\t\t\t\t\t\t\t<\/span>\n\t\t\t\t\t<\/button>\n\t\t\t\t<\/div>\n\t\t\t<\/div>\n\t\t<input type=\"hidden\" name=\"trp-form-language\" value=\"en\"\/><\/form>\n\t\t\t\t\t\t<\/div>\n\t\t\t\t\t<\/div>\n\t\t<\/div>\n\t\t\t\t<div class=\"elementor-column elementor-col-50 elementor-top-column elementor-element elementor-element-1836331\" data-id=\"1836331\" data-element_type=\"column\" data-e-type=\"column\">\n\t\t\t<div class=\"elementor-widget-wrap elementor-element-populated\">\n\t\t\t\t\t\t<div class=\"elementor-element elementor-element-e304ccf elementor-widget elementor-widget-image\" data-id=\"e304ccf\" data-element_type=\"widget\" data-e-type=\"widget\" data-widget_type=\"image.default\">\n\t\t\t\t\t\t\t\t\t\t\t\t\t\t\t<img loading=\"lazy\" decoding=\"async\" width=\"734\" height=\"474\" src=\"https:\/\/adrianasantacruz.com\/wp-content\/uploads\/2020\/11\/contacto.jpg\" class=\"attachment-full size-full wp-image-9731\" alt=\"\" srcset=\"https:\/\/adrianasantacruz.com\/wp-content\/uploads\/2020\/11\/contacto.jpg 734w, https:\/\/adrianasantacruz.com\/wp-content\/uploads\/2020\/11\/contacto-18x12.jpg 18w, https:\/\/adrianasantacruz.com\/wp-content\/uploads\/2020\/11\/contacto-300x194.jpg 300w, https:\/\/adrianasantacruz.com\/wp-content\/uploads\/2020\/11\/contacto-16x10.jpg 16w\" sizes=\"auto, (max-width: 734px) 100vw, 734px\" \/>\t\t\t\t\t\t\t\t\t\t\t\t\t\t\t<\/div>\n\t\t\t\t<section class=\"elementor-section elementor-inner-section elementor-element elementor-element-2631236 elementor-section-boxed elementor-section-height-default elementor-section-height-default wd-section-disabled\" data-id=\"2631236\" data-element_type=\"section\" data-e-type=\"section\">\n\t\t\t\t\t\t<div class=\"elementor-container elementor-column-gap-extended\">\n\t\t\t\t\t<div class=\"elementor-column elementor-col-100 elementor-inner-column elementor-element elementor-element-381994\" data-id=\"381994\" data-element_type=\"column\" data-e-type=\"column\">\n\t\t\t<div class=\"elementor-widget-wrap\">\n\t\t\t\t\t\t\t<\/div>\n\t\t<\/div>\n\t\t\t\t\t<\/div>\n\t\t<\/section>\n\t\t\t\t<div class=\"elementor-element elementor-element-4475289 elementor-widget elementor-widget-wd_infobox\" data-id=\"4475289\" data-element_type=\"widget\" data-e-type=\"widget\" data-widget_type=\"wd_infobox.default\">\n\t\t\t\t<div class=\"elementor-widget-container\">\n\t\t\t\t\t\t\t<div class=\"info-box-wrapper\">\n\t\t\t<div class=\"woodmart-info-box text-left box-icon-align-left box-style-base color-scheme- box-title-small\">\n\t\t\t\t\t\t\t\t\t<div class=\"box-icon-wrapper  box-with-icon box-icon-simple\">\n\t\t\t\t\t\t<div class=\"info-box-icon\">\n\t\t\t\t\t\t\t\t\t\t\t\t\t\t\t<span class=\"info-svg-wrapper info-icon\" style=\"width:40px; height:40px;\"><svg xmlns=\"http:\/\/www.w3.org\/2000\/svg\" xmlns:xlink=\"http:\/\/www.w3.org\/1999\/xlink\" version=\"1.1\" id=\"svg-5630\" x=\"0px\" y=\"0px\" width=\"512px\" height=\"512px\" viewbox=\"0 0 792 792\" style=\"enable-background:new 0 0 792 792;\" xml:space=\"preserve\">\n<g>\n\t<g id=\"_x39__14_\">\n\t\t<g>\n\t\t\t<path d=\"M581.625,0h-371.25c-54.673,0-99,44.327-99,99v594c0,54.673,44.327,99,99,99h371.25c54.673,0,99-44.327,99-99V99     C680.625,44.327,636.298,0,581.625,0z M631.125,693c0,27.349-22.151,49.5-49.5,49.5h-371.25c-27.349,0-49.5-22.151-49.5-49.5     v-74.25h470.25V693z M631.125,569.25h-470.25v-396h470.25V569.25z M631.125,123.75h-470.25V99c0-27.349,22.151-49.5,49.5-49.5     h371.25c27.349,0,49.5,22.176,49.5,49.5V123.75z M396,717.75c20.493,0,37.125-16.632,37.125-37.125S416.493,643.5,396,643.5     s-37.125,16.632-37.125,37.125S375.507,717.75,396,717.75z\" fill=\"#d1d1d1\"\/>\n\t\t<\/g>\n\t<\/g>\n<\/g>\n<g>\n<\/g>\n<g>\n<\/g>\n<g>\n<\/g>\n<g>\n<\/g>\n<g>\n<\/g>\n<g>\n<\/g>\n<g>\n<\/g>\n<g>\n<\/g>\n<g>\n<\/g>\n<g>\n<\/g>\n<g>\n<\/g>\n<g>\n<\/g>\n<g>\n<\/g>\n<g>\n<\/g>\n<g>\n<\/g>\n<\/svg>\n<\/span>\t\t\t\t\t\t\t\t\t\t\t\t\t<\/div>\n\t\t\t\t\t<\/div>\n\t\t\t\t\n\t\t\t\t<div class=\"info-box-content\">\n\t\t\t\t\t\n\t\t\t\t\t\n\t\t\t\t\t<div class=\"info-box-inner reset-mb-10\"\n\t\t\t\t\t\t data-elementor-setting-key=\"content\">\n\t\t\t\t\t\t<p><strong>Showroom Bogot\u00e1:<br \/>\n<\/strong>CL 68 # 4a-08, Zona G - Bogot\u00e1<strong><br \/>\nPhone<\/strong>+57(601) 571 95 21<\/p>\n<p><strong>Showroom Pasto:<\/strong><br \/>\nKM 7 Altos de Daza v\u00eda al norte.<br \/><strong>Mobile<\/strong> +57(313) 6448103 - +57(320) 9331307<\/p>\n<p><span style=\"color: #333333;\"><strong>Email:<\/strong><\/span> info@adrianasantacruz.com<br \/>\n[wpgmza id=\"1\"]<\/p>\n\t\t\t\t\t<\/div>\n\t\n\t\t\t\t\t\t\t\t\t<\/div>\n\t\t\t<\/div>\n\t\t<\/div>\n\t\t\t\t\t\t<\/div>\n\t\t\t\t<\/div>\n\t\t\t\t\t<\/div>\n\t\t<\/div>\n\t\t\t\t\t<\/div>\n\t\t<\/section>\n\t\t\t\t<\/div>","protected":false},"excerpt":{"rendered":"<p>ESCR\u00cdBENOS Showroom Bogot\u00e1: CL 68 # 4a-08, Zona G &#8211; Bogot\u00e1 Tel\u00e9fono:+57(601) 571 95 21 Showroom Pasto: KM 7 Altos<\/p>","protected":false},"author":1,"featured_media":0,"parent":0,"menu_order":0,"comment_status":"closed","ping_status":"closed","template":"","meta":{"_monsterinsights_skip_tracking":false,"_monsterinsights_sitenote_active":false,"_monsterinsights_sitenote_note":"","_monsterinsights_sitenote_category":0,"_joinchat":[],"footnotes":""},"class_list":["post-651","page","type-page","status-publish","hentry"],"yoast_head":"<!-- This site is optimized with the Yoast SEO plugin v25.2 - https:\/\/yoast.com\/wordpress\/plugins\/seo\/ -->\n<title>- Adriana Santacruz<\/title>\n<meta name=\"description\" content=\"Ruanas | Ponchos | prendas elaboradas en telar, con t\u00e9cnicas artesanales ind\u00edgenas.\" \/>\n<meta name=\"robots\" content=\"index, follow, max-snippet:-1, max-image-preview:large, max-video-preview:-1\" \/>\n<link rel=\"canonical\" href=\"https:\/\/adrianasantacruz.com\/en\/contacto\/\" \/>\n<meta property=\"og:locale\" content=\"en_US\" \/>\n<meta property=\"og:type\" content=\"article\" \/>\n<meta property=\"og:title\" content=\"- Adriana Santacruz\" \/>\n<meta property=\"og:description\" content=\"Ruanas | Ponchos | prendas elaboradas en telar, con t\u00e9cnicas artesanales ind\u00edgenas.\" \/>\n<meta property=\"og:url\" content=\"https:\/\/adrianasantacruz.com\/en\/contacto\/\" \/>\n<meta property=\"og:site_name\" content=\"Adriana Santacruz\" \/>\n<meta property=\"article:publisher\" content=\"https:\/\/www.facebook.com\/santacruz.adriana\/\" \/>\n<meta property=\"article:modified_time\" content=\"2025-03-17T19:28:10+00:00\" \/>\n<meta property=\"og:image\" content=\"https:\/\/adrianasantacruz.com\/wp-content\/uploads\/2020\/11\/contacto.jpg\" \/>\n\t<meta property=\"og:image:width\" content=\"734\" \/>\n\t<meta property=\"og:image:height\" content=\"474\" \/>\n\t<meta property=\"og:image:type\" content=\"image\/jpeg\" \/>\n<meta name=\"twitter:card\" content=\"summary_large_image\" \/>\n<meta name=\"twitter:label1\" content=\"Est. reading time\" \/>\n\t<meta name=\"twitter:data1\" content=\"1 minute\" \/>\n<script type=\"application\/ld+json\" class=\"yoast-schema-graph\">{\"@context\":\"https:\/\/schema.org\",\"@graph\":[{\"@type\":\"WebPage\",\"@id\":\"https:\/\/adrianasantacruz.com\/contacto\/\",\"url\":\"https:\/\/adrianasantacruz.com\/contacto\/\",\"name\":\"- Adriana Santacruz\",\"isPartOf\":{\"@id\":\"https:\/\/adrianasantacruz.com\/#website\"},\"primaryImageOfPage\":{\"@id\":\"https:\/\/adrianasantacruz.com\/contacto\/#primaryimage\"},\"image\":{\"@id\":\"https:\/\/adrianasantacruz.com\/contacto\/#primaryimage\"},\"thumbnailUrl\":\"http:\/\/adrianasantacruz.com\/wp-content\/uploads\/2020\/11\/contacto.jpg\",\"datePublished\":\"2017-06-27T06:20:05+00:00\",\"dateModified\":\"2025-03-17T19:28:10+00:00\",\"description\":\"Ruanas | Ponchos | prendas elaboradas en telar, con t\u00e9cnicas artesanales ind\u00edgenas.\",\"breadcrumb\":{\"@id\":\"https:\/\/adrianasantacruz.com\/contacto\/#breadcrumb\"},\"inLanguage\":\"en-US\",\"potentialAction\":[{\"@type\":\"ReadAction\",\"target\":[\"https:\/\/adrianasantacruz.com\/contacto\/\"]}]},{\"@type\":\"ImageObject\",\"inLanguage\":\"en-US\",\"@id\":\"https:\/\/adrianasantacruz.com\/contacto\/#primaryimage\",\"url\":\"http:\/\/adrianasantacruz.com\/wp-content\/uploads\/2020\/11\/contacto.jpg\",\"contentUrl\":\"http:\/\/adrianasantacruz.com\/wp-content\/uploads\/2020\/11\/contacto.jpg\"},{\"@type\":\"BreadcrumbList\",\"@id\":\"https:\/\/adrianasantacruz.com\/contacto\/#breadcrumb\",\"itemListElement\":[{\"@type\":\"ListItem\",\"position\":1,\"name\":\"Portada\",\"item\":\"https:\/\/adrianasantacruz.com\/\"},{\"@type\":\"ListItem\",\"position\":2,\"name\":\"Contacto\"}]},{\"@type\":\"WebSite\",\"@id\":\"https:\/\/adrianasantacruz.com\/#website\",\"url\":\"https:\/\/adrianasantacruz.com\/\",\"name\":\"Adriana Santacruz\",\"description\":\"Ruanas Tejidas | Telar ind\u00edgena precolombino\",\"publisher\":{\"@id\":\"https:\/\/adrianasantacruz.com\/#organization\"},\"potentialAction\":[{\"@type\":\"SearchAction\",\"target\":{\"@type\":\"EntryPoint\",\"urlTemplate\":\"https:\/\/adrianasantacruz.com\/?s={search_term_string}\"},\"query-input\":{\"@type\":\"PropertyValueSpecification\",\"valueRequired\":true,\"valueName\":\"search_term_string\"}}],\"inLanguage\":\"en-US\"},{\"@type\":\"Organization\",\"@id\":\"https:\/\/adrianasantacruz.com\/#organization\",\"name\":\"Adriana Santacruz\",\"url\":\"https:\/\/adrianasantacruz.com\/\",\"logo\":{\"@type\":\"ImageObject\",\"inLanguage\":\"en-US\",\"@id\":\"https:\/\/adrianasantacruz.com\/#\/schema\/logo\/image\/\",\"url\":\"http:\/\/adrianasantacruz.com\/wp-content\/uploads\/2020\/10\/Logo-adriana-Santacruz-NEGRO.png\",\"contentUrl\":\"http:\/\/adrianasantacruz.com\/wp-content\/uploads\/2020\/10\/Logo-adriana-Santacruz-NEGRO.png\",\"width\":400,\"height\":38,\"caption\":\"Adriana Santacruz\"},\"image\":{\"@id\":\"https:\/\/adrianasantacruz.com\/#\/schema\/logo\/image\/\"},\"sameAs\":[\"https:\/\/www.facebook.com\/santacruz.adriana\/\",\"https:\/\/www.instagram.com\/byadrianasantacruz\",\"https:\/\/es.wikipedia.org\/wiki\/Adriana_Santacruz\"]}]}<\/script>\n<!-- \/ Yoast SEO plugin. -->","yoast_head_json":{"title":"- Adriana Santacruz","description":"Ruanas | Ponchos | prendas elaboradas en telar, con t\u00e9cnicas artesanales ind\u00edgenas.","robots":{"index":"index","follow":"follow","max-snippet":"max-snippet:-1","max-image-preview":"max-image-preview:large","max-video-preview":"max-video-preview:-1"},"canonical":"https:\/\/adrianasantacruz.com\/en\/contacto\/","og_locale":"en_US","og_type":"article","og_title":"- Adriana Santacruz","og_description":"Ruanas | Ponchos | prendas elaboradas en telar, con t\u00e9cnicas artesanales ind\u00edgenas.","og_url":"https:\/\/adrianasantacruz.com\/en\/contacto\/","og_site_name":"Adriana Santacruz","article_publisher":"https:\/\/www.facebook.com\/santacruz.adriana\/","article_modified_time":"2025-03-17T19:28:10+00:00","og_image":[{"width":734,"height":474,"url":"https:\/\/adrianasantacruz.com\/wp-content\/uploads\/2020\/11\/contacto.jpg","type":"image\/jpeg"}],"twitter_card":"summary_large_image","twitter_misc":{"Est. reading time":"1 minute"},"schema":{"@context":"https:\/\/schema.org","@graph":[{"@type":"WebPage","@id":"https:\/\/adrianasantacruz.com\/contacto\/","url":"https:\/\/adrianasantacruz.com\/contacto\/","name":"- Adriana Santacruz","isPartOf":{"@id":"https:\/\/adrianasantacruz.com\/#website"},"primaryImageOfPage":{"@id":"https:\/\/adrianasantacruz.com\/contacto\/#primaryimage"},"image":{"@id":"https:\/\/adrianasantacruz.com\/contacto\/#primaryimage"},"thumbnailUrl":"http:\/\/adrianasantacruz.com\/wp-content\/uploads\/2020\/11\/contacto.jpg","datePublished":"2017-06-27T06:20:05+00:00","dateModified":"2025-03-17T19:28:10+00:00","description":"Ruanas | Ponchos | prendas elaboradas en telar, con t\u00e9cnicas artesanales ind\u00edgenas.","breadcrumb":{"@id":"https:\/\/adrianasantacruz.com\/contacto\/#breadcrumb"},"inLanguage":"en-US","potentialAction":[{"@type":"ReadAction","target":["https:\/\/adrianasantacruz.com\/contacto\/"]}]},{"@type":"ImageObject","inLanguage":"en-US","@id":"https:\/\/adrianasantacruz.com\/contacto\/#primaryimage","url":"http:\/\/adrianasantacruz.com\/wp-content\/uploads\/2020\/11\/contacto.jpg","contentUrl":"http:\/\/adrianasantacruz.com\/wp-content\/uploads\/2020\/11\/contacto.jpg"},{"@type":"BreadcrumbList","@id":"https:\/\/adrianasantacruz.com\/contacto\/#breadcrumb","itemListElement":[{"@type":"ListItem","position":1,"name":"Portada","item":"https:\/\/adrianasantacruz.com\/"},{"@type":"ListItem","position":2,"name":"Contacto"}]},{"@type":"WebSite","@id":"https:\/\/adrianasantacruz.com\/#website","url":"https:\/\/adrianasantacruz.com\/","name":"Adriana Santacruz","description":"Ruanas Tejidas | Telar ind\u00edgena precolombino","publisher":{"@id":"https:\/\/adrianasantacruz.com\/#organization"},"potentialAction":[{"@type":"SearchAction","target":{"@type":"EntryPoint","urlTemplate":"https:\/\/adrianasantacruz.com\/?s={search_term_string}"},"query-input":{"@type":"PropertyValueSpecification","valueRequired":true,"valueName":"search_term_string"}}],"inLanguage":"en-US"},{"@type":"Organization","@id":"https:\/\/adrianasantacruz.com\/#organization","name":"Adriana Santacruz","url":"https:\/\/adrianasantacruz.com\/","logo":{"@type":"ImageObject","inLanguage":"en-US","@id":"https:\/\/adrianasantacruz.com\/#\/schema\/logo\/image\/","url":"http:\/\/adrianasantacruz.com\/wp-content\/uploads\/2020\/10\/Logo-adriana-Santacruz-NEGRO.png","contentUrl":"http:\/\/adrianasantacruz.com\/wp-content\/uploads\/2020\/10\/Logo-adriana-Santacruz-NEGRO.png","width":400,"height":38,"caption":"Adriana Santacruz"},"image":{"@id":"https:\/\/adrianasantacruz.com\/#\/schema\/logo\/image\/"},"sameAs":["https:\/\/www.facebook.com\/santacruz.adriana\/","https:\/\/www.instagram.com\/byadrianasantacruz","https:\/\/es.wikipedia.org\/wiki\/Adriana_Santacruz"]}]}},"_links":{"self":[{"href":"https:\/\/adrianasantacruz.com\/en\/wp-json\/wp\/v2\/pages\/651","targetHints":{"allow":["GET"]}}],"collection":[{"href":"https:\/\/adrianasantacruz.com\/en\/wp-json\/wp\/v2\/pages"}],"about":[{"href":"https:\/\/adrianasantacruz.com\/en\/wp-json\/wp\/v2\/types\/page"}],"author":[{"embeddable":true,"href":"https:\/\/adrianasantacruz.com\/en\/wp-json\/wp\/v2\/users\/1"}],"replies":[{"embeddable":true,"href":"https:\/\/adrianasantacruz.com\/en\/wp-json\/wp\/v2\/comments?post=651"}],"version-history":[{"count":0,"href":"https:\/\/adrianasantacruz.com\/en\/wp-json\/wp\/v2\/pages\/651\/revisions"}],"wp:attachment":[{"href":"https:\/\/adrianasantacruz.com\/en\/wp-json\/wp\/v2\/media?parent=651"}],"curies":[{"name":"wp","href":"https:\/\/api.w.org\/{rel}","templated":true}]}}