{"id":850,"date":"2017-07-13T07:19:33","date_gmt":"2017-07-13T07:19:33","guid":{"rendered":"http:\/\/dummy.xtemos.com\/woodmart-elementor\/demos\/?page_id=850"},"modified":"2024-11-29T15:24:35","modified_gmt":"2024-11-29T20:24:35","slug":"nosotros","status":"publish","type":"page","link":"https:\/\/adrianasantacruz.com\/en\/nosotros\/","title":{"rendered":"About"},"content":{"rendered":"<div data-elementor-type=\"wp-page\" data-elementor-id=\"850\" class=\"elementor elementor-850\" data-elementor-post-type=\"page\">\n\t\t\t\t\t\t<section class=\"elementor-section elementor-top-section elementor-element elementor-element-5915214 wd-section-stretch-content elementor-section-boxed elementor-section-height-default elementor-section-height-default\" data-id=\"5915214\" data-element_type=\"section\" data-e-type=\"section\">\n\t\t\t\t\t\t<div class=\"elementor-container elementor-column-gap-no\">\n\t\t\t\t\t<div class=\"elementor-column elementor-col-50 elementor-top-column elementor-element elementor-element-1806576\" data-id=\"1806576\" data-element_type=\"column\" data-e-type=\"column\">\n\t\t\t<div class=\"elementor-widget-wrap elementor-element-populated\">\n\t\t\t\t\t\t<div class=\"elementor-element elementor-element-1cfae05 elementor-widget elementor-widget-image\" data-id=\"1cfae05\" data-element_type=\"widget\" data-e-type=\"widget\" data-widget_type=\"image.default\">\n\t\t\t\t\t\t\t\t\t\t\t\t\t\t\t<img loading=\"lazy\" decoding=\"async\" width=\"540\" height=\"406\" src=\"https:\/\/adrianasantacruz.com\/wp-content\/uploads\/2020\/11\/fotobioadriana.jpg\" class=\"attachment-full size-full wp-image-9232\" alt=\"Foto Adriana Santacruz\" srcset=\"https:\/\/adrianasantacruz.com\/wp-content\/uploads\/2020\/11\/fotobioadriana.jpg 540w, https:\/\/adrianasantacruz.com\/wp-content\/uploads\/2020\/11\/fotobioadriana-16x12.jpg 16w, https:\/\/adrianasantacruz.com\/wp-content\/uploads\/2020\/11\/fotobioadriana-300x226.jpg 300w\" sizes=\"auto, (max-width: 540px) 100vw, 540px\" \/>\t\t\t\t\t\t\t\t\t\t\t\t\t\t\t<\/div>\n\t\t\t\t<div class=\"elementor-element elementor-element-fee822a elementor-widget elementor-widget-image\" data-id=\"fee822a\" data-element_type=\"widget\" data-e-type=\"widget\" data-widget_type=\"image.default\">\n\t\t\t\t\t\t\t\t\t\t\t\t\t\t\t<img loading=\"lazy\" decoding=\"async\" width=\"1002\" height=\"434\" src=\"https:\/\/adrianasantacruz.com\/wp-content\/uploads\/2020\/11\/coleccion.jpg\" class=\"attachment-full size-full wp-image-9415\" alt=\"\" srcset=\"https:\/\/adrianasantacruz.com\/wp-content\/uploads\/2020\/11\/coleccion.jpg 1002w, https:\/\/adrianasantacruz.com\/wp-content\/uploads\/2020\/11\/coleccion-18x8.jpg 18w, https:\/\/adrianasantacruz.com\/wp-content\/uploads\/2020\/11\/coleccion-300x130.jpg 300w, https:\/\/adrianasantacruz.com\/wp-content\/uploads\/2020\/11\/coleccion-768x333.jpg 768w, https:\/\/adrianasantacruz.com\/wp-content\/uploads\/2020\/11\/coleccion-1000x433.jpg 1000w\" sizes=\"auto, (max-width: 1002px) 100vw, 1002px\" \/>\t\t\t\t\t\t\t\t\t\t\t\t\t\t\t<\/div>\n\t\t\t\t<div class=\"elementor-element elementor-element-6937a37 elementor-widget elementor-widget-image\" data-id=\"6937a37\" data-element_type=\"widget\" data-e-type=\"widget\" data-widget_type=\"image.default\">\n\t\t\t\t\t\t\t\t\t\t\t\t\t\t\t<img loading=\"lazy\" decoding=\"async\" width=\"1920\" height=\"1281\" src=\"https:\/\/adrianasantacruz.com\/wp-content\/uploads\/2024\/11\/ADRIANA-SANTACRUZ-NOSOTROS.jpg\" class=\"attachment-full size-full wp-image-12208\" alt=\"\" srcset=\"https:\/\/adrianasantacruz.com\/wp-content\/uploads\/2024\/11\/ADRIANA-SANTACRUZ-NOSOTROS.jpg 1920w, https:\/\/adrianasantacruz.com\/wp-content\/uploads\/2024\/11\/ADRIANA-SANTACRUZ-NOSOTROS-300x200.jpg 300w, https:\/\/adrianasantacruz.com\/wp-content\/uploads\/2024\/11\/ADRIANA-SANTACRUZ-NOSOTROS-1024x683.jpg 1024w, https:\/\/adrianasantacruz.com\/wp-content\/uploads\/2024\/11\/ADRIANA-SANTACRUZ-NOSOTROS-768x512.jpg 768w, https:\/\/adrianasantacruz.com\/wp-content\/uploads\/2024\/11\/ADRIANA-SANTACRUZ-NOSOTROS-1536x1025.jpg 1536w, https:\/\/adrianasantacruz.com\/wp-content\/uploads\/2024\/11\/ADRIANA-SANTACRUZ-NOSOTROS-18x12.jpg 18w, https:\/\/adrianasantacruz.com\/wp-content\/uploads\/2024\/11\/ADRIANA-SANTACRUZ-NOSOTROS-1000x667.jpg 1000w\" sizes=\"auto, (max-width: 1920px) 100vw, 1920px\" \/>\t\t\t\t\t\t\t\t\t\t\t\t\t\t\t<\/div>\n\t\t\t\t\t<\/div>\n\t\t<\/div>\n\t\t\t\t<div class=\"elementor-column elementor-col-50 elementor-top-column elementor-element elementor-element-5876985 wd-elementor-sticky-column wd_sticky_offset_150\" data-id=\"5876985\" data-element_type=\"column\" data-e-type=\"column\">\n\t\t\t<div class=\"elementor-widget-wrap elementor-element-populated\">\n\t\t\t\t\t\t<div class=\"elementor-element elementor-element-6535372 elementor-widget elementor-widget-wd_title\" data-id=\"6535372\" data-element_type=\"widget\" data-e-type=\"widget\" data-widget_type=\"wd_title.default\">\n\t\t\t\t<div class=\"elementor-widget-container\">\n\t\t\t\t\t\t\t<div class=\"title-wrapper woodmart-title-color-default woodmart-title-style-default woodmart-title-size-extra-large text-left\">\n\n\t\t\t\n\t\t\t<div class=\"liner-continer\">\n\t\t\t\t<span class=\"left-line\"><\/span>\n\n\t\t\t\t<h4 class=\"woodmart-title-container title\">\n\t\t\t\t\tAbout Adriana Santacruz\t\t\t\t<\/h4>\n\n\t\t\t\t\n\t\t\t\t<span class=\"right-line\"><\/span>\n\t\t\t<\/div>\n\n\t\t\t\t\t<\/div>\n\t\t\t\t\t\t<\/div>\n\t\t\t\t<\/div>\n\t\t\t\t<div class=\"elementor-element elementor-element-933910 color-scheme-inherit text-left elementor-widget elementor-widget-text-editor\" data-id=\"933910\" data-element_type=\"widget\" data-e-type=\"widget\" data-widget_type=\"text-editor.default\">\n\t\t\t\t\t\t\t\t\t<p>Get to know more about Adriana Santacruz:<\/p><h5>Story:<\/h5><p>Desde 1999, Adriana Santacruz ha emprendido un viaje hacia la innovaci\u00f3n en el dise\u00f1o de moda, inspirado en el origen y la riqueza cultural de Colombia. Este proceso comenz\u00f3, por lo tanto, con un encuentro significativo junto a mujeres artesanas descendientes de \u00abLos Pastos\u00bb, una de las culturas m\u00e1s emblem\u00e1ticas de la Colombia precolombina. De este modo, Adriana explor\u00f3 t\u00e9cnicas y saberes ancestrales. Como resultado, cre\u00f3 una propuesta de moda que une arte y energ\u00eda en cada pieza.<\/p><h5>Masterpiece<\/h5><p>On the other hand, Adriana Santacruz's work is clearly distinguished by its balance between form and color. Furthermore, her designs blend spirituality with sophistication. Her garments, timeless in nature, reflect a lifestyle in harmony with nature while also promoting sustainability. This brand is aimed at the avant-garde, contemporary woman who sees fashion as an expression of luxury and versatility.<\/p><h5>Awards<\/h5><p>Adriana Santacruz has also been recognized and awarded by renowned institutions such as the Instituto Marangoni in Milan, Vogue, and other international platforms. She has received support from the Colombian government, further solidifying her place in the fashion world. She defines her style as \"abstract art,\" an approach that, on one hand, combines the lightness of constructivism and, on the other, a profound spiritual connection. In this way, each garment becomes a luxury piece that highlights natural beauty, inviting women to dress with sophistication and an elegance that transcends both time and trends.<\/p><h5>More info:<\/h5><p>To learn more about Adriana Santacruz, you can follow us on our social media platforms or visit our showrooms: in Bogot\u00e1, located at CL 68 # 4a-08, Zona G, or in Pasto, at KM 7 Altos de Daza, northbound.<\/p>\t\t\t\t\t\t\t\t<\/div>\n\t\t\t\t<div class=\"elementor-element elementor-element-8d7b69c elementor-shape-circle elementor-grid-0 e-grid-align-center elementor-widget elementor-widget-social-icons\" data-id=\"8d7b69c\" data-element_type=\"widget\" data-e-type=\"widget\" data-widget_type=\"social-icons.default\">\n\t\t\t\t\t\t\t<div class=\"elementor-social-icons-wrapper elementor-grid\" role=\"list\">\n\t\t\t\t\t\t\t<span class=\"elementor-grid-item\" role=\"listitem\">\n\t\t\t\t\t<a class=\"elementor-icon elementor-social-icon elementor-social-icon-instagram elementor-repeater-item-e60870e\" href=\"https:\/\/www.instagram.com\/byadrianasantacruz\/\" target=\"_blank\">\n\t\t\t\t\t\t<span class=\"elementor-screen-only\">Instagram<\/span>\n\t\t\t\t\t\t<i aria-hidden=\"true\" class=\"fab fa-instagram\"><\/i>\t\t\t\t\t<\/a>\n\t\t\t\t<\/span>\n\t\t\t\t\t\t\t<span class=\"elementor-grid-item\" role=\"listitem\">\n\t\t\t\t\t<a class=\"elementor-icon elementor-social-icon elementor-social-icon-facebook elementor-repeater-item-1a199d3\" href=\"https:\/\/www.facebook.com\/santacruz.adriana\" target=\"_blank\">\n\t\t\t\t\t\t<span class=\"elementor-screen-only\">Facebook<\/span>\n\t\t\t\t\t\t<i aria-hidden=\"true\" class=\"fab fa-facebook\"><\/i>\t\t\t\t\t<\/a>\n\t\t\t\t<\/span>\n\t\t\t\t\t<\/div>\n\t\t\t\t\t\t<\/div>\n\t\t\t\t<div class=\"elementor-element elementor-element-94e31e2 color-scheme-inherit text-left elementor-widget elementor-widget-text-editor\" data-id=\"94e31e2\" data-element_type=\"widget\" data-e-type=\"widget\" data-widget_type=\"text-editor.default\">\n\t\t\t\t\t\t\t\t\t<p>If you want to learn more about the latest from Adriana Santacruz, click here to:<\/p>\t\t\t\t\t\t\t\t<\/div>\n\t\t\t\t<div class=\"elementor-element elementor-element-5bc550d elementor-widget elementor-widget-wd_button\" data-id=\"5bc550d\" data-element_type=\"widget\" data-e-type=\"widget\" data-widget_type=\"wd_button.default\">\n\t\t\t\t<div class=\"elementor-widget-container\">\n\t\t\t\t\t\t\t<div class=\"woodmart-button-wrapper text-center\" >\n\t\t\t<a class=\"btn btn-style-3d btn-shape-rectangle btn-size-large btn-color-primary btn-icon-pos-right\"  href=\"https:\/\/adrianasantacruz.com\/en\/coleccion-autumn-winter-2024-2025\/\">\n\t\t\t\t<span class=\"wd-btn-text\" data-elementor-setting-key=\"text\">\n\t\t\t\t\tEXPLORE COLLECTION\t\t\t\t<\/span>\n\n\t\t\t\t\t\t\t<\/a>\n\t\t<\/div>\n\t\t\t\t\t\t<\/div>\n\t\t\t\t<\/div>\n\t\t\t\t\t<\/div>\n\t\t<\/div>\n\t\t\t\t\t<\/div>\n\t\t<\/section>\n\t\t\t\t<section class=\"elementor-section elementor-top-section elementor-element elementor-element-8947b6e elementor-section-boxed elementor-section-height-default elementor-section-height-default wd-section-disabled\" data-id=\"8947b6e\" data-element_type=\"section\" data-e-type=\"section\">\n\t\t\t\t\t\t<div class=\"elementor-container elementor-column-gap-default\">\n\t\t\t\t\t<div class=\"elementor-column elementor-col-100 elementor-top-column elementor-element elementor-element-a99b549\" data-id=\"a99b549\" data-element_type=\"column\" data-e-type=\"column\">\n\t\t\t<div class=\"elementor-widget-wrap elementor-element-populated\">\n\t\t\t\t\t\t<div class=\"elementor-element elementor-element-d20b7c4 elementor-widget elementor-widget-wd_title\" data-id=\"d20b7c4\" data-element_type=\"widget\" data-e-type=\"widget\" data-widget_type=\"wd_title.default\">\n\t\t\t\t<div class=\"elementor-widget-container\">\n\t\t\t\t\t\t\t<div class=\"title-wrapper woodmart-title-color-default woodmart-title-style-default woodmart-title-size-extra-large text-center\">\n\n\t\t\t\n\t\t\t<div class=\"liner-continer\">\n\t\t\t\t<span class=\"left-line\"><\/span>\n\n\t\t\t\t<h4 class=\"woodmart-title-container title\">\n\t\t\t\t\tAbout Adriana Santacruz\t\t\t\t<\/h4>\n\n\t\t\t\t\n\t\t\t\t<span class=\"right-line\"><\/span>\n\t\t\t<\/div>\n\n\t\t\t\t\t<\/div>\n\t\t\t\t\t\t<\/div>\n\t\t\t\t<\/div>\n\t\t\t\t\t<\/div>\n\t\t<\/div>\n\t\t\t\t\t<\/div>\n\t\t<\/section>\n\t\t\t\t<section class=\"elementor-section elementor-top-section elementor-element elementor-element-cbeff88 elementor-section-full_width elementor-section-height-default elementor-section-height-default wd-section-disabled\" data-id=\"cbeff88\" data-element_type=\"section\" data-e-type=\"section\">\n\t\t\t\t\t\t<div class=\"elementor-container elementor-column-gap-default\">\n\t\t\t\t\t<div class=\"elementor-column elementor-col-100 elementor-top-column elementor-element elementor-element-743e225\" data-id=\"743e225\" data-element_type=\"column\" data-e-type=\"column\" data-settings=\"{&quot;background_background&quot;:&quot;classic&quot;}\">\n\t\t\t<div class=\"elementor-widget-wrap elementor-element-populated\">\n\t\t\t\t\t\t<div class=\"elementor-element elementor-element-44990bf elementor-widget elementor-widget-video\" data-id=\"44990bf\" data-element_type=\"widget\" data-e-type=\"widget\" data-settings=\"{&quot;video_type&quot;:&quot;hosted&quot;,&quot;show_image_overlay&quot;:&quot;yes&quot;,&quot;image_overlay&quot;:{&quot;url&quot;:&quot;http:\\\/\\\/adrianasantacruz.com\\\/wp-content\\\/uploads\\\/2020\\\/11\\\/tienda.jpg&quot;,&quot;id&quot;:9632,&quot;size&quot;:&quot;&quot;,&quot;alt&quot;:&quot;&quot;,&quot;source&quot;:&quot;library&quot;},&quot;controls&quot;:&quot;yes&quot;}\" data-widget_type=\"video.default\">\n\t\t\t\t\t\t\t<div class=\"e-hosted-video elementor-wrapper elementor-open-inline\">\n\t\t\t\t\t<video class=\"elementor-video\" src=\"http:\/\/adrianasantacruz.com\/wp-content\/uploads\/2020\/11\/ADRIANA-SANTACRUZ.mp4\" controls=\"\" preload=\"metadata\" controlslist=\"nodownload\"><\/video>\n\t\t\t\t\t\t<div class=\"elementor-custom-embed-image-overlay\" style=\"background-image: url(https:\/\/adrianasantacruz.com\/wp-content\/uploads\/2020\/11\/tienda.jpg);\">\n\t\t\t\t\t\t\t\t\t\t\t\t\t\t\t\t<div class=\"elementor-custom-embed-play\" role=\"button\" aria-label=\"Play Video\" tabindex=\"0\" data-no-translation-aria-label=\"\">\n\t\t\t\t\t\t\t<i aria-hidden=\"true\" class=\"eicon-play\"><\/i>\t\t\t\t\t\t<\/div>\n\t\t\t\t\t\t\t\t\t<\/div>\n\t\t\t\t\t<\/div>\n\t\t\t\t\t\t<\/div>\n\t\t\t\t\t<\/div>\n\t\t<\/div>\n\t\t\t\t\t<\/div>\n\t\t<\/section>\n\t\t\t\t<section class=\"elementor-section elementor-top-section elementor-element elementor-element-0266b27 elementor-section-boxed elementor-section-height-default elementor-section-height-default wd-section-disabled\" data-id=\"0266b27\" data-element_type=\"section\" data-e-type=\"section\">\n\t\t\t\t\t\t<div class=\"elementor-container elementor-column-gap-default\">\n\t\t\t\t\t<div class=\"elementor-column elementor-col-100 elementor-top-column elementor-element elementor-element-1d6f940\" data-id=\"1d6f940\" data-element_type=\"column\" data-e-type=\"column\">\n\t\t\t<div class=\"elementor-widget-wrap elementor-element-populated\">\n\t\t\t\t\t\t<div class=\"elementor-element elementor-element-bb7adfc elementor-widget elementor-widget-breadcrumbs\" data-id=\"bb7adfc\" data-element_type=\"widget\" data-e-type=\"widget\" data-widget_type=\"breadcrumbs.default\">\n\t\t\t\t\t<p id=\"breadcrumbs\"><span><span><a href=\"https:\/\/adrianasantacruz.com\/en\/\">Portada<\/a><\/span><\/span><\/p>\t\t\t\t<\/div>\n\t\t\t\t\t<\/div>\n\t\t<\/div>\n\t\t\t\t\t<\/div>\n\t\t<\/section>\n\t\t\t\t<\/div>","protected":false},"excerpt":{"rendered":"<p>Acerca de Adriana Santacruz Conoce m\u00e1s acerca de Adriana Santacruz: Historia: Desde 1999, Adriana Santacruz ha emprendido un viaje hacia<\/p>","protected":false},"author":1,"featured_media":0,"parent":0,"menu_order":0,"comment_status":"closed","ping_status":"closed","template":"","meta":{"_monsterinsights_skip_tracking":false,"_monsterinsights_sitenote_active":false,"_monsterinsights_sitenote_note":"","_monsterinsights_sitenote_category":0,"_joinchat":[],"footnotes":""},"class_list":["post-850","page","type-page","status-publish","hentry"],"yoast_head":"<!-- This site is optimized with the Yoast SEO plugin v25.2 - https:\/\/yoast.com\/wordpress\/plugins\/seo\/ -->\n<title>Acerca de Adriana Santacruz | Dise\u00f1o | Moda | Espiritualidad<\/title>\n<meta name=\"description\" content=\"Acerca de Adriana Santacruz. Acerca de nosotros. Prendas elaboradas en telar, con t\u00e9cnicas artesanales ind\u00edgenas. Moda y Dise\u00f1o contempor\u00e1neo\" \/>\n<meta name=\"robots\" content=\"index, follow, max-snippet:-1, max-image-preview:large, max-video-preview:-1\" \/>\n<link rel=\"canonical\" href=\"https:\/\/adrianasantacruz.com\/en\/nosotros\/\" \/>\n<meta property=\"og:locale\" content=\"en_US\" \/>\n<meta property=\"og:type\" content=\"article\" \/>\n<meta property=\"og:title\" content=\"Acerca de Adriana Santacruz | Dise\u00f1o | Moda | Espiritualidad\" \/>\n<meta property=\"og:description\" content=\"Acerca de Adriana Santacruz. Acerca de nosotros. Prendas elaboradas en telar, con t\u00e9cnicas artesanales ind\u00edgenas. Moda y Dise\u00f1o contempor\u00e1neo\" \/>\n<meta property=\"og:url\" content=\"https:\/\/adrianasantacruz.com\/en\/nosotros\/\" \/>\n<meta property=\"og:site_name\" content=\"Adriana Santacruz\" \/>\n<meta property=\"article:publisher\" content=\"https:\/\/www.facebook.com\/santacruz.adriana\/\" \/>\n<meta property=\"article:modified_time\" content=\"2024-11-29T20:24:35+00:00\" \/>\n<meta property=\"og:image\" content=\"http:\/\/adrianasantacruz.com\/wp-content\/uploads\/2020\/11\/fotobioadriana.jpg\" \/>\n<meta name=\"twitter:card\" content=\"summary_large_image\" \/>\n<meta name=\"twitter:label1\" content=\"Est. reading time\" \/>\n\t<meta name=\"twitter:data1\" content=\"3 minutes\" \/>\n<script type=\"application\/ld+json\" class=\"yoast-schema-graph\">{\"@context\":\"https:\/\/schema.org\",\"@graph\":[{\"@type\":\"WebPage\",\"@id\":\"https:\/\/adrianasantacruz.com\/nosotros\/\",\"url\":\"https:\/\/adrianasantacruz.com\/nosotros\/\",\"name\":\"Acerca de Adriana Santacruz | Dise\u00f1o | Moda | Espiritualidad\",\"isPartOf\":{\"@id\":\"https:\/\/adrianasantacruz.com\/#website\"},\"primaryImageOfPage\":{\"@id\":\"https:\/\/adrianasantacruz.com\/nosotros\/#primaryimage\"},\"image\":{\"@id\":\"https:\/\/adrianasantacruz.com\/nosotros\/#primaryimage\"},\"thumbnailUrl\":\"http:\/\/adrianasantacruz.com\/wp-content\/uploads\/2020\/11\/fotobioadriana.jpg\",\"datePublished\":\"2017-07-13T07:19:33+00:00\",\"dateModified\":\"2024-11-29T20:24:35+00:00\",\"description\":\"Acerca de Adriana Santacruz. Acerca de nosotros. Prendas elaboradas en telar, con t\u00e9cnicas artesanales ind\u00edgenas. Moda y Dise\u00f1o contempor\u00e1neo\",\"breadcrumb\":{\"@id\":\"https:\/\/adrianasantacruz.com\/nosotros\/#breadcrumb\"},\"inLanguage\":\"en-US\",\"potentialAction\":[{\"@type\":\"ReadAction\",\"target\":[\"https:\/\/adrianasantacruz.com\/nosotros\/\"]}]},{\"@type\":\"ImageObject\",\"inLanguage\":\"en-US\",\"@id\":\"https:\/\/adrianasantacruz.com\/nosotros\/#primaryimage\",\"url\":\"http:\/\/adrianasantacruz.com\/wp-content\/uploads\/2020\/11\/fotobioadriana.jpg\",\"contentUrl\":\"http:\/\/adrianasantacruz.com\/wp-content\/uploads\/2020\/11\/fotobioadriana.jpg\"},{\"@type\":\"BreadcrumbList\",\"@id\":\"https:\/\/adrianasantacruz.com\/nosotros\/#breadcrumb\",\"itemListElement\":[{\"@type\":\"ListItem\",\"position\":1,\"name\":\"Portada\",\"item\":\"https:\/\/adrianasantacruz.com\/\"},{\"@type\":\"ListItem\",\"position\":2,\"name\":\"Nosotros\"}]},{\"@type\":\"WebSite\",\"@id\":\"https:\/\/adrianasantacruz.com\/#website\",\"url\":\"https:\/\/adrianasantacruz.com\/\",\"name\":\"Adriana Santacruz\",\"description\":\"Ruanas Tejidas | Telar ind\u00edgena precolombino\",\"publisher\":{\"@id\":\"https:\/\/adrianasantacruz.com\/#organization\"},\"potentialAction\":[{\"@type\":\"SearchAction\",\"target\":{\"@type\":\"EntryPoint\",\"urlTemplate\":\"https:\/\/adrianasantacruz.com\/?s={search_term_string}\"},\"query-input\":{\"@type\":\"PropertyValueSpecification\",\"valueRequired\":true,\"valueName\":\"search_term_string\"}}],\"inLanguage\":\"en-US\"},{\"@type\":\"Organization\",\"@id\":\"https:\/\/adrianasantacruz.com\/#organization\",\"name\":\"Adriana Santacruz\",\"url\":\"https:\/\/adrianasantacruz.com\/\",\"logo\":{\"@type\":\"ImageObject\",\"inLanguage\":\"en-US\",\"@id\":\"https:\/\/adrianasantacruz.com\/#\/schema\/logo\/image\/\",\"url\":\"http:\/\/adrianasantacruz.com\/wp-content\/uploads\/2020\/10\/Logo-adriana-Santacruz-NEGRO.png\",\"contentUrl\":\"http:\/\/adrianasantacruz.com\/wp-content\/uploads\/2020\/10\/Logo-adriana-Santacruz-NEGRO.png\",\"width\":400,\"height\":38,\"caption\":\"Adriana Santacruz\"},\"image\":{\"@id\":\"https:\/\/adrianasantacruz.com\/#\/schema\/logo\/image\/\"},\"sameAs\":[\"https:\/\/www.facebook.com\/santacruz.adriana\/\",\"https:\/\/www.instagram.com\/byadrianasantacruz\",\"https:\/\/es.wikipedia.org\/wiki\/Adriana_Santacruz\"]}]}<\/script>\n<!-- \/ Yoast SEO plugin. -->","yoast_head_json":{"title":"Acerca de Adriana Santacruz | Dise\u00f1o | Moda | Espiritualidad","description":"Acerca de Adriana Santacruz. Acerca de nosotros. Prendas elaboradas en telar, con t\u00e9cnicas artesanales ind\u00edgenas. Moda y Dise\u00f1o contempor\u00e1neo","robots":{"index":"index","follow":"follow","max-snippet":"max-snippet:-1","max-image-preview":"max-image-preview:large","max-video-preview":"max-video-preview:-1"},"canonical":"https:\/\/adrianasantacruz.com\/en\/nosotros\/","og_locale":"en_US","og_type":"article","og_title":"Acerca de Adriana Santacruz | Dise\u00f1o | Moda | Espiritualidad","og_description":"Acerca de Adriana Santacruz. Acerca de nosotros. Prendas elaboradas en telar, con t\u00e9cnicas artesanales ind\u00edgenas. Moda y Dise\u00f1o contempor\u00e1neo","og_url":"https:\/\/adrianasantacruz.com\/en\/nosotros\/","og_site_name":"Adriana Santacruz","article_publisher":"https:\/\/www.facebook.com\/santacruz.adriana\/","article_modified_time":"2024-11-29T20:24:35+00:00","og_image":[{"url":"http:\/\/adrianasantacruz.com\/wp-content\/uploads\/2020\/11\/fotobioadriana.jpg","type":"","width":"","height":""}],"twitter_card":"summary_large_image","twitter_misc":{"Est. reading time":"3 minutes"},"schema":{"@context":"https:\/\/schema.org","@graph":[{"@type":"WebPage","@id":"https:\/\/adrianasantacruz.com\/nosotros\/","url":"https:\/\/adrianasantacruz.com\/nosotros\/","name":"Acerca de Adriana Santacruz | Dise\u00f1o | Moda | Espiritualidad","isPartOf":{"@id":"https:\/\/adrianasantacruz.com\/#website"},"primaryImageOfPage":{"@id":"https:\/\/adrianasantacruz.com\/nosotros\/#primaryimage"},"image":{"@id":"https:\/\/adrianasantacruz.com\/nosotros\/#primaryimage"},"thumbnailUrl":"http:\/\/adrianasantacruz.com\/wp-content\/uploads\/2020\/11\/fotobioadriana.jpg","datePublished":"2017-07-13T07:19:33+00:00","dateModified":"2024-11-29T20:24:35+00:00","description":"Acerca de Adriana Santacruz. Acerca de nosotros. Prendas elaboradas en telar, con t\u00e9cnicas artesanales ind\u00edgenas. Moda y Dise\u00f1o contempor\u00e1neo","breadcrumb":{"@id":"https:\/\/adrianasantacruz.com\/nosotros\/#breadcrumb"},"inLanguage":"en-US","potentialAction":[{"@type":"ReadAction","target":["https:\/\/adrianasantacruz.com\/nosotros\/"]}]},{"@type":"ImageObject","inLanguage":"en-US","@id":"https:\/\/adrianasantacruz.com\/nosotros\/#primaryimage","url":"http:\/\/adrianasantacruz.com\/wp-content\/uploads\/2020\/11\/fotobioadriana.jpg","contentUrl":"http:\/\/adrianasantacruz.com\/wp-content\/uploads\/2020\/11\/fotobioadriana.jpg"},{"@type":"BreadcrumbList","@id":"https:\/\/adrianasantacruz.com\/nosotros\/#breadcrumb","itemListElement":[{"@type":"ListItem","position":1,"name":"Portada","item":"https:\/\/adrianasantacruz.com\/"},{"@type":"ListItem","position":2,"name":"Nosotros"}]},{"@type":"WebSite","@id":"https:\/\/adrianasantacruz.com\/#website","url":"https:\/\/adrianasantacruz.com\/","name":"Adriana Santacruz","description":"Ruanas Tejidas | Telar ind\u00edgena precolombino","publisher":{"@id":"https:\/\/adrianasantacruz.com\/#organization"},"potentialAction":[{"@type":"SearchAction","target":{"@type":"EntryPoint","urlTemplate":"https:\/\/adrianasantacruz.com\/?s={search_term_string}"},"query-input":{"@type":"PropertyValueSpecification","valueRequired":true,"valueName":"search_term_string"}}],"inLanguage":"en-US"},{"@type":"Organization","@id":"https:\/\/adrianasantacruz.com\/#organization","name":"Adriana Santacruz","url":"https:\/\/adrianasantacruz.com\/","logo":{"@type":"ImageObject","inLanguage":"en-US","@id":"https:\/\/adrianasantacruz.com\/#\/schema\/logo\/image\/","url":"http:\/\/adrianasantacruz.com\/wp-content\/uploads\/2020\/10\/Logo-adriana-Santacruz-NEGRO.png","contentUrl":"http:\/\/adrianasantacruz.com\/wp-content\/uploads\/2020\/10\/Logo-adriana-Santacruz-NEGRO.png","width":400,"height":38,"caption":"Adriana Santacruz"},"image":{"@id":"https:\/\/adrianasantacruz.com\/#\/schema\/logo\/image\/"},"sameAs":["https:\/\/www.facebook.com\/santacruz.adriana\/","https:\/\/www.instagram.com\/byadrianasantacruz","https:\/\/es.wikipedia.org\/wiki\/Adriana_Santacruz"]}]}},"_links":{"self":[{"href":"https:\/\/adrianasantacruz.com\/en\/wp-json\/wp\/v2\/pages\/850","targetHints":{"allow":["GET"]}}],"collection":[{"href":"https:\/\/adrianasantacruz.com\/en\/wp-json\/wp\/v2\/pages"}],"about":[{"href":"https:\/\/adrianasantacruz.com\/en\/wp-json\/wp\/v2\/types\/page"}],"author":[{"embeddable":true,"href":"https:\/\/adrianasantacruz.com\/en\/wp-json\/wp\/v2\/users\/1"}],"replies":[{"embeddable":true,"href":"https:\/\/adrianasantacruz.com\/en\/wp-json\/wp\/v2\/comments?post=850"}],"version-history":[{"count":0,"href":"https:\/\/adrianasantacruz.com\/en\/wp-json\/wp\/v2\/pages\/850\/revisions"}],"wp:attachment":[{"href":"https:\/\/adrianasantacruz.com\/en\/wp-json\/wp\/v2\/media?parent=850"}],"curies":[{"name":"wp","href":"https:\/\/api.w.org\/{rel}","templated":true}]}}