{"id":10391,"date":"2021-04-21T13:32:50","date_gmt":"2021-04-21T18:32:50","guid":{"rendered":"https:\/\/adrianasantacruz.com\/product\/paloma\/"},"modified":"2026-03-13T13:58:10","modified_gmt":"2026-03-13T18:58:10","slug":"paloma","status":"publish","type":"product","link":"https:\/\/adrianasantacruz.com\/en\/product\/paloma\/","title":{"rendered":"PALOMA"},"content":{"rendered":"<p>Front Length: 74 cm,\u00a0&nbsp;Back Length: 74 cm<\/p>","protected":false},"excerpt":{"rendered":"<p class=\"translation-block\">Unstructured jacket inspired by the pigeon, made in horizontal loom complemented with a symbolic and indigenous weaved belt to enhance your silhouette.<\/p>\n<p>One size fits all (Fits S, M,L)<\/p>\n<p>Front Length: 74 cm,\u00a0&nbsp;Back Length: 74 cm<\/p>\n<p>Wool 50%, Cotton 50%<\/p>\n<p>Dry clean, Do not use detergent<\/p>","protected":false},"featured_media":10302,"comment_status":"open","ping_status":"closed","template":"","meta":{"_monsterinsights_skip_tracking":false,"_monsterinsights_sitenote_active":false,"_monsterinsights_sitenote_note":"","_monsterinsights_sitenote_category":0,"_joinchat":[]},"product_brand":[],"product_cat":[193,66],"product_tag":[],"class_list":{"0":"post-10391","1":"product","2":"type-product","3":"status-publish","4":"has-post-thumbnail","6":"product_cat-all-seasons-2021","7":"product_cat-chaqueta","9":"first","10":"outofstock","11":"shipping-taxable","12":"purchasable","13":"product-type-simple"},"yoast_head":"<!-- This site is optimized with the Yoast SEO plugin v25.2 - https:\/\/yoast.com\/wordpress\/plugins\/seo\/ -->\n<title>PALOMA - Adriana Santacruz<\/title>\n<meta name=\"description\" content=\"PALOMA - Pieza desestructurada con amplios bolsillos, construida con pa\u00f1o de lana. Sus mangas son tejidas con algod\u00f3n en telares horizontales. Se ajusta al cuerpo por medio de un chumbe (faj\u00f3n en espa\u00f1ol andino) tejido en telar vertical.  Talla \u00fanica (apta para tallas S, M, L)  Largo Delantero: 74 cm,\u00a0\u00a0Largo Posterior: 74 cm  Lana 50%, Algod\u00f3n 50%  Lavado en seco. - prendas elaboradas en telar, con t\u00e9cnicas artesanales ind\u00edgenas.\" \/>\n<meta name=\"robots\" content=\"index, follow, max-snippet:-1, max-image-preview:large, max-video-preview:-1\" \/>\n<link rel=\"canonical\" href=\"https:\/\/adrianasantacruz.com\/en\/product\/paloma\/\" \/>\n<meta property=\"og:locale\" content=\"en_US\" \/>\n<meta property=\"og:type\" content=\"article\" \/>\n<meta property=\"og:title\" content=\"PALOMA - Adriana Santacruz\" \/>\n<meta property=\"og:description\" content=\"PALOMA - Pieza desestructurada con amplios bolsillos, construida con pa\u00f1o de lana. Sus mangas son tejidas con algod\u00f3n en telares horizontales. Se ajusta al cuerpo por medio de un chumbe (faj\u00f3n en espa\u00f1ol andino) tejido en telar vertical.  Talla \u00fanica (apta para tallas S, M, L)  Largo Delantero: 74 cm,\u00a0\u00a0Largo Posterior: 74 cm  Lana 50%, Algod\u00f3n 50%  Lavado en seco. - prendas elaboradas en telar, con t\u00e9cnicas artesanales ind\u00edgenas.\" \/>\n<meta property=\"og:url\" content=\"https:\/\/adrianasantacruz.com\/en\/product\/paloma\/\" \/>\n<meta property=\"og:site_name\" content=\"Adriana Santacruz\" \/>\n<meta property=\"article:publisher\" content=\"https:\/\/www.facebook.com\/santacruz.adriana\/\" \/>\n<meta property=\"article:modified_time\" content=\"2026-03-13T18:58:10+00:00\" \/>\n<meta property=\"og:image\" content=\"https:\/\/adrianasantacruz.com\/wp-content\/uploads\/2021\/04\/7.PALOMA2.jpg\" \/>\n\t<meta property=\"og:image:width\" content=\"800\" \/>\n\t<meta property=\"og:image:height\" content=\"1200\" \/>\n\t<meta property=\"og:image:type\" content=\"image\/jpeg\" \/>\n<meta name=\"twitter:card\" content=\"summary_large_image\" \/>\n<meta name=\"twitter:label1\" content=\"Est. reading time\" \/>\n\t<meta name=\"twitter:data1\" content=\"1 minute\" \/>\n<script type=\"application\/ld+json\" class=\"yoast-schema-graph\">{\"@context\":\"https:\/\/schema.org\",\"@graph\":[{\"@type\":\"WebPage\",\"@id\":\"https:\/\/adrianasantacruz.com\/product\/paloma\/\",\"url\":\"https:\/\/adrianasantacruz.com\/product\/paloma\/\",\"name\":\"PALOMA - Adriana Santacruz\",\"isPartOf\":{\"@id\":\"https:\/\/adrianasantacruz.com\/#website\"},\"primaryImageOfPage\":{\"@id\":\"https:\/\/adrianasantacruz.com\/product\/paloma\/#primaryimage\"},\"image\":{\"@id\":\"https:\/\/adrianasantacruz.com\/product\/paloma\/#primaryimage\"},\"thumbnailUrl\":\"https:\/\/adrianasantacruz.com\/wp-content\/uploads\/2021\/04\/7.PALOMA2.jpg\",\"datePublished\":\"2021-04-21T18:32:50+00:00\",\"dateModified\":\"2026-03-13T18:58:10+00:00\",\"description\":\"PALOMA - Pieza desestructurada con amplios bolsillos, construida con pa\u00f1o de lana. Sus mangas son tejidas con algod\u00f3n en telares horizontales. Se ajusta al cuerpo por medio de un chumbe (faj\u00f3n en espa\u00f1ol andino) tejido en telar vertical. Talla \u00fanica (apta para tallas S, M, L) Largo Delantero: 74 cm,\u00a0\u00a0Largo Posterior: 74 cm Lana 50%, Algod\u00f3n 50% Lavado en seco. - prendas elaboradas en telar, con t\u00e9cnicas artesanales ind\u00edgenas.\",\"breadcrumb\":{\"@id\":\"https:\/\/adrianasantacruz.com\/product\/paloma\/#breadcrumb\"},\"inLanguage\":\"en-US\",\"potentialAction\":[{\"@type\":\"ReadAction\",\"target\":[\"https:\/\/adrianasantacruz.com\/product\/paloma\/\"]}]},{\"@type\":\"ImageObject\",\"inLanguage\":\"en-US\",\"@id\":\"https:\/\/adrianasantacruz.com\/product\/paloma\/#primaryimage\",\"url\":\"https:\/\/adrianasantacruz.com\/wp-content\/uploads\/2021\/04\/7.PALOMA2.jpg\",\"contentUrl\":\"https:\/\/adrianasantacruz.com\/wp-content\/uploads\/2021\/04\/7.PALOMA2.jpg\",\"width\":800,\"height\":1200,\"caption\":\"PALOMA\"},{\"@type\":\"BreadcrumbList\",\"@id\":\"https:\/\/adrianasantacruz.com\/product\/paloma\/#breadcrumb\",\"itemListElement\":[{\"@type\":\"ListItem\",\"position\":1,\"name\":\"Portada\",\"item\":\"https:\/\/adrianasantacruz.com\/\"},{\"@type\":\"ListItem\",\"position\":2,\"name\":\"Shop\",\"item\":\"https:\/\/adrianasantacruz.com\/shop\/\"},{\"@type\":\"ListItem\",\"position\":3,\"name\":\"PALOMA\"}]},{\"@type\":\"WebSite\",\"@id\":\"https:\/\/adrianasantacruz.com\/#website\",\"url\":\"https:\/\/adrianasantacruz.com\/\",\"name\":\"Adriana Santacruz\",\"description\":\"Ruanas Tejidas | Telar ind\u00edgena precolombino\",\"publisher\":{\"@id\":\"https:\/\/adrianasantacruz.com\/#organization\"},\"potentialAction\":[{\"@type\":\"SearchAction\",\"target\":{\"@type\":\"EntryPoint\",\"urlTemplate\":\"https:\/\/adrianasantacruz.com\/?s={search_term_string}\"},\"query-input\":{\"@type\":\"PropertyValueSpecification\",\"valueRequired\":true,\"valueName\":\"search_term_string\"}}],\"inLanguage\":\"en-US\"},{\"@type\":\"Organization\",\"@id\":\"https:\/\/adrianasantacruz.com\/#organization\",\"name\":\"Adriana Santacruz\",\"url\":\"https:\/\/adrianasantacruz.com\/\",\"logo\":{\"@type\":\"ImageObject\",\"inLanguage\":\"en-US\",\"@id\":\"https:\/\/adrianasantacruz.com\/#\/schema\/logo\/image\/\",\"url\":\"http:\/\/adrianasantacruz.com\/wp-content\/uploads\/2020\/10\/Logo-adriana-Santacruz-NEGRO.png\",\"contentUrl\":\"http:\/\/adrianasantacruz.com\/wp-content\/uploads\/2020\/10\/Logo-adriana-Santacruz-NEGRO.png\",\"width\":400,\"height\":38,\"caption\":\"Adriana Santacruz\"},\"image\":{\"@id\":\"https:\/\/adrianasantacruz.com\/#\/schema\/logo\/image\/\"},\"sameAs\":[\"https:\/\/www.facebook.com\/santacruz.adriana\/\",\"https:\/\/www.instagram.com\/byadrianasantacruz\",\"https:\/\/es.wikipedia.org\/wiki\/Adriana_Santacruz\"]}]}<\/script>\n<!-- \/ Yoast SEO plugin. -->","yoast_head_json":{"title":"PALOMA - Adriana Santacruz","description":"PALOMA - Pieza desestructurada con amplios bolsillos, construida con pa\u00f1o de lana. Sus mangas son tejidas con algod\u00f3n en telares horizontales. Se ajusta al cuerpo por medio de un chumbe (faj\u00f3n en espa\u00f1ol andino) tejido en telar vertical.  Talla \u00fanica (apta para tallas S, M, L)  Largo Delantero: 74 cm,\u00a0\u00a0Largo Posterior: 74 cm  Lana 50%, Algod\u00f3n 50%  Lavado en seco. - prendas elaboradas en telar, con t\u00e9cnicas artesanales ind\u00edgenas.","robots":{"index":"index","follow":"follow","max-snippet":"max-snippet:-1","max-image-preview":"max-image-preview:large","max-video-preview":"max-video-preview:-1"},"canonical":"https:\/\/adrianasantacruz.com\/en\/product\/paloma\/","og_locale":"en_US","og_type":"article","og_title":"PALOMA - Adriana Santacruz","og_description":"PALOMA - Pieza desestructurada con amplios bolsillos, construida con pa\u00f1o de lana. Sus mangas son tejidas con algod\u00f3n en telares horizontales. Se ajusta al cuerpo por medio de un chumbe (faj\u00f3n en espa\u00f1ol andino) tejido en telar vertical.  Talla \u00fanica (apta para tallas S, M, L)  Largo Delantero: 74 cm,\u00a0\u00a0Largo Posterior: 74 cm  Lana 50%, Algod\u00f3n 50%  Lavado en seco. - prendas elaboradas en telar, con t\u00e9cnicas artesanales ind\u00edgenas.","og_url":"https:\/\/adrianasantacruz.com\/en\/product\/paloma\/","og_site_name":"Adriana Santacruz","article_publisher":"https:\/\/www.facebook.com\/santacruz.adriana\/","article_modified_time":"2026-03-13T18:58:10+00:00","og_image":[{"width":800,"height":1200,"url":"https:\/\/adrianasantacruz.com\/wp-content\/uploads\/2021\/04\/7.PALOMA2.jpg","type":"image\/jpeg"}],"twitter_card":"summary_large_image","twitter_misc":{"Est. reading time":"1 minute"},"schema":{"@context":"https:\/\/schema.org","@graph":[{"@type":"WebPage","@id":"https:\/\/adrianasantacruz.com\/product\/paloma\/","url":"https:\/\/adrianasantacruz.com\/product\/paloma\/","name":"PALOMA - Adriana Santacruz","isPartOf":{"@id":"https:\/\/adrianasantacruz.com\/#website"},"primaryImageOfPage":{"@id":"https:\/\/adrianasantacruz.com\/product\/paloma\/#primaryimage"},"image":{"@id":"https:\/\/adrianasantacruz.com\/product\/paloma\/#primaryimage"},"thumbnailUrl":"https:\/\/adrianasantacruz.com\/wp-content\/uploads\/2021\/04\/7.PALOMA2.jpg","datePublished":"2021-04-21T18:32:50+00:00","dateModified":"2026-03-13T18:58:10+00:00","description":"PALOMA - Pieza desestructurada con amplios bolsillos, construida con pa\u00f1o de lana. Sus mangas son tejidas con algod\u00f3n en telares horizontales. Se ajusta al cuerpo por medio de un chumbe (faj\u00f3n en espa\u00f1ol andino) tejido en telar vertical. Talla \u00fanica (apta para tallas S, M, L) Largo Delantero: 74 cm,\u00a0\u00a0Largo Posterior: 74 cm Lana 50%, Algod\u00f3n 50% Lavado en seco. - prendas elaboradas en telar, con t\u00e9cnicas artesanales ind\u00edgenas.","breadcrumb":{"@id":"https:\/\/adrianasantacruz.com\/product\/paloma\/#breadcrumb"},"inLanguage":"en-US","potentialAction":[{"@type":"ReadAction","target":["https:\/\/adrianasantacruz.com\/product\/paloma\/"]}]},{"@type":"ImageObject","inLanguage":"en-US","@id":"https:\/\/adrianasantacruz.com\/product\/paloma\/#primaryimage","url":"https:\/\/adrianasantacruz.com\/wp-content\/uploads\/2021\/04\/7.PALOMA2.jpg","contentUrl":"https:\/\/adrianasantacruz.com\/wp-content\/uploads\/2021\/04\/7.PALOMA2.jpg","width":800,"height":1200,"caption":"PALOMA"},{"@type":"BreadcrumbList","@id":"https:\/\/adrianasantacruz.com\/product\/paloma\/#breadcrumb","itemListElement":[{"@type":"ListItem","position":1,"name":"Portada","item":"https:\/\/adrianasantacruz.com\/"},{"@type":"ListItem","position":2,"name":"Shop","item":"https:\/\/adrianasantacruz.com\/shop\/"},{"@type":"ListItem","position":3,"name":"PALOMA"}]},{"@type":"WebSite","@id":"https:\/\/adrianasantacruz.com\/#website","url":"https:\/\/adrianasantacruz.com\/","name":"Adriana Santacruz","description":"Ruanas Tejidas | Telar ind\u00edgena precolombino","publisher":{"@id":"https:\/\/adrianasantacruz.com\/#organization"},"potentialAction":[{"@type":"SearchAction","target":{"@type":"EntryPoint","urlTemplate":"https:\/\/adrianasantacruz.com\/?s={search_term_string}"},"query-input":{"@type":"PropertyValueSpecification","valueRequired":true,"valueName":"search_term_string"}}],"inLanguage":"en-US"},{"@type":"Organization","@id":"https:\/\/adrianasantacruz.com\/#organization","name":"Adriana Santacruz","url":"https:\/\/adrianasantacruz.com\/","logo":{"@type":"ImageObject","inLanguage":"en-US","@id":"https:\/\/adrianasantacruz.com\/#\/schema\/logo\/image\/","url":"http:\/\/adrianasantacruz.com\/wp-content\/uploads\/2020\/10\/Logo-adriana-Santacruz-NEGRO.png","contentUrl":"http:\/\/adrianasantacruz.com\/wp-content\/uploads\/2020\/10\/Logo-adriana-Santacruz-NEGRO.png","width":400,"height":38,"caption":"Adriana Santacruz"},"image":{"@id":"https:\/\/adrianasantacruz.com\/#\/schema\/logo\/image\/"},"sameAs":["https:\/\/www.facebook.com\/santacruz.adriana\/","https:\/\/www.instagram.com\/byadrianasantacruz","https:\/\/es.wikipedia.org\/wiki\/Adriana_Santacruz"]}]}},"_links":{"self":[{"href":"https:\/\/adrianasantacruz.com\/en\/wp-json\/wp\/v2\/product\/10391","targetHints":{"allow":["GET"]}}],"collection":[{"href":"https:\/\/adrianasantacruz.com\/en\/wp-json\/wp\/v2\/product"}],"about":[{"href":"https:\/\/adrianasantacruz.com\/en\/wp-json\/wp\/v2\/types\/product"}],"replies":[{"embeddable":true,"href":"https:\/\/adrianasantacruz.com\/en\/wp-json\/wp\/v2\/comments?post=10391"}],"version-history":[{"count":0,"href":"https:\/\/adrianasantacruz.com\/en\/wp-json\/wp\/v2\/product\/10391\/revisions"}],"wp:featuredmedia":[{"embeddable":true,"href":"https:\/\/adrianasantacruz.com\/en\/wp-json\/wp\/v2\/media\/10302"}],"wp:attachment":[{"href":"https:\/\/adrianasantacruz.com\/en\/wp-json\/wp\/v2\/media?parent=10391"}],"wp:term":[{"taxonomy":"product_brand","embeddable":true,"href":"https:\/\/adrianasantacruz.com\/en\/wp-json\/wp\/v2\/product_brand?post=10391"},{"taxonomy":"product_cat","embeddable":true,"href":"https:\/\/adrianasantacruz.com\/en\/wp-json\/wp\/v2\/product_cat?post=10391"},{"taxonomy":"product_tag","embeddable":true,"href":"https:\/\/adrianasantacruz.com\/en\/wp-json\/wp\/v2\/product_tag?post=10391"}],"curies":[{"name":"wp","href":"https:\/\/api.w.org\/{rel}","templated":true}]}}