{"id":10397,"date":"2021-04-21T13:38:55","date_gmt":"2021-04-21T18:38:55","guid":{"rendered":"https:\/\/adrianasantacruz.com\/product\/alcatraz\/"},"modified":"2026-04-08T15:23:22","modified_gmt":"2026-04-08T20:23:22","slug":"alcatraz","status":"publish","type":"product","link":"https:\/\/adrianasantacruz.com\/en\/product\/alcatraz\/","title":{"rendered":"ALCATRAZ"},"content":{"rendered":"<p>Largo Delantero: 78 cm,\u00a0\u00a0Largo Posterior: 67 cm<\/p>","protected":false},"excerpt":{"rendered":"<p>Double-sided vest manufactured with a handmade cracked fabric that gives you two different styles in one piece.<\/p>\n<p>One size fits all (Fits S, M,L)<\/p>\n<p>Largo Delantero: 78 cm,\u00a0\u00a0Largo Posterior: 67 cm<\/p>\n<p>Polyviscose 50%, Cotton 40%, Wool 10%<\/p>\n<p>Dry clean, Do not use detergent<\/p>","protected":false},"featured_media":10330,"comment_status":"open","ping_status":"closed","template":"","meta":{"_monsterinsights_skip_tracking":false,"_monsterinsights_sitenote_active":false,"_monsterinsights_sitenote_note":"","_monsterinsights_sitenote_category":0,"_joinchat":[]},"product_brand":[],"product_cat":[193,65],"product_tag":[],"class_list":{"0":"post-10397","1":"product","2":"type-product","3":"status-publish","4":"has-post-thumbnail","6":"product_cat-all-seasons-2021","7":"product_cat-chaleco","9":"first","10":"outofstock","11":"shipping-taxable","12":"purchasable","13":"product-type-simple"},"yoast_head":"<!-- This site is optimized with the Yoast SEO plugin v25.2 - https:\/\/yoast.com\/wordpress\/plugins\/seo\/ -->\n<title>ALCATRAZ - Adriana Santacruz<\/title>\n<meta name=\"description\" content=\"ALCATRAZ - Chaleco desestructurado, construido por medio de un fragmento de textil craquelado y aberturas estrat\u00e9gicas que le dan forma a la pieza. Cuenta con bolsillos laterales. Al ser una prenda doble faz, proporciona dos estilos distintos en una sola pieza.  Talla \u00fanica (apta para tallas S, M, L)  Largo Delantero: 78 cm,\u00a0\u00a0Largo Posterior: 67 cm  Poliviscosa 50%, Algod\u00f3n 40%, Lana 10%  Lavado en seco. - prendas elaboradas en telar, con t\u00e9cnicas artesanales ind\u00edgenas.\" \/>\n<meta name=\"robots\" content=\"index, follow, max-snippet:-1, max-image-preview:large, max-video-preview:-1\" \/>\n<link rel=\"canonical\" href=\"https:\/\/adrianasantacruz.com\/en\/product\/alcatraz\/\" \/>\n<meta property=\"og:locale\" content=\"en_US\" \/>\n<meta property=\"og:type\" content=\"article\" \/>\n<meta property=\"og:title\" content=\"ALCATRAZ - Adriana Santacruz\" \/>\n<meta property=\"og:description\" content=\"ALCATRAZ - Chaleco desestructurado, construido por medio de un fragmento de textil craquelado y aberturas estrat\u00e9gicas que le dan forma a la pieza. Cuenta con bolsillos laterales. Al ser una prenda doble faz, proporciona dos estilos distintos en una sola pieza.  Talla \u00fanica (apta para tallas S, M, L)  Largo Delantero: 78 cm,\u00a0\u00a0Largo Posterior: 67 cm  Poliviscosa 50%, Algod\u00f3n 40%, Lana 10%  Lavado en seco. - prendas elaboradas en telar, con t\u00e9cnicas artesanales ind\u00edgenas.\" \/>\n<meta property=\"og:url\" content=\"https:\/\/adrianasantacruz.com\/en\/product\/alcatraz\/\" \/>\n<meta property=\"og:site_name\" content=\"Adriana Santacruz\" \/>\n<meta property=\"article:publisher\" content=\"https:\/\/www.facebook.com\/santacruz.adriana\/\" \/>\n<meta property=\"article:modified_time\" content=\"2026-04-08T20:23:22+00:00\" \/>\n<meta property=\"og:image\" content=\"https:\/\/adrianasantacruz.com\/wp-content\/uploads\/2021\/04\/13.ALCATRAZ1.jpg\" \/>\n\t<meta property=\"og:image:width\" content=\"800\" \/>\n\t<meta property=\"og:image:height\" content=\"1200\" \/>\n\t<meta property=\"og:image:type\" content=\"image\/jpeg\" \/>\n<meta name=\"twitter:card\" content=\"summary_large_image\" \/>\n<meta name=\"twitter:label1\" content=\"Est. reading time\" \/>\n\t<meta name=\"twitter:data1\" content=\"1 minute\" \/>\n<script type=\"application\/ld+json\" class=\"yoast-schema-graph\">{\"@context\":\"https:\/\/schema.org\",\"@graph\":[{\"@type\":\"WebPage\",\"@id\":\"https:\/\/adrianasantacruz.com\/product\/alcatraz\/\",\"url\":\"https:\/\/adrianasantacruz.com\/product\/alcatraz\/\",\"name\":\"ALCATRAZ - Adriana Santacruz\",\"isPartOf\":{\"@id\":\"https:\/\/adrianasantacruz.com\/#website\"},\"primaryImageOfPage\":{\"@id\":\"https:\/\/adrianasantacruz.com\/product\/alcatraz\/#primaryimage\"},\"image\":{\"@id\":\"https:\/\/adrianasantacruz.com\/product\/alcatraz\/#primaryimage\"},\"thumbnailUrl\":\"https:\/\/adrianasantacruz.com\/wp-content\/uploads\/2021\/04\/13.ALCATRAZ1.jpg\",\"datePublished\":\"2021-04-21T18:38:55+00:00\",\"dateModified\":\"2026-04-08T20:23:22+00:00\",\"description\":\"ALCATRAZ - Chaleco desestructurado, construido por medio de un fragmento de textil craquelado y aberturas estrat\u00e9gicas que le dan forma a la pieza. Cuenta con bolsillos laterales. Al ser una prenda doble faz, proporciona dos estilos distintos en una sola pieza. Talla \u00fanica (apta para tallas S, M, L) Largo Delantero: 78 cm,\u00a0\u00a0Largo Posterior: 67 cm Poliviscosa 50%, Algod\u00f3n 40%, Lana 10% Lavado en seco. - prendas elaboradas en telar, con t\u00e9cnicas artesanales ind\u00edgenas.\",\"breadcrumb\":{\"@id\":\"https:\/\/adrianasantacruz.com\/product\/alcatraz\/#breadcrumb\"},\"inLanguage\":\"en-US\",\"potentialAction\":[{\"@type\":\"ReadAction\",\"target\":[\"https:\/\/adrianasantacruz.com\/product\/alcatraz\/\"]}]},{\"@type\":\"ImageObject\",\"inLanguage\":\"en-US\",\"@id\":\"https:\/\/adrianasantacruz.com\/product\/alcatraz\/#primaryimage\",\"url\":\"https:\/\/adrianasantacruz.com\/wp-content\/uploads\/2021\/04\/13.ALCATRAZ1.jpg\",\"contentUrl\":\"https:\/\/adrianasantacruz.com\/wp-content\/uploads\/2021\/04\/13.ALCATRAZ1.jpg\",\"width\":800,\"height\":1200,\"caption\":\"ALCATRAZ\"},{\"@type\":\"BreadcrumbList\",\"@id\":\"https:\/\/adrianasantacruz.com\/product\/alcatraz\/#breadcrumb\",\"itemListElement\":[{\"@type\":\"ListItem\",\"position\":1,\"name\":\"Portada\",\"item\":\"https:\/\/adrianasantacruz.com\/\"},{\"@type\":\"ListItem\",\"position\":2,\"name\":\"Shop\",\"item\":\"https:\/\/adrianasantacruz.com\/shop\/\"},{\"@type\":\"ListItem\",\"position\":3,\"name\":\"ALCATRAZ\"}]},{\"@type\":\"WebSite\",\"@id\":\"https:\/\/adrianasantacruz.com\/#website\",\"url\":\"https:\/\/adrianasantacruz.com\/\",\"name\":\"Adriana Santacruz\",\"description\":\"Ruanas Tejidas | Telar ind\u00edgena precolombino\",\"publisher\":{\"@id\":\"https:\/\/adrianasantacruz.com\/#organization\"},\"potentialAction\":[{\"@type\":\"SearchAction\",\"target\":{\"@type\":\"EntryPoint\",\"urlTemplate\":\"https:\/\/adrianasantacruz.com\/?s={search_term_string}\"},\"query-input\":{\"@type\":\"PropertyValueSpecification\",\"valueRequired\":true,\"valueName\":\"search_term_string\"}}],\"inLanguage\":\"en-US\"},{\"@type\":\"Organization\",\"@id\":\"https:\/\/adrianasantacruz.com\/#organization\",\"name\":\"Adriana Santacruz\",\"url\":\"https:\/\/adrianasantacruz.com\/\",\"logo\":{\"@type\":\"ImageObject\",\"inLanguage\":\"en-US\",\"@id\":\"https:\/\/adrianasantacruz.com\/#\/schema\/logo\/image\/\",\"url\":\"http:\/\/adrianasantacruz.com\/wp-content\/uploads\/2020\/10\/Logo-adriana-Santacruz-NEGRO.png\",\"contentUrl\":\"http:\/\/adrianasantacruz.com\/wp-content\/uploads\/2020\/10\/Logo-adriana-Santacruz-NEGRO.png\",\"width\":400,\"height\":38,\"caption\":\"Adriana Santacruz\"},\"image\":{\"@id\":\"https:\/\/adrianasantacruz.com\/#\/schema\/logo\/image\/\"},\"sameAs\":[\"https:\/\/www.facebook.com\/santacruz.adriana\/\",\"https:\/\/www.instagram.com\/byadrianasantacruz\",\"https:\/\/es.wikipedia.org\/wiki\/Adriana_Santacruz\"]}]}<\/script>\n<!-- \/ Yoast SEO plugin. -->","yoast_head_json":{"title":"ALCATRAZ - Adriana Santacruz","description":"ALCATRAZ - Chaleco desestructurado, construido por medio de un fragmento de textil craquelado y aberturas estrat\u00e9gicas que le dan forma a la pieza. Cuenta con bolsillos laterales. Al ser una prenda doble faz, proporciona dos estilos distintos en una sola pieza.  Talla \u00fanica (apta para tallas S, M, L)  Largo Delantero: 78 cm,\u00a0\u00a0Largo Posterior: 67 cm  Poliviscosa 50%, Algod\u00f3n 40%, Lana 10%  Lavado en seco. - prendas elaboradas en telar, con t\u00e9cnicas artesanales ind\u00edgenas.","robots":{"index":"index","follow":"follow","max-snippet":"max-snippet:-1","max-image-preview":"max-image-preview:large","max-video-preview":"max-video-preview:-1"},"canonical":"https:\/\/adrianasantacruz.com\/en\/product\/alcatraz\/","og_locale":"en_US","og_type":"article","og_title":"ALCATRAZ - Adriana Santacruz","og_description":"ALCATRAZ - Chaleco desestructurado, construido por medio de un fragmento de textil craquelado y aberturas estrat\u00e9gicas que le dan forma a la pieza. Cuenta con bolsillos laterales. Al ser una prenda doble faz, proporciona dos estilos distintos en una sola pieza.  Talla \u00fanica (apta para tallas S, M, L)  Largo Delantero: 78 cm,\u00a0\u00a0Largo Posterior: 67 cm  Poliviscosa 50%, Algod\u00f3n 40%, Lana 10%  Lavado en seco. - prendas elaboradas en telar, con t\u00e9cnicas artesanales ind\u00edgenas.","og_url":"https:\/\/adrianasantacruz.com\/en\/product\/alcatraz\/","og_site_name":"Adriana Santacruz","article_publisher":"https:\/\/www.facebook.com\/santacruz.adriana\/","article_modified_time":"2026-04-08T20:23:22+00:00","og_image":[{"width":800,"height":1200,"url":"https:\/\/adrianasantacruz.com\/wp-content\/uploads\/2021\/04\/13.ALCATRAZ1.jpg","type":"image\/jpeg"}],"twitter_card":"summary_large_image","twitter_misc":{"Est. reading time":"1 minute"},"schema":{"@context":"https:\/\/schema.org","@graph":[{"@type":"WebPage","@id":"https:\/\/adrianasantacruz.com\/product\/alcatraz\/","url":"https:\/\/adrianasantacruz.com\/product\/alcatraz\/","name":"ALCATRAZ - Adriana Santacruz","isPartOf":{"@id":"https:\/\/adrianasantacruz.com\/#website"},"primaryImageOfPage":{"@id":"https:\/\/adrianasantacruz.com\/product\/alcatraz\/#primaryimage"},"image":{"@id":"https:\/\/adrianasantacruz.com\/product\/alcatraz\/#primaryimage"},"thumbnailUrl":"https:\/\/adrianasantacruz.com\/wp-content\/uploads\/2021\/04\/13.ALCATRAZ1.jpg","datePublished":"2021-04-21T18:38:55+00:00","dateModified":"2026-04-08T20:23:22+00:00","description":"ALCATRAZ - Chaleco desestructurado, construido por medio de un fragmento de textil craquelado y aberturas estrat\u00e9gicas que le dan forma a la pieza. Cuenta con bolsillos laterales. Al ser una prenda doble faz, proporciona dos estilos distintos en una sola pieza. Talla \u00fanica (apta para tallas S, M, L) Largo Delantero: 78 cm,\u00a0\u00a0Largo Posterior: 67 cm Poliviscosa 50%, Algod\u00f3n 40%, Lana 10% Lavado en seco. - prendas elaboradas en telar, con t\u00e9cnicas artesanales ind\u00edgenas.","breadcrumb":{"@id":"https:\/\/adrianasantacruz.com\/product\/alcatraz\/#breadcrumb"},"inLanguage":"en-US","potentialAction":[{"@type":"ReadAction","target":["https:\/\/adrianasantacruz.com\/product\/alcatraz\/"]}]},{"@type":"ImageObject","inLanguage":"en-US","@id":"https:\/\/adrianasantacruz.com\/product\/alcatraz\/#primaryimage","url":"https:\/\/adrianasantacruz.com\/wp-content\/uploads\/2021\/04\/13.ALCATRAZ1.jpg","contentUrl":"https:\/\/adrianasantacruz.com\/wp-content\/uploads\/2021\/04\/13.ALCATRAZ1.jpg","width":800,"height":1200,"caption":"ALCATRAZ"},{"@type":"BreadcrumbList","@id":"https:\/\/adrianasantacruz.com\/product\/alcatraz\/#breadcrumb","itemListElement":[{"@type":"ListItem","position":1,"name":"Portada","item":"https:\/\/adrianasantacruz.com\/"},{"@type":"ListItem","position":2,"name":"Shop","item":"https:\/\/adrianasantacruz.com\/shop\/"},{"@type":"ListItem","position":3,"name":"ALCATRAZ"}]},{"@type":"WebSite","@id":"https:\/\/adrianasantacruz.com\/#website","url":"https:\/\/adrianasantacruz.com\/","name":"Adriana Santacruz","description":"Ruanas Tejidas | Telar ind\u00edgena precolombino","publisher":{"@id":"https:\/\/adrianasantacruz.com\/#organization"},"potentialAction":[{"@type":"SearchAction","target":{"@type":"EntryPoint","urlTemplate":"https:\/\/adrianasantacruz.com\/?s={search_term_string}"},"query-input":{"@type":"PropertyValueSpecification","valueRequired":true,"valueName":"search_term_string"}}],"inLanguage":"en-US"},{"@type":"Organization","@id":"https:\/\/adrianasantacruz.com\/#organization","name":"Adriana Santacruz","url":"https:\/\/adrianasantacruz.com\/","logo":{"@type":"ImageObject","inLanguage":"en-US","@id":"https:\/\/adrianasantacruz.com\/#\/schema\/logo\/image\/","url":"http:\/\/adrianasantacruz.com\/wp-content\/uploads\/2020\/10\/Logo-adriana-Santacruz-NEGRO.png","contentUrl":"http:\/\/adrianasantacruz.com\/wp-content\/uploads\/2020\/10\/Logo-adriana-Santacruz-NEGRO.png","width":400,"height":38,"caption":"Adriana Santacruz"},"image":{"@id":"https:\/\/adrianasantacruz.com\/#\/schema\/logo\/image\/"},"sameAs":["https:\/\/www.facebook.com\/santacruz.adriana\/","https:\/\/www.instagram.com\/byadrianasantacruz","https:\/\/es.wikipedia.org\/wiki\/Adriana_Santacruz"]}]}},"_links":{"self":[{"href":"https:\/\/adrianasantacruz.com\/en\/wp-json\/wp\/v2\/product\/10397","targetHints":{"allow":["GET"]}}],"collection":[{"href":"https:\/\/adrianasantacruz.com\/en\/wp-json\/wp\/v2\/product"}],"about":[{"href":"https:\/\/adrianasantacruz.com\/en\/wp-json\/wp\/v2\/types\/product"}],"replies":[{"embeddable":true,"href":"https:\/\/adrianasantacruz.com\/en\/wp-json\/wp\/v2\/comments?post=10397"}],"version-history":[{"count":0,"href":"https:\/\/adrianasantacruz.com\/en\/wp-json\/wp\/v2\/product\/10397\/revisions"}],"wp:featuredmedia":[{"embeddable":true,"href":"https:\/\/adrianasantacruz.com\/en\/wp-json\/wp\/v2\/media\/10330"}],"wp:attachment":[{"href":"https:\/\/adrianasantacruz.com\/en\/wp-json\/wp\/v2\/media?parent=10397"}],"wp:term":[{"taxonomy":"product_brand","embeddable":true,"href":"https:\/\/adrianasantacruz.com\/en\/wp-json\/wp\/v2\/product_brand?post=10397"},{"taxonomy":"product_cat","embeddable":true,"href":"https:\/\/adrianasantacruz.com\/en\/wp-json\/wp\/v2\/product_cat?post=10397"},{"taxonomy":"product_tag","embeddable":true,"href":"https:\/\/adrianasantacruz.com\/en\/wp-json\/wp\/v2\/product_tag?post=10397"}],"curies":[{"name":"wp","href":"https:\/\/api.w.org\/{rel}","templated":true}]}}