{"id":10669,"date":"2022-05-03T15:28:44","date_gmt":"2022-05-03T20:28:44","guid":{"rendered":"https:\/\/adrianasantacruz.com\/?post_type=product&#038;p=10669"},"modified":"2026-03-13T12:50:10","modified_gmt":"2026-03-13T17:50:10","slug":"sara-3","status":"publish","type":"product","link":"https:\/\/adrianasantacruz.com\/en\/product\/sara-3\/","title":{"rendered":"SARA"},"content":{"rendered":"","protected":false},"excerpt":{"rendered":"<p>There is an artistic balance between the lines that make up this vest. It can be worn in different ways, playing with wide and unstructured shapes, or with defined and structured ones. Weaving techniques: backstrap and vertical loom.<\/p>\n<p>one size fits all (Fits S, M)<\/p>\n<p>50% Cotton, 20% Wool, 30% Polyviscose<\/p>\n<p>Dry clean, Do not use detergent<\/p>","protected":false},"featured_media":10586,"comment_status":"open","ping_status":"closed","template":"","meta":{"_monsterinsights_skip_tracking":false,"_monsterinsights_sitenote_active":false,"_monsterinsights_sitenote_note":"","_monsterinsights_sitenote_category":0,"_joinchat":[]},"product_brand":[],"product_cat":[199,65],"product_tag":[201,202,200],"class_list":{"0":"post-10669","1":"product","2":"type-product","3":"status-publish","4":"has-post-thumbnail","6":"product_cat-autumn-winter-22-23","7":"product_cat-chaleco","8":"product_tag-etnico","9":"product_tag-social","10":"product_tag-sostenible","12":"first","13":"outofstock","14":"shipping-taxable","15":"purchasable","16":"product-type-simple"},"yoast_head":"<!-- This site is optimized with the Yoast SEO plugin v25.2 - https:\/\/yoast.com\/wordpress\/plugins\/seo\/ -->\n<title>SARA - Adriana Santacruz<\/title>\n<meta name=\"description\" content=\"SARA - Chaleco construido art\u00edsticamente con la direcci\u00f3n de las l\u00edneas, logrando un equilibrio entre s\u00ed. Puede usarse de distintas formas, jugando as\u00ed con siluetas amplias y desestructuradas, como tambi\u00e9n con siluetas delineadas y estructuradas. Intervienen t\u00e9cnicas de tejido en telares de cintura y verticales.  Talla \u00fanica (apta para tallas S, M)  50% Algod\u00f3n, 20% Lana, 30% Poliviscosa  Lavado en seco. - prendas elaboradas en telar, con t\u00e9cnicas artesanales ind\u00edgenas.\" \/>\n<meta name=\"robots\" content=\"index, follow, max-snippet:-1, max-image-preview:large, max-video-preview:-1\" \/>\n<link rel=\"canonical\" href=\"https:\/\/adrianasantacruz.com\/en\/product\/sara-3\/\" \/>\n<meta property=\"og:locale\" content=\"en_US\" \/>\n<meta property=\"og:type\" content=\"article\" \/>\n<meta property=\"og:title\" content=\"SARA - Adriana Santacruz\" \/>\n<meta property=\"og:description\" content=\"SARA - Chaleco construido art\u00edsticamente con la direcci\u00f3n de las l\u00edneas, logrando un equilibrio entre s\u00ed. Puede usarse de distintas formas, jugando as\u00ed con siluetas amplias y desestructuradas, como tambi\u00e9n con siluetas delineadas y estructuradas. Intervienen t\u00e9cnicas de tejido en telares de cintura y verticales.  Talla \u00fanica (apta para tallas S, M)  50% Algod\u00f3n, 20% Lana, 30% Poliviscosa  Lavado en seco. - prendas elaboradas en telar, con t\u00e9cnicas artesanales ind\u00edgenas.\" \/>\n<meta property=\"og:url\" content=\"https:\/\/adrianasantacruz.com\/en\/product\/sara-3\/\" \/>\n<meta property=\"og:site_name\" content=\"Adriana Santacruz\" \/>\n<meta property=\"article:publisher\" content=\"https:\/\/www.facebook.com\/santacruz.adriana\/\" \/>\n<meta property=\"article:modified_time\" content=\"2026-03-13T17:50:10+00:00\" \/>\n<meta property=\"og:image\" content=\"https:\/\/adrianasantacruz.com\/wp-content\/uploads\/2022\/05\/4.-SARA-1.jpg\" \/>\n\t<meta property=\"og:image:width\" content=\"1862\" \/>\n\t<meta property=\"og:image:height\" content=\"2328\" \/>\n\t<meta property=\"og:image:type\" content=\"image\/jpeg\" \/>\n<meta name=\"twitter:card\" content=\"summary_large_image\" \/>\n<meta name=\"twitter:label1\" content=\"Est. reading time\" \/>\n\t<meta name=\"twitter:data1\" content=\"1 minute\" \/>\n<script type=\"application\/ld+json\" class=\"yoast-schema-graph\">{\"@context\":\"https:\/\/schema.org\",\"@graph\":[{\"@type\":\"WebPage\",\"@id\":\"https:\/\/adrianasantacruz.com\/product\/sara-3\/\",\"url\":\"https:\/\/adrianasantacruz.com\/product\/sara-3\/\",\"name\":\"SARA - Adriana Santacruz\",\"isPartOf\":{\"@id\":\"https:\/\/adrianasantacruz.com\/#website\"},\"primaryImageOfPage\":{\"@id\":\"https:\/\/adrianasantacruz.com\/product\/sara-3\/#primaryimage\"},\"image\":{\"@id\":\"https:\/\/adrianasantacruz.com\/product\/sara-3\/#primaryimage\"},\"thumbnailUrl\":\"https:\/\/adrianasantacruz.com\/wp-content\/uploads\/2022\/05\/4.-SARA-1.jpg\",\"datePublished\":\"2022-05-03T20:28:44+00:00\",\"dateModified\":\"2026-03-13T17:50:10+00:00\",\"description\":\"SARA - Chaleco construido art\u00edsticamente con la direcci\u00f3n de las l\u00edneas, logrando un equilibrio entre s\u00ed. Puede usarse de distintas formas, jugando as\u00ed con siluetas amplias y desestructuradas, como tambi\u00e9n con siluetas delineadas y estructuradas. Intervienen t\u00e9cnicas de tejido en telares de cintura y verticales. Talla \u00fanica (apta para tallas S, M) 50% Algod\u00f3n, 20% Lana, 30% Poliviscosa Lavado en seco. - prendas elaboradas en telar, con t\u00e9cnicas artesanales ind\u00edgenas.\",\"breadcrumb\":{\"@id\":\"https:\/\/adrianasantacruz.com\/product\/sara-3\/#breadcrumb\"},\"inLanguage\":\"en-US\",\"potentialAction\":[{\"@type\":\"ReadAction\",\"target\":[\"https:\/\/adrianasantacruz.com\/product\/sara-3\/\"]}]},{\"@type\":\"ImageObject\",\"inLanguage\":\"en-US\",\"@id\":\"https:\/\/adrianasantacruz.com\/product\/sara-3\/#primaryimage\",\"url\":\"https:\/\/adrianasantacruz.com\/wp-content\/uploads\/2022\/05\/4.-SARA-1.jpg\",\"contentUrl\":\"https:\/\/adrianasantacruz.com\/wp-content\/uploads\/2022\/05\/4.-SARA-1.jpg\",\"width\":1862,\"height\":2328},{\"@type\":\"BreadcrumbList\",\"@id\":\"https:\/\/adrianasantacruz.com\/product\/sara-3\/#breadcrumb\",\"itemListElement\":[{\"@type\":\"ListItem\",\"position\":1,\"name\":\"Portada\",\"item\":\"https:\/\/adrianasantacruz.com\/\"},{\"@type\":\"ListItem\",\"position\":2,\"name\":\"Shop\",\"item\":\"https:\/\/adrianasantacruz.com\/shop\/\"},{\"@type\":\"ListItem\",\"position\":3,\"name\":\"SARA\"}]},{\"@type\":\"WebSite\",\"@id\":\"https:\/\/adrianasantacruz.com\/#website\",\"url\":\"https:\/\/adrianasantacruz.com\/\",\"name\":\"Adriana Santacruz\",\"description\":\"Ruanas Tejidas | Telar ind\u00edgena precolombino\",\"publisher\":{\"@id\":\"https:\/\/adrianasantacruz.com\/#organization\"},\"potentialAction\":[{\"@type\":\"SearchAction\",\"target\":{\"@type\":\"EntryPoint\",\"urlTemplate\":\"https:\/\/adrianasantacruz.com\/?s={search_term_string}\"},\"query-input\":{\"@type\":\"PropertyValueSpecification\",\"valueRequired\":true,\"valueName\":\"search_term_string\"}}],\"inLanguage\":\"en-US\"},{\"@type\":\"Organization\",\"@id\":\"https:\/\/adrianasantacruz.com\/#organization\",\"name\":\"Adriana Santacruz\",\"url\":\"https:\/\/adrianasantacruz.com\/\",\"logo\":{\"@type\":\"ImageObject\",\"inLanguage\":\"en-US\",\"@id\":\"https:\/\/adrianasantacruz.com\/#\/schema\/logo\/image\/\",\"url\":\"http:\/\/adrianasantacruz.com\/wp-content\/uploads\/2020\/10\/Logo-adriana-Santacruz-NEGRO.png\",\"contentUrl\":\"http:\/\/adrianasantacruz.com\/wp-content\/uploads\/2020\/10\/Logo-adriana-Santacruz-NEGRO.png\",\"width\":400,\"height\":38,\"caption\":\"Adriana Santacruz\"},\"image\":{\"@id\":\"https:\/\/adrianasantacruz.com\/#\/schema\/logo\/image\/\"},\"sameAs\":[\"https:\/\/www.facebook.com\/santacruz.adriana\/\",\"https:\/\/www.instagram.com\/byadrianasantacruz\",\"https:\/\/es.wikipedia.org\/wiki\/Adriana_Santacruz\"]}]}<\/script>\n<!-- \/ Yoast SEO plugin. -->","yoast_head_json":{"title":"SARA - Adriana Santacruz","description":"SARA - Chaleco construido art\u00edsticamente con la direcci\u00f3n de las l\u00edneas, logrando un equilibrio entre s\u00ed. Puede usarse de distintas formas, jugando as\u00ed con siluetas amplias y desestructuradas, como tambi\u00e9n con siluetas delineadas y estructuradas. Intervienen t\u00e9cnicas de tejido en telares de cintura y verticales.  Talla \u00fanica (apta para tallas S, M)  50% Algod\u00f3n, 20% Lana, 30% Poliviscosa  Lavado en seco. - prendas elaboradas en telar, con t\u00e9cnicas artesanales ind\u00edgenas.","robots":{"index":"index","follow":"follow","max-snippet":"max-snippet:-1","max-image-preview":"max-image-preview:large","max-video-preview":"max-video-preview:-1"},"canonical":"https:\/\/adrianasantacruz.com\/en\/product\/sara-3\/","og_locale":"en_US","og_type":"article","og_title":"SARA - Adriana Santacruz","og_description":"SARA - Chaleco construido art\u00edsticamente con la direcci\u00f3n de las l\u00edneas, logrando un equilibrio entre s\u00ed. Puede usarse de distintas formas, jugando as\u00ed con siluetas amplias y desestructuradas, como tambi\u00e9n con siluetas delineadas y estructuradas. Intervienen t\u00e9cnicas de tejido en telares de cintura y verticales.  Talla \u00fanica (apta para tallas S, M)  50% Algod\u00f3n, 20% Lana, 30% Poliviscosa  Lavado en seco. - prendas elaboradas en telar, con t\u00e9cnicas artesanales ind\u00edgenas.","og_url":"https:\/\/adrianasantacruz.com\/en\/product\/sara-3\/","og_site_name":"Adriana Santacruz","article_publisher":"https:\/\/www.facebook.com\/santacruz.adriana\/","article_modified_time":"2026-03-13T17:50:10+00:00","og_image":[{"width":1862,"height":2328,"url":"https:\/\/adrianasantacruz.com\/wp-content\/uploads\/2022\/05\/4.-SARA-1.jpg","type":"image\/jpeg"}],"twitter_card":"summary_large_image","twitter_misc":{"Est. reading time":"1 minute"},"schema":{"@context":"https:\/\/schema.org","@graph":[{"@type":"WebPage","@id":"https:\/\/adrianasantacruz.com\/product\/sara-3\/","url":"https:\/\/adrianasantacruz.com\/product\/sara-3\/","name":"SARA - Adriana Santacruz","isPartOf":{"@id":"https:\/\/adrianasantacruz.com\/#website"},"primaryImageOfPage":{"@id":"https:\/\/adrianasantacruz.com\/product\/sara-3\/#primaryimage"},"image":{"@id":"https:\/\/adrianasantacruz.com\/product\/sara-3\/#primaryimage"},"thumbnailUrl":"https:\/\/adrianasantacruz.com\/wp-content\/uploads\/2022\/05\/4.-SARA-1.jpg","datePublished":"2022-05-03T20:28:44+00:00","dateModified":"2026-03-13T17:50:10+00:00","description":"SARA - Chaleco construido art\u00edsticamente con la direcci\u00f3n de las l\u00edneas, logrando un equilibrio entre s\u00ed. Puede usarse de distintas formas, jugando as\u00ed con siluetas amplias y desestructuradas, como tambi\u00e9n con siluetas delineadas y estructuradas. Intervienen t\u00e9cnicas de tejido en telares de cintura y verticales. Talla \u00fanica (apta para tallas S, M) 50% Algod\u00f3n, 20% Lana, 30% Poliviscosa Lavado en seco. - prendas elaboradas en telar, con t\u00e9cnicas artesanales ind\u00edgenas.","breadcrumb":{"@id":"https:\/\/adrianasantacruz.com\/product\/sara-3\/#breadcrumb"},"inLanguage":"en-US","potentialAction":[{"@type":"ReadAction","target":["https:\/\/adrianasantacruz.com\/product\/sara-3\/"]}]},{"@type":"ImageObject","inLanguage":"en-US","@id":"https:\/\/adrianasantacruz.com\/product\/sara-3\/#primaryimage","url":"https:\/\/adrianasantacruz.com\/wp-content\/uploads\/2022\/05\/4.-SARA-1.jpg","contentUrl":"https:\/\/adrianasantacruz.com\/wp-content\/uploads\/2022\/05\/4.-SARA-1.jpg","width":1862,"height":2328},{"@type":"BreadcrumbList","@id":"https:\/\/adrianasantacruz.com\/product\/sara-3\/#breadcrumb","itemListElement":[{"@type":"ListItem","position":1,"name":"Portada","item":"https:\/\/adrianasantacruz.com\/"},{"@type":"ListItem","position":2,"name":"Shop","item":"https:\/\/adrianasantacruz.com\/shop\/"},{"@type":"ListItem","position":3,"name":"SARA"}]},{"@type":"WebSite","@id":"https:\/\/adrianasantacruz.com\/#website","url":"https:\/\/adrianasantacruz.com\/","name":"Adriana Santacruz","description":"Ruanas Tejidas | Telar ind\u00edgena precolombino","publisher":{"@id":"https:\/\/adrianasantacruz.com\/#organization"},"potentialAction":[{"@type":"SearchAction","target":{"@type":"EntryPoint","urlTemplate":"https:\/\/adrianasantacruz.com\/?s={search_term_string}"},"query-input":{"@type":"PropertyValueSpecification","valueRequired":true,"valueName":"search_term_string"}}],"inLanguage":"en-US"},{"@type":"Organization","@id":"https:\/\/adrianasantacruz.com\/#organization","name":"Adriana Santacruz","url":"https:\/\/adrianasantacruz.com\/","logo":{"@type":"ImageObject","inLanguage":"en-US","@id":"https:\/\/adrianasantacruz.com\/#\/schema\/logo\/image\/","url":"http:\/\/adrianasantacruz.com\/wp-content\/uploads\/2020\/10\/Logo-adriana-Santacruz-NEGRO.png","contentUrl":"http:\/\/adrianasantacruz.com\/wp-content\/uploads\/2020\/10\/Logo-adriana-Santacruz-NEGRO.png","width":400,"height":38,"caption":"Adriana Santacruz"},"image":{"@id":"https:\/\/adrianasantacruz.com\/#\/schema\/logo\/image\/"},"sameAs":["https:\/\/www.facebook.com\/santacruz.adriana\/","https:\/\/www.instagram.com\/byadrianasantacruz","https:\/\/es.wikipedia.org\/wiki\/Adriana_Santacruz"]}]}},"_links":{"self":[{"href":"https:\/\/adrianasantacruz.com\/en\/wp-json\/wp\/v2\/product\/10669","targetHints":{"allow":["GET"]}}],"collection":[{"href":"https:\/\/adrianasantacruz.com\/en\/wp-json\/wp\/v2\/product"}],"about":[{"href":"https:\/\/adrianasantacruz.com\/en\/wp-json\/wp\/v2\/types\/product"}],"replies":[{"embeddable":true,"href":"https:\/\/adrianasantacruz.com\/en\/wp-json\/wp\/v2\/comments?post=10669"}],"version-history":[{"count":0,"href":"https:\/\/adrianasantacruz.com\/en\/wp-json\/wp\/v2\/product\/10669\/revisions"}],"wp:featuredmedia":[{"embeddable":true,"href":"https:\/\/adrianasantacruz.com\/en\/wp-json\/wp\/v2\/media\/10586"}],"wp:attachment":[{"href":"https:\/\/adrianasantacruz.com\/en\/wp-json\/wp\/v2\/media?parent=10669"}],"wp:term":[{"taxonomy":"product_brand","embeddable":true,"href":"https:\/\/adrianasantacruz.com\/en\/wp-json\/wp\/v2\/product_brand?post=10669"},{"taxonomy":"product_cat","embeddable":true,"href":"https:\/\/adrianasantacruz.com\/en\/wp-json\/wp\/v2\/product_cat?post=10669"},{"taxonomy":"product_tag","embeddable":true,"href":"https:\/\/adrianasantacruz.com\/en\/wp-json\/wp\/v2\/product_tag?post=10669"}],"curies":[{"name":"wp","href":"https:\/\/api.w.org\/{rel}","templated":true}]}}