{"id":10716,"date":"2022-05-03T21:12:34","date_gmt":"2022-05-04T02:12:34","guid":{"rendered":"https:\/\/adrianasantacruz.com\/?post_type=product&#038;p=10716"},"modified":"2026-03-13T13:22:16","modified_gmt":"2026-03-13T18:22:16","slug":"falda-anaco-3","status":"publish","type":"product","link":"https:\/\/adrianasantacruz.com\/en\/product\/falda-anaco-3\/","title":{"rendered":"FALDA ANACO"},"content":{"rendered":"","protected":false},"excerpt":{"rendered":"<p>Inspired by a typical indigenous attire, this skirt is built from long loom rectangles connected at the waist height. Perfect to wear above basics (leggings, pants, etc.). Weaving techniques: Backstrap loom with ornaments pleated velvet.<\/p>\n<p>one size fits all (Fits S, M)<\/p>\n<p>100% cotton<\/p>\n<p>Dry clean, Do not use detergent<\/p>\n<div class=\"notranslate\" style=\"all: initial;\"><\/div>","protected":false},"featured_media":10642,"comment_status":"open","ping_status":"closed","template":"","meta":{"_monsterinsights_skip_tracking":false,"_monsterinsights_sitenote_active":false,"_monsterinsights_sitenote_note":"","_monsterinsights_sitenote_category":0,"_joinchat":[]},"product_brand":[],"product_cat":[199,195],"product_tag":[201,202,200],"class_list":{"0":"post-10716","1":"product","2":"type-product","3":"status-publish","4":"has-post-thumbnail","6":"product_cat-autumn-winter-22-23","7":"product_cat-faldas","8":"product_tag-etnico","9":"product_tag-social","10":"product_tag-sostenible","12":"first","13":"outofstock","14":"shipping-taxable","15":"purchasable","16":"product-type-simple"},"yoast_head":"<!-- This site is optimized with the Yoast SEO plugin v25.2 - https:\/\/yoast.com\/wordpress\/plugins\/seo\/ -->\n<title>FALDA ANACO - Adriana Santacruz<\/title>\n<meta name=\"description\" content=\"FALDA ANACO - Inspirada en un atuendo ind\u00edgena, esta falda representa la protecci\u00f3n del vientre. Construida por rect\u00e1ngulos largos de tejido unidos en la cintura. Ideal para usarse encima de un b\u00e1sico (leggins, pantalones, etc.). Intervienen t\u00e9cnicas de tejido en telar de cintura con adornos en terciopelo plizado.  Talla \u00fanica (apta para tallas S, M)  100% Algod\u00f3n  Lavado en seco. - prendas elaboradas en telar, con t\u00e9cnicas artesanales ind\u00edgenas.\" \/>\n<meta name=\"robots\" content=\"index, follow, max-snippet:-1, max-image-preview:large, max-video-preview:-1\" \/>\n<link rel=\"canonical\" href=\"https:\/\/adrianasantacruz.com\/en\/product\/falda-anaco-3\/\" \/>\n<meta property=\"og:locale\" content=\"en_US\" \/>\n<meta property=\"og:type\" content=\"article\" \/>\n<meta property=\"og:title\" content=\"FALDA ANACO - Adriana Santacruz\" \/>\n<meta property=\"og:description\" content=\"FALDA ANACO - Inspirada en un atuendo ind\u00edgena, esta falda representa la protecci\u00f3n del vientre. Construida por rect\u00e1ngulos largos de tejido unidos en la cintura. Ideal para usarse encima de un b\u00e1sico (leggins, pantalones, etc.). Intervienen t\u00e9cnicas de tejido en telar de cintura con adornos en terciopelo plizado.  Talla \u00fanica (apta para tallas S, M)  100% Algod\u00f3n  Lavado en seco. - prendas elaboradas en telar, con t\u00e9cnicas artesanales ind\u00edgenas.\" \/>\n<meta property=\"og:url\" content=\"https:\/\/adrianasantacruz.com\/en\/product\/falda-anaco-3\/\" \/>\n<meta property=\"og:site_name\" content=\"Adriana Santacruz\" \/>\n<meta property=\"article:publisher\" content=\"https:\/\/www.facebook.com\/santacruz.adriana\/\" \/>\n<meta property=\"article:modified_time\" content=\"2026-03-13T18:22:16+00:00\" \/>\n<meta property=\"og:image\" content=\"https:\/\/adrianasantacruz.com\/wp-content\/uploads\/2022\/05\/14.-ANACO-1.jpg\" \/>\n\t<meta property=\"og:image:width\" content=\"1862\" \/>\n\t<meta property=\"og:image:height\" content=\"2328\" \/>\n\t<meta property=\"og:image:type\" content=\"image\/jpeg\" \/>\n<meta name=\"twitter:card\" content=\"summary_large_image\" \/>\n<meta name=\"twitter:label1\" content=\"Est. reading time\" \/>\n\t<meta name=\"twitter:data1\" content=\"1 minute\" \/>\n<script type=\"application\/ld+json\" class=\"yoast-schema-graph\">{\"@context\":\"https:\/\/schema.org\",\"@graph\":[{\"@type\":\"WebPage\",\"@id\":\"https:\/\/adrianasantacruz.com\/product\/falda-anaco-3\/\",\"url\":\"https:\/\/adrianasantacruz.com\/product\/falda-anaco-3\/\",\"name\":\"FALDA ANACO - Adriana Santacruz\",\"isPartOf\":{\"@id\":\"https:\/\/adrianasantacruz.com\/#website\"},\"primaryImageOfPage\":{\"@id\":\"https:\/\/adrianasantacruz.com\/product\/falda-anaco-3\/#primaryimage\"},\"image\":{\"@id\":\"https:\/\/adrianasantacruz.com\/product\/falda-anaco-3\/#primaryimage\"},\"thumbnailUrl\":\"https:\/\/adrianasantacruz.com\/wp-content\/uploads\/2022\/05\/14.-ANACO-1.jpg\",\"datePublished\":\"2022-05-04T02:12:34+00:00\",\"dateModified\":\"2026-03-13T18:22:16+00:00\",\"description\":\"FALDA ANACO - Inspirada en un atuendo ind\u00edgena, esta falda representa la protecci\u00f3n del vientre. Construida por rect\u00e1ngulos largos de tejido unidos en la cintura. Ideal para usarse encima de un b\u00e1sico (leggins, pantalones, etc.). Intervienen t\u00e9cnicas de tejido en telar de cintura con adornos en terciopelo plizado. Talla \u00fanica (apta para tallas S, M) 100% Algod\u00f3n Lavado en seco. - prendas elaboradas en telar, con t\u00e9cnicas artesanales ind\u00edgenas.\",\"breadcrumb\":{\"@id\":\"https:\/\/adrianasantacruz.com\/product\/falda-anaco-3\/#breadcrumb\"},\"inLanguage\":\"en-US\",\"potentialAction\":[{\"@type\":\"ReadAction\",\"target\":[\"https:\/\/adrianasantacruz.com\/product\/falda-anaco-3\/\"]}]},{\"@type\":\"ImageObject\",\"inLanguage\":\"en-US\",\"@id\":\"https:\/\/adrianasantacruz.com\/product\/falda-anaco-3\/#primaryimage\",\"url\":\"https:\/\/adrianasantacruz.com\/wp-content\/uploads\/2022\/05\/14.-ANACO-1.jpg\",\"contentUrl\":\"https:\/\/adrianasantacruz.com\/wp-content\/uploads\/2022\/05\/14.-ANACO-1.jpg\",\"width\":1862,\"height\":2328},{\"@type\":\"BreadcrumbList\",\"@id\":\"https:\/\/adrianasantacruz.com\/product\/falda-anaco-3\/#breadcrumb\",\"itemListElement\":[{\"@type\":\"ListItem\",\"position\":1,\"name\":\"Portada\",\"item\":\"https:\/\/adrianasantacruz.com\/\"},{\"@type\":\"ListItem\",\"position\":2,\"name\":\"Shop\",\"item\":\"https:\/\/adrianasantacruz.com\/shop\/\"},{\"@type\":\"ListItem\",\"position\":3,\"name\":\"FALDA ANACO\"}]},{\"@type\":\"WebSite\",\"@id\":\"https:\/\/adrianasantacruz.com\/#website\",\"url\":\"https:\/\/adrianasantacruz.com\/\",\"name\":\"Adriana Santacruz\",\"description\":\"Ruanas Tejidas | Telar ind\u00edgena precolombino\",\"publisher\":{\"@id\":\"https:\/\/adrianasantacruz.com\/#organization\"},\"potentialAction\":[{\"@type\":\"SearchAction\",\"target\":{\"@type\":\"EntryPoint\",\"urlTemplate\":\"https:\/\/adrianasantacruz.com\/?s={search_term_string}\"},\"query-input\":{\"@type\":\"PropertyValueSpecification\",\"valueRequired\":true,\"valueName\":\"search_term_string\"}}],\"inLanguage\":\"en-US\"},{\"@type\":\"Organization\",\"@id\":\"https:\/\/adrianasantacruz.com\/#organization\",\"name\":\"Adriana Santacruz\",\"url\":\"https:\/\/adrianasantacruz.com\/\",\"logo\":{\"@type\":\"ImageObject\",\"inLanguage\":\"en-US\",\"@id\":\"https:\/\/adrianasantacruz.com\/#\/schema\/logo\/image\/\",\"url\":\"http:\/\/adrianasantacruz.com\/wp-content\/uploads\/2020\/10\/Logo-adriana-Santacruz-NEGRO.png\",\"contentUrl\":\"http:\/\/adrianasantacruz.com\/wp-content\/uploads\/2020\/10\/Logo-adriana-Santacruz-NEGRO.png\",\"width\":400,\"height\":38,\"caption\":\"Adriana Santacruz\"},\"image\":{\"@id\":\"https:\/\/adrianasantacruz.com\/#\/schema\/logo\/image\/\"},\"sameAs\":[\"https:\/\/www.facebook.com\/santacruz.adriana\/\",\"https:\/\/www.instagram.com\/byadrianasantacruz\",\"https:\/\/es.wikipedia.org\/wiki\/Adriana_Santacruz\"]}]}<\/script>\n<!-- \/ Yoast SEO plugin. -->","yoast_head_json":{"title":"FALDA ANACO - Adriana Santacruz","description":"FALDA ANACO - Inspirada en un atuendo ind\u00edgena, esta falda representa la protecci\u00f3n del vientre. Construida por rect\u00e1ngulos largos de tejido unidos en la cintura. Ideal para usarse encima de un b\u00e1sico (leggins, pantalones, etc.). Intervienen t\u00e9cnicas de tejido en telar de cintura con adornos en terciopelo plizado.  Talla \u00fanica (apta para tallas S, M)  100% Algod\u00f3n  Lavado en seco. - prendas elaboradas en telar, con t\u00e9cnicas artesanales ind\u00edgenas.","robots":{"index":"index","follow":"follow","max-snippet":"max-snippet:-1","max-image-preview":"max-image-preview:large","max-video-preview":"max-video-preview:-1"},"canonical":"https:\/\/adrianasantacruz.com\/en\/product\/falda-anaco-3\/","og_locale":"en_US","og_type":"article","og_title":"FALDA ANACO - Adriana Santacruz","og_description":"FALDA ANACO - Inspirada en un atuendo ind\u00edgena, esta falda representa la protecci\u00f3n del vientre. Construida por rect\u00e1ngulos largos de tejido unidos en la cintura. Ideal para usarse encima de un b\u00e1sico (leggins, pantalones, etc.). Intervienen t\u00e9cnicas de tejido en telar de cintura con adornos en terciopelo plizado.  Talla \u00fanica (apta para tallas S, M)  100% Algod\u00f3n  Lavado en seco. - prendas elaboradas en telar, con t\u00e9cnicas artesanales ind\u00edgenas.","og_url":"https:\/\/adrianasantacruz.com\/en\/product\/falda-anaco-3\/","og_site_name":"Adriana Santacruz","article_publisher":"https:\/\/www.facebook.com\/santacruz.adriana\/","article_modified_time":"2026-03-13T18:22:16+00:00","og_image":[{"width":1862,"height":2328,"url":"https:\/\/adrianasantacruz.com\/wp-content\/uploads\/2022\/05\/14.-ANACO-1.jpg","type":"image\/jpeg"}],"twitter_card":"summary_large_image","twitter_misc":{"Est. reading time":"1 minute"},"schema":{"@context":"https:\/\/schema.org","@graph":[{"@type":"WebPage","@id":"https:\/\/adrianasantacruz.com\/product\/falda-anaco-3\/","url":"https:\/\/adrianasantacruz.com\/product\/falda-anaco-3\/","name":"FALDA ANACO - Adriana Santacruz","isPartOf":{"@id":"https:\/\/adrianasantacruz.com\/#website"},"primaryImageOfPage":{"@id":"https:\/\/adrianasantacruz.com\/product\/falda-anaco-3\/#primaryimage"},"image":{"@id":"https:\/\/adrianasantacruz.com\/product\/falda-anaco-3\/#primaryimage"},"thumbnailUrl":"https:\/\/adrianasantacruz.com\/wp-content\/uploads\/2022\/05\/14.-ANACO-1.jpg","datePublished":"2022-05-04T02:12:34+00:00","dateModified":"2026-03-13T18:22:16+00:00","description":"FALDA ANACO - Inspirada en un atuendo ind\u00edgena, esta falda representa la protecci\u00f3n del vientre. Construida por rect\u00e1ngulos largos de tejido unidos en la cintura. Ideal para usarse encima de un b\u00e1sico (leggins, pantalones, etc.). Intervienen t\u00e9cnicas de tejido en telar de cintura con adornos en terciopelo plizado. Talla \u00fanica (apta para tallas S, M) 100% Algod\u00f3n Lavado en seco. - prendas elaboradas en telar, con t\u00e9cnicas artesanales ind\u00edgenas.","breadcrumb":{"@id":"https:\/\/adrianasantacruz.com\/product\/falda-anaco-3\/#breadcrumb"},"inLanguage":"en-US","potentialAction":[{"@type":"ReadAction","target":["https:\/\/adrianasantacruz.com\/product\/falda-anaco-3\/"]}]},{"@type":"ImageObject","inLanguage":"en-US","@id":"https:\/\/adrianasantacruz.com\/product\/falda-anaco-3\/#primaryimage","url":"https:\/\/adrianasantacruz.com\/wp-content\/uploads\/2022\/05\/14.-ANACO-1.jpg","contentUrl":"https:\/\/adrianasantacruz.com\/wp-content\/uploads\/2022\/05\/14.-ANACO-1.jpg","width":1862,"height":2328},{"@type":"BreadcrumbList","@id":"https:\/\/adrianasantacruz.com\/product\/falda-anaco-3\/#breadcrumb","itemListElement":[{"@type":"ListItem","position":1,"name":"Portada","item":"https:\/\/adrianasantacruz.com\/"},{"@type":"ListItem","position":2,"name":"Shop","item":"https:\/\/adrianasantacruz.com\/shop\/"},{"@type":"ListItem","position":3,"name":"FALDA ANACO"}]},{"@type":"WebSite","@id":"https:\/\/adrianasantacruz.com\/#website","url":"https:\/\/adrianasantacruz.com\/","name":"Adriana Santacruz","description":"Ruanas Tejidas | Telar ind\u00edgena precolombino","publisher":{"@id":"https:\/\/adrianasantacruz.com\/#organization"},"potentialAction":[{"@type":"SearchAction","target":{"@type":"EntryPoint","urlTemplate":"https:\/\/adrianasantacruz.com\/?s={search_term_string}"},"query-input":{"@type":"PropertyValueSpecification","valueRequired":true,"valueName":"search_term_string"}}],"inLanguage":"en-US"},{"@type":"Organization","@id":"https:\/\/adrianasantacruz.com\/#organization","name":"Adriana Santacruz","url":"https:\/\/adrianasantacruz.com\/","logo":{"@type":"ImageObject","inLanguage":"en-US","@id":"https:\/\/adrianasantacruz.com\/#\/schema\/logo\/image\/","url":"http:\/\/adrianasantacruz.com\/wp-content\/uploads\/2020\/10\/Logo-adriana-Santacruz-NEGRO.png","contentUrl":"http:\/\/adrianasantacruz.com\/wp-content\/uploads\/2020\/10\/Logo-adriana-Santacruz-NEGRO.png","width":400,"height":38,"caption":"Adriana Santacruz"},"image":{"@id":"https:\/\/adrianasantacruz.com\/#\/schema\/logo\/image\/"},"sameAs":["https:\/\/www.facebook.com\/santacruz.adriana\/","https:\/\/www.instagram.com\/byadrianasantacruz","https:\/\/es.wikipedia.org\/wiki\/Adriana_Santacruz"]}]}},"_links":{"self":[{"href":"https:\/\/adrianasantacruz.com\/en\/wp-json\/wp\/v2\/product\/10716","targetHints":{"allow":["GET"]}}],"collection":[{"href":"https:\/\/adrianasantacruz.com\/en\/wp-json\/wp\/v2\/product"}],"about":[{"href":"https:\/\/adrianasantacruz.com\/en\/wp-json\/wp\/v2\/types\/product"}],"replies":[{"embeddable":true,"href":"https:\/\/adrianasantacruz.com\/en\/wp-json\/wp\/v2\/comments?post=10716"}],"version-history":[{"count":0,"href":"https:\/\/adrianasantacruz.com\/en\/wp-json\/wp\/v2\/product\/10716\/revisions"}],"wp:featuredmedia":[{"embeddable":true,"href":"https:\/\/adrianasantacruz.com\/en\/wp-json\/wp\/v2\/media\/10642"}],"wp:attachment":[{"href":"https:\/\/adrianasantacruz.com\/en\/wp-json\/wp\/v2\/media?parent=10716"}],"wp:term":[{"taxonomy":"product_brand","embeddable":true,"href":"https:\/\/adrianasantacruz.com\/en\/wp-json\/wp\/v2\/product_brand?post=10716"},{"taxonomy":"product_cat","embeddable":true,"href":"https:\/\/adrianasantacruz.com\/en\/wp-json\/wp\/v2\/product_cat?post=10716"},{"taxonomy":"product_tag","embeddable":true,"href":"https:\/\/adrianasantacruz.com\/en\/wp-json\/wp\/v2\/product_tag?post=10716"}],"curies":[{"name":"wp","href":"https:\/\/api.w.org\/{rel}","templated":true}]}}