{"id":11018,"date":"2022-11-25T14:38:54","date_gmt":"2022-11-25T19:38:54","guid":{"rendered":"https:\/\/adrianasantacruz.com\/?post_type=product&#038;p=11018"},"modified":"2026-03-13T13:33:49","modified_gmt":"2026-03-13T18:33:49","slug":"escudo-abano","status":"publish","type":"product","link":"https:\/\/adrianasantacruz.com\/en\/product\/escudo-abano\/","title":{"rendered":"ESCUDO ABANO"},"content":{"rendered":"","protected":false},"excerpt":{"rendered":"<p>Structured piece, with a wide and fluid silhouette, in the shape of a globe, with front buttons and details made by hand. It is a versatile garment that can be worn in different ways.\nIt is complemented with handcrafted fabrics on the neck, cuffs, sides, and belt.<\/p>\n<p>One size fits all (fits S, M, L, XL)<\/p>\n<p>100% cotton<\/p>\n<p>Dry Cleaning, Do not use detergent, Steam Ironing<\/p>\n<p>ESTE PRODUCTO NO ESTA DISPONIBLE PARA ENVIO INMEDIATO, REQUIERE UN TIEMPO DE ELBORACI\u00d3N<\/p>","protected":false},"featured_media":11163,"comment_status":"open","ping_status":"closed","template":"","meta":{"_monsterinsights_skip_tracking":false,"_monsterinsights_sitenote_active":false,"_monsterinsights_sitenote_note":"","_monsterinsights_sitenote_category":0,"_joinchat":[]},"product_brand":[],"product_cat":[205,207],"product_tag":[],"class_list":{"0":"post-11018","1":"product","2":"type-product","3":"status-publish","4":"has-post-thumbnail","6":"product_cat-camison","7":"product_cat-spring-summer-23","9":"first","10":"onbackorder","11":"shipping-taxable","12":"purchasable","13":"product-type-simple"},"yoast_head":"<!-- This site is optimized with the Yoast SEO plugin v25.2 - https:\/\/yoast.com\/wordpress\/plugins\/seo\/ -->\n<title>ESCUDO ABANO - Adriana Santacruz<\/title>\n<meta name=\"description\" content=\"ESCUDO ABANO - Pieza estructurada, de silueta amplia y fluida, en forma de globo, con botonadura delantera y terminados a mano. Es una prenda vers\u00e1til, que se la puede llevar como camis\u00f3n o capa. Se complementa con tejidos en cuello, pu\u00f1os, laterales y cintur\u00f3n.  Talla \u00fanica (apta para tallas S, M, L, XL)  100% Algod\u00f3n  Lavado en seco, No usar detergente o blanqueador  ESTE PRODUCTO NO ESTA DISPONIBLE PARA ENVIO INMEDIATO, REQUIERE UN TIEMPO DE ELBORACI\u00d3N - prendas elaboradas en telar, con t\u00e9cnicas artesanales ind\u00edgenas.\" \/>\n<meta name=\"robots\" content=\"index, follow, max-snippet:-1, max-image-preview:large, max-video-preview:-1\" \/>\n<link rel=\"canonical\" href=\"https:\/\/adrianasantacruz.com\/en\/product\/escudo-abano\/\" \/>\n<meta property=\"og:locale\" content=\"en_US\" \/>\n<meta property=\"og:type\" content=\"article\" \/>\n<meta property=\"og:title\" content=\"ESCUDO ABANO - Adriana Santacruz\" \/>\n<meta property=\"og:description\" content=\"ESCUDO ABANO - Pieza estructurada, de silueta amplia y fluida, en forma de globo, con botonadura delantera y terminados a mano. Es una prenda vers\u00e1til, que se la puede llevar como camis\u00f3n o capa. Se complementa con tejidos en cuello, pu\u00f1os, laterales y cintur\u00f3n.  Talla \u00fanica (apta para tallas S, M, L, XL)  100% Algod\u00f3n  Lavado en seco, No usar detergente o blanqueador  ESTE PRODUCTO NO ESTA DISPONIBLE PARA ENVIO INMEDIATO, REQUIERE UN TIEMPO DE ELBORACI\u00d3N - prendas elaboradas en telar, con t\u00e9cnicas artesanales ind\u00edgenas.\" \/>\n<meta property=\"og:url\" content=\"https:\/\/adrianasantacruz.com\/en\/product\/escudo-abano\/\" \/>\n<meta property=\"og:site_name\" content=\"Adriana Santacruz\" \/>\n<meta property=\"article:publisher\" content=\"https:\/\/www.facebook.com\/santacruz.adriana\/\" \/>\n<meta property=\"article:modified_time\" content=\"2026-03-13T18:33:49+00:00\" \/>\n<meta property=\"og:image\" content=\"https:\/\/adrianasantacruz.com\/wp-content\/uploads\/2022\/11\/10-1.png\" \/>\n\t<meta property=\"og:image:width\" content=\"738\" \/>\n\t<meta property=\"og:image:height\" content=\"1110\" \/>\n\t<meta property=\"og:image:type\" content=\"image\/png\" \/>\n<meta name=\"twitter:card\" content=\"summary_large_image\" \/>\n<meta name=\"twitter:label1\" content=\"Est. reading time\" \/>\n\t<meta name=\"twitter:data1\" content=\"1 minute\" \/>\n<script type=\"application\/ld+json\" class=\"yoast-schema-graph\">{\"@context\":\"https:\/\/schema.org\",\"@graph\":[{\"@type\":\"WebPage\",\"@id\":\"https:\/\/adrianasantacruz.com\/product\/escudo-abano\/\",\"url\":\"https:\/\/adrianasantacruz.com\/product\/escudo-abano\/\",\"name\":\"ESCUDO ABANO - Adriana Santacruz\",\"isPartOf\":{\"@id\":\"https:\/\/adrianasantacruz.com\/#website\"},\"primaryImageOfPage\":{\"@id\":\"https:\/\/adrianasantacruz.com\/product\/escudo-abano\/#primaryimage\"},\"image\":{\"@id\":\"https:\/\/adrianasantacruz.com\/product\/escudo-abano\/#primaryimage\"},\"thumbnailUrl\":\"https:\/\/adrianasantacruz.com\/wp-content\/uploads\/2022\/11\/10-1.png\",\"datePublished\":\"2022-11-25T19:38:54+00:00\",\"dateModified\":\"2026-03-13T18:33:49+00:00\",\"description\":\"ESCUDO ABANO - Pieza estructurada, de silueta amplia y fluida, en forma de globo, con botonadura delantera y terminados a mano. Es una prenda vers\u00e1til, que se la puede llevar como camis\u00f3n o capa. Se complementa con tejidos en cuello, pu\u00f1os, laterales y cintur\u00f3n. Talla \u00fanica (apta para tallas S, M, L, XL) 100% Algod\u00f3n Lavado en seco, No usar detergente o blanqueador ESTE PRODUCTO NO ESTA DISPONIBLE PARA ENVIO INMEDIATO, REQUIERE UN TIEMPO DE ELBORACI\u00d3N - prendas elaboradas en telar, con t\u00e9cnicas artesanales ind\u00edgenas.\",\"breadcrumb\":{\"@id\":\"https:\/\/adrianasantacruz.com\/product\/escudo-abano\/#breadcrumb\"},\"inLanguage\":\"en-US\",\"potentialAction\":[{\"@type\":\"ReadAction\",\"target\":[\"https:\/\/adrianasantacruz.com\/product\/escudo-abano\/\"]}]},{\"@type\":\"ImageObject\",\"inLanguage\":\"en-US\",\"@id\":\"https:\/\/adrianasantacruz.com\/product\/escudo-abano\/#primaryimage\",\"url\":\"https:\/\/adrianasantacruz.com\/wp-content\/uploads\/2022\/11\/10-1.png\",\"contentUrl\":\"https:\/\/adrianasantacruz.com\/wp-content\/uploads\/2022\/11\/10-1.png\",\"width\":738,\"height\":1110},{\"@type\":\"BreadcrumbList\",\"@id\":\"https:\/\/adrianasantacruz.com\/product\/escudo-abano\/#breadcrumb\",\"itemListElement\":[{\"@type\":\"ListItem\",\"position\":1,\"name\":\"Portada\",\"item\":\"https:\/\/adrianasantacruz.com\/\"},{\"@type\":\"ListItem\",\"position\":2,\"name\":\"Shop\",\"item\":\"https:\/\/adrianasantacruz.com\/shop\/\"},{\"@type\":\"ListItem\",\"position\":3,\"name\":\"ESCUDO ABANO\"}]},{\"@type\":\"WebSite\",\"@id\":\"https:\/\/adrianasantacruz.com\/#website\",\"url\":\"https:\/\/adrianasantacruz.com\/\",\"name\":\"Adriana Santacruz\",\"description\":\"Ruanas Tejidas | Telar ind\u00edgena precolombino\",\"publisher\":{\"@id\":\"https:\/\/adrianasantacruz.com\/#organization\"},\"potentialAction\":[{\"@type\":\"SearchAction\",\"target\":{\"@type\":\"EntryPoint\",\"urlTemplate\":\"https:\/\/adrianasantacruz.com\/?s={search_term_string}\"},\"query-input\":{\"@type\":\"PropertyValueSpecification\",\"valueRequired\":true,\"valueName\":\"search_term_string\"}}],\"inLanguage\":\"en-US\"},{\"@type\":\"Organization\",\"@id\":\"https:\/\/adrianasantacruz.com\/#organization\",\"name\":\"Adriana Santacruz\",\"url\":\"https:\/\/adrianasantacruz.com\/\",\"logo\":{\"@type\":\"ImageObject\",\"inLanguage\":\"en-US\",\"@id\":\"https:\/\/adrianasantacruz.com\/#\/schema\/logo\/image\/\",\"url\":\"http:\/\/adrianasantacruz.com\/wp-content\/uploads\/2020\/10\/Logo-adriana-Santacruz-NEGRO.png\",\"contentUrl\":\"http:\/\/adrianasantacruz.com\/wp-content\/uploads\/2020\/10\/Logo-adriana-Santacruz-NEGRO.png\",\"width\":400,\"height\":38,\"caption\":\"Adriana Santacruz\"},\"image\":{\"@id\":\"https:\/\/adrianasantacruz.com\/#\/schema\/logo\/image\/\"},\"sameAs\":[\"https:\/\/www.facebook.com\/santacruz.adriana\/\",\"https:\/\/www.instagram.com\/byadrianasantacruz\",\"https:\/\/es.wikipedia.org\/wiki\/Adriana_Santacruz\"]}]}<\/script>\n<!-- \/ Yoast SEO plugin. -->","yoast_head_json":{"title":"ESCUDO ABANO - Adriana Santacruz","description":"ESCUDO ABANO - Pieza estructurada, de silueta amplia y fluida, en forma de globo, con botonadura delantera y terminados a mano. Es una prenda vers\u00e1til, que se la puede llevar como camis\u00f3n o capa. Se complementa con tejidos en cuello, pu\u00f1os, laterales y cintur\u00f3n.  Talla \u00fanica (apta para tallas S, M, L, XL)  100% Algod\u00f3n  Lavado en seco, No usar detergente o blanqueador  ESTE PRODUCTO NO ESTA DISPONIBLE PARA ENVIO INMEDIATO, REQUIERE UN TIEMPO DE ELBORACI\u00d3N - prendas elaboradas en telar, con t\u00e9cnicas artesanales ind\u00edgenas.","robots":{"index":"index","follow":"follow","max-snippet":"max-snippet:-1","max-image-preview":"max-image-preview:large","max-video-preview":"max-video-preview:-1"},"canonical":"https:\/\/adrianasantacruz.com\/en\/product\/escudo-abano\/","og_locale":"en_US","og_type":"article","og_title":"ESCUDO ABANO - Adriana Santacruz","og_description":"ESCUDO ABANO - Pieza estructurada, de silueta amplia y fluida, en forma de globo, con botonadura delantera y terminados a mano. Es una prenda vers\u00e1til, que se la puede llevar como camis\u00f3n o capa. Se complementa con tejidos en cuello, pu\u00f1os, laterales y cintur\u00f3n.  Talla \u00fanica (apta para tallas S, M, L, XL)  100% Algod\u00f3n  Lavado en seco, No usar detergente o blanqueador  ESTE PRODUCTO NO ESTA DISPONIBLE PARA ENVIO INMEDIATO, REQUIERE UN TIEMPO DE ELBORACI\u00d3N - prendas elaboradas en telar, con t\u00e9cnicas artesanales ind\u00edgenas.","og_url":"https:\/\/adrianasantacruz.com\/en\/product\/escudo-abano\/","og_site_name":"Adriana Santacruz","article_publisher":"https:\/\/www.facebook.com\/santacruz.adriana\/","article_modified_time":"2026-03-13T18:33:49+00:00","og_image":[{"width":738,"height":1110,"url":"https:\/\/adrianasantacruz.com\/wp-content\/uploads\/2022\/11\/10-1.png","type":"image\/png"}],"twitter_card":"summary_large_image","twitter_misc":{"Est. reading time":"1 minute"},"schema":{"@context":"https:\/\/schema.org","@graph":[{"@type":"WebPage","@id":"https:\/\/adrianasantacruz.com\/product\/escudo-abano\/","url":"https:\/\/adrianasantacruz.com\/product\/escudo-abano\/","name":"ESCUDO ABANO - Adriana Santacruz","isPartOf":{"@id":"https:\/\/adrianasantacruz.com\/#website"},"primaryImageOfPage":{"@id":"https:\/\/adrianasantacruz.com\/product\/escudo-abano\/#primaryimage"},"image":{"@id":"https:\/\/adrianasantacruz.com\/product\/escudo-abano\/#primaryimage"},"thumbnailUrl":"https:\/\/adrianasantacruz.com\/wp-content\/uploads\/2022\/11\/10-1.png","datePublished":"2022-11-25T19:38:54+00:00","dateModified":"2026-03-13T18:33:49+00:00","description":"ESCUDO ABANO - Pieza estructurada, de silueta amplia y fluida, en forma de globo, con botonadura delantera y terminados a mano. Es una prenda vers\u00e1til, que se la puede llevar como camis\u00f3n o capa. Se complementa con tejidos en cuello, pu\u00f1os, laterales y cintur\u00f3n. Talla \u00fanica (apta para tallas S, M, L, XL) 100% Algod\u00f3n Lavado en seco, No usar detergente o blanqueador ESTE PRODUCTO NO ESTA DISPONIBLE PARA ENVIO INMEDIATO, REQUIERE UN TIEMPO DE ELBORACI\u00d3N - prendas elaboradas en telar, con t\u00e9cnicas artesanales ind\u00edgenas.","breadcrumb":{"@id":"https:\/\/adrianasantacruz.com\/product\/escudo-abano\/#breadcrumb"},"inLanguage":"en-US","potentialAction":[{"@type":"ReadAction","target":["https:\/\/adrianasantacruz.com\/product\/escudo-abano\/"]}]},{"@type":"ImageObject","inLanguage":"en-US","@id":"https:\/\/adrianasantacruz.com\/product\/escudo-abano\/#primaryimage","url":"https:\/\/adrianasantacruz.com\/wp-content\/uploads\/2022\/11\/10-1.png","contentUrl":"https:\/\/adrianasantacruz.com\/wp-content\/uploads\/2022\/11\/10-1.png","width":738,"height":1110},{"@type":"BreadcrumbList","@id":"https:\/\/adrianasantacruz.com\/product\/escudo-abano\/#breadcrumb","itemListElement":[{"@type":"ListItem","position":1,"name":"Portada","item":"https:\/\/adrianasantacruz.com\/"},{"@type":"ListItem","position":2,"name":"Shop","item":"https:\/\/adrianasantacruz.com\/shop\/"},{"@type":"ListItem","position":3,"name":"ESCUDO ABANO"}]},{"@type":"WebSite","@id":"https:\/\/adrianasantacruz.com\/#website","url":"https:\/\/adrianasantacruz.com\/","name":"Adriana Santacruz","description":"Ruanas Tejidas | Telar ind\u00edgena precolombino","publisher":{"@id":"https:\/\/adrianasantacruz.com\/#organization"},"potentialAction":[{"@type":"SearchAction","target":{"@type":"EntryPoint","urlTemplate":"https:\/\/adrianasantacruz.com\/?s={search_term_string}"},"query-input":{"@type":"PropertyValueSpecification","valueRequired":true,"valueName":"search_term_string"}}],"inLanguage":"en-US"},{"@type":"Organization","@id":"https:\/\/adrianasantacruz.com\/#organization","name":"Adriana Santacruz","url":"https:\/\/adrianasantacruz.com\/","logo":{"@type":"ImageObject","inLanguage":"en-US","@id":"https:\/\/adrianasantacruz.com\/#\/schema\/logo\/image\/","url":"http:\/\/adrianasantacruz.com\/wp-content\/uploads\/2020\/10\/Logo-adriana-Santacruz-NEGRO.png","contentUrl":"http:\/\/adrianasantacruz.com\/wp-content\/uploads\/2020\/10\/Logo-adriana-Santacruz-NEGRO.png","width":400,"height":38,"caption":"Adriana Santacruz"},"image":{"@id":"https:\/\/adrianasantacruz.com\/#\/schema\/logo\/image\/"},"sameAs":["https:\/\/www.facebook.com\/santacruz.adriana\/","https:\/\/www.instagram.com\/byadrianasantacruz","https:\/\/es.wikipedia.org\/wiki\/Adriana_Santacruz"]}]}},"_links":{"self":[{"href":"https:\/\/adrianasantacruz.com\/en\/wp-json\/wp\/v2\/product\/11018","targetHints":{"allow":["GET"]}}],"collection":[{"href":"https:\/\/adrianasantacruz.com\/en\/wp-json\/wp\/v2\/product"}],"about":[{"href":"https:\/\/adrianasantacruz.com\/en\/wp-json\/wp\/v2\/types\/product"}],"replies":[{"embeddable":true,"href":"https:\/\/adrianasantacruz.com\/en\/wp-json\/wp\/v2\/comments?post=11018"}],"version-history":[{"count":0,"href":"https:\/\/adrianasantacruz.com\/en\/wp-json\/wp\/v2\/product\/11018\/revisions"}],"wp:featuredmedia":[{"embeddable":true,"href":"https:\/\/adrianasantacruz.com\/en\/wp-json\/wp\/v2\/media\/11163"}],"wp:attachment":[{"href":"https:\/\/adrianasantacruz.com\/en\/wp-json\/wp\/v2\/media?parent=11018"}],"wp:term":[{"taxonomy":"product_brand","embeddable":true,"href":"https:\/\/adrianasantacruz.com\/en\/wp-json\/wp\/v2\/product_brand?post=11018"},{"taxonomy":"product_cat","embeddable":true,"href":"https:\/\/adrianasantacruz.com\/en\/wp-json\/wp\/v2\/product_cat?post=11018"},{"taxonomy":"product_tag","embeddable":true,"href":"https:\/\/adrianasantacruz.com\/en\/wp-json\/wp\/v2\/product_tag?post=11018"}],"curies":[{"name":"wp","href":"https:\/\/api.w.org\/{rel}","templated":true}]}}