{"id":11364,"date":"2023-04-14T09:42:45","date_gmt":"2023-04-14T14:42:45","guid":{"rendered":"https:\/\/adrianasantacruz.com\/?post_type=product&#038;p=11364"},"modified":"2025-06-19T08:41:06","modified_gmt":"2025-06-19T13:41:06","slug":"frou-frou-concept-bolso-azul","status":"publish","type":"product","link":"https:\/\/adrianasantacruz.com\/en\/product\/frou-frou-concept-bolso-azul\/","title":{"rendered":"Frou-Frou Concept Bag Blue"},"content":{"rendered":"","protected":false},"excerpt":{"rendered":"<p style=\"font-weight: 400;\">The Frou-Frou Concept Bag, it\u2019s a very modern &amp; versatile flat bag that transforms into a beautiful pleated bag. This bag can be used in 3 positions that give your bag a different look. It is made with the best soft leather imported from Europe and mixed with wonderful weaves created exclusively by Adriana Santacruz for this \u00ab Hand to Hand '' collaboration with the Franco-Colombian leather goods brand Atelier Artisanal.<\/p>\n<p style=\"font-weight: 400;\">It is a limited numbered edition available in 2 versions of colors.<\/p>\n<p style=\"font-weight: 400;\">Size of the bag: 38 cm width x 37,5 cm height<\/p>","protected":false},"featured_media":11368,"comment_status":"open","ping_status":"closed","template":"","meta":{"_monsterinsights_skip_tracking":false,"_monsterinsights_sitenote_active":false,"_monsterinsights_sitenote_note":"","_monsterinsights_sitenote_category":0,"_joinchat":[]},"product_brand":[],"product_cat":[211,212],"product_tag":[],"class_list":{"0":"post-11364","1":"product","2":"type-product","3":"status-publish","4":"has-post-thumbnail","6":"product_cat-bolso","7":"product_cat-colaboraciones","9":"first","10":"instock","11":"shipping-taxable","12":"purchasable","13":"product-type-simple"},"yoast_head":"<!-- This site is optimized with the Yoast SEO plugin v25.2 - https:\/\/yoast.com\/wordpress\/plugins\/seo\/ -->\n<title>Frou-Frou Concept Bolso Azul - Adriana Santacruz<\/title>\n<meta name=\"description\" content=\"Frou-Frou Concept Bolso Azul - El Frou-Frou Concept Bag, es un bolso plano muy moderno y vers\u00e1til que se transforma en un hermoso bolso plisado. Este bolso se puede usar en 3 posiciones que le dan a tu bolso un aspecto diferente. Est\u00e1 elaborado con el mejor cuero suave importado de Europa y mezclado con maravillosos tejidos creados exclusivamente por Adriana Santacruz para esta colaboraci\u00f3n \u201cHand is Hand\u201d con la marca Franco-Colombiana de marroquiner\u00eda Atelier Artisanal. Es una edici\u00f3n limitada numerada disponible en 2 versiones de colores. Tama\u00f1o de la bolsa: 38 cm ancho x 37,5 cm alto - prendas elaboradas en telar, con t\u00e9cnicas artesanales ind\u00edgenas.\" \/>\n<meta name=\"robots\" content=\"index, follow, max-snippet:-1, max-image-preview:large, max-video-preview:-1\" \/>\n<link rel=\"canonical\" href=\"https:\/\/adrianasantacruz.com\/en\/product\/frou-frou-concept-bolso-azul\/\" \/>\n<meta property=\"og:locale\" content=\"en_US\" \/>\n<meta property=\"og:type\" content=\"article\" \/>\n<meta property=\"og:title\" content=\"Frou-Frou Concept Bolso Azul - Adriana Santacruz\" \/>\n<meta property=\"og:description\" content=\"Frou-Frou Concept Bolso Azul - El Frou-Frou Concept Bag, es un bolso plano muy moderno y vers\u00e1til que se transforma en un hermoso bolso plisado. Este bolso se puede usar en 3 posiciones que le dan a tu bolso un aspecto diferente. Est\u00e1 elaborado con el mejor cuero suave importado de Europa y mezclado con maravillosos tejidos creados exclusivamente por Adriana Santacruz para esta colaboraci\u00f3n \u201cHand is Hand\u201d con la marca Franco-Colombiana de marroquiner\u00eda Atelier Artisanal. Es una edici\u00f3n limitada numerada disponible en 2 versiones de colores. Tama\u00f1o de la bolsa: 38 cm ancho x 37,5 cm alto - prendas elaboradas en telar, con t\u00e9cnicas artesanales ind\u00edgenas.\" \/>\n<meta property=\"og:url\" content=\"https:\/\/adrianasantacruz.com\/en\/product\/frou-frou-concept-bolso-azul\/\" \/>\n<meta property=\"og:site_name\" content=\"Adriana Santacruz\" \/>\n<meta property=\"article:publisher\" content=\"https:\/\/www.facebook.com\/santacruz.adriana\/\" \/>\n<meta property=\"article:modified_time\" content=\"2025-06-19T13:41:06+00:00\" \/>\n<meta property=\"og:image\" content=\"https:\/\/adrianasantacruz.com\/wp-content\/uploads\/2023\/04\/Frou-Frou-Concept-Bag-azul.4-scaled.jpg\" \/>\n\t<meta property=\"og:image:width\" content=\"2048\" \/>\n\t<meta property=\"og:image:height\" content=\"2560\" \/>\n\t<meta property=\"og:image:type\" content=\"image\/jpeg\" \/>\n<meta name=\"twitter:card\" content=\"summary_large_image\" \/>\n<meta name=\"twitter:label1\" content=\"Est. reading time\" \/>\n\t<meta name=\"twitter:data1\" content=\"1 minute\" \/>\n<script type=\"application\/ld+json\" class=\"yoast-schema-graph\">{\"@context\":\"https:\/\/schema.org\",\"@graph\":[{\"@type\":\"WebPage\",\"@id\":\"https:\/\/adrianasantacruz.com\/product\/frou-frou-concept-bolso-azul\/\",\"url\":\"https:\/\/adrianasantacruz.com\/product\/frou-frou-concept-bolso-azul\/\",\"name\":\"Frou-Frou Concept Bolso Azul - Adriana Santacruz\",\"isPartOf\":{\"@id\":\"https:\/\/adrianasantacruz.com\/#website\"},\"primaryImageOfPage\":{\"@id\":\"https:\/\/adrianasantacruz.com\/product\/frou-frou-concept-bolso-azul\/#primaryimage\"},\"image\":{\"@id\":\"https:\/\/adrianasantacruz.com\/product\/frou-frou-concept-bolso-azul\/#primaryimage\"},\"thumbnailUrl\":\"https:\/\/adrianasantacruz.com\/wp-content\/uploads\/2023\/04\/Frou-Frou-Concept-Bag-azul.4-scaled.jpg\",\"datePublished\":\"2023-04-14T14:42:45+00:00\",\"dateModified\":\"2025-06-19T13:41:06+00:00\",\"description\":\"Frou-Frou Concept Bolso Azul - El Frou-Frou Concept Bag, es un bolso plano muy moderno y vers\u00e1til que se transforma en un hermoso bolso plisado. Este bolso se puede usar en 3 posiciones que le dan a tu bolso un aspecto diferente. Est\u00e1 elaborado con el mejor cuero suave importado de Europa y mezclado con maravillosos tejidos creados exclusivamente por Adriana Santacruz para esta colaboraci\u00f3n \u201cHand is Hand\u201d con la marca Franco-Colombiana de marroquiner\u00eda Atelier Artisanal. Es una edici\u00f3n limitada numerada disponible en 2 versiones de colores. Tama\u00f1o de la bolsa: 38 cm ancho x 37,5 cm alto - prendas elaboradas en telar, con t\u00e9cnicas artesanales ind\u00edgenas.\",\"breadcrumb\":{\"@id\":\"https:\/\/adrianasantacruz.com\/product\/frou-frou-concept-bolso-azul\/#breadcrumb\"},\"inLanguage\":\"en-US\",\"potentialAction\":[{\"@type\":\"ReadAction\",\"target\":[\"https:\/\/adrianasantacruz.com\/product\/frou-frou-concept-bolso-azul\/\"]}]},{\"@type\":\"ImageObject\",\"inLanguage\":\"en-US\",\"@id\":\"https:\/\/adrianasantacruz.com\/product\/frou-frou-concept-bolso-azul\/#primaryimage\",\"url\":\"https:\/\/adrianasantacruz.com\/wp-content\/uploads\/2023\/04\/Frou-Frou-Concept-Bag-azul.4-scaled.jpg\",\"contentUrl\":\"https:\/\/adrianasantacruz.com\/wp-content\/uploads\/2023\/04\/Frou-Frou-Concept-Bag-azul.4-scaled.jpg\",\"width\":2048,\"height\":2560},{\"@type\":\"BreadcrumbList\",\"@id\":\"https:\/\/adrianasantacruz.com\/product\/frou-frou-concept-bolso-azul\/#breadcrumb\",\"itemListElement\":[{\"@type\":\"ListItem\",\"position\":1,\"name\":\"Portada\",\"item\":\"https:\/\/adrianasantacruz.com\/\"},{\"@type\":\"ListItem\",\"position\":2,\"name\":\"Shop\",\"item\":\"https:\/\/adrianasantacruz.com\/shop\/\"},{\"@type\":\"ListItem\",\"position\":3,\"name\":\"Frou-Frou Concept Bolso Azul\"}]},{\"@type\":\"WebSite\",\"@id\":\"https:\/\/adrianasantacruz.com\/#website\",\"url\":\"https:\/\/adrianasantacruz.com\/\",\"name\":\"Adriana Santacruz\",\"description\":\"Ruanas Tejidas | Telar ind\u00edgena precolombino\",\"publisher\":{\"@id\":\"https:\/\/adrianasantacruz.com\/#organization\"},\"potentialAction\":[{\"@type\":\"SearchAction\",\"target\":{\"@type\":\"EntryPoint\",\"urlTemplate\":\"https:\/\/adrianasantacruz.com\/?s={search_term_string}\"},\"query-input\":{\"@type\":\"PropertyValueSpecification\",\"valueRequired\":true,\"valueName\":\"search_term_string\"}}],\"inLanguage\":\"en-US\"},{\"@type\":\"Organization\",\"@id\":\"https:\/\/adrianasantacruz.com\/#organization\",\"name\":\"Adriana Santacruz\",\"url\":\"https:\/\/adrianasantacruz.com\/\",\"logo\":{\"@type\":\"ImageObject\",\"inLanguage\":\"en-US\",\"@id\":\"https:\/\/adrianasantacruz.com\/#\/schema\/logo\/image\/\",\"url\":\"http:\/\/adrianasantacruz.com\/wp-content\/uploads\/2020\/10\/Logo-adriana-Santacruz-NEGRO.png\",\"contentUrl\":\"http:\/\/adrianasantacruz.com\/wp-content\/uploads\/2020\/10\/Logo-adriana-Santacruz-NEGRO.png\",\"width\":400,\"height\":38,\"caption\":\"Adriana Santacruz\"},\"image\":{\"@id\":\"https:\/\/adrianasantacruz.com\/#\/schema\/logo\/image\/\"},\"sameAs\":[\"https:\/\/www.facebook.com\/santacruz.adriana\/\",\"https:\/\/www.instagram.com\/byadrianasantacruz\",\"https:\/\/es.wikipedia.org\/wiki\/Adriana_Santacruz\"]}]}<\/script>\n<!-- \/ Yoast SEO plugin. -->","yoast_head_json":{"title":"Frou-Frou Concept Bolso Azul - Adriana Santacruz","description":"Frou-Frou Concept Bolso Azul - El Frou-Frou Concept Bag, es un bolso plano muy moderno y vers\u00e1til que se transforma en un hermoso bolso plisado. Este bolso se puede usar en 3 posiciones que le dan a tu bolso un aspecto diferente. Est\u00e1 elaborado con el mejor cuero suave importado de Europa y mezclado con maravillosos tejidos creados exclusivamente por Adriana Santacruz para esta colaboraci\u00f3n \u201cHand is Hand\u201d con la marca Franco-Colombiana de marroquiner\u00eda Atelier Artisanal. Es una edici\u00f3n limitada numerada disponible en 2 versiones de colores. Tama\u00f1o de la bolsa: 38 cm ancho x 37,5 cm alto - prendas elaboradas en telar, con t\u00e9cnicas artesanales ind\u00edgenas.","robots":{"index":"index","follow":"follow","max-snippet":"max-snippet:-1","max-image-preview":"max-image-preview:large","max-video-preview":"max-video-preview:-1"},"canonical":"https:\/\/adrianasantacruz.com\/en\/product\/frou-frou-concept-bolso-azul\/","og_locale":"en_US","og_type":"article","og_title":"Frou-Frou Concept Bolso Azul - Adriana Santacruz","og_description":"Frou-Frou Concept Bolso Azul - El Frou-Frou Concept Bag, es un bolso plano muy moderno y vers\u00e1til que se transforma en un hermoso bolso plisado. Este bolso se puede usar en 3 posiciones que le dan a tu bolso un aspecto diferente. Est\u00e1 elaborado con el mejor cuero suave importado de Europa y mezclado con maravillosos tejidos creados exclusivamente por Adriana Santacruz para esta colaboraci\u00f3n \u201cHand is Hand\u201d con la marca Franco-Colombiana de marroquiner\u00eda Atelier Artisanal. Es una edici\u00f3n limitada numerada disponible en 2 versiones de colores. Tama\u00f1o de la bolsa: 38 cm ancho x 37,5 cm alto - prendas elaboradas en telar, con t\u00e9cnicas artesanales ind\u00edgenas.","og_url":"https:\/\/adrianasantacruz.com\/en\/product\/frou-frou-concept-bolso-azul\/","og_site_name":"Adriana Santacruz","article_publisher":"https:\/\/www.facebook.com\/santacruz.adriana\/","article_modified_time":"2025-06-19T13:41:06+00:00","og_image":[{"width":2048,"height":2560,"url":"https:\/\/adrianasantacruz.com\/wp-content\/uploads\/2023\/04\/Frou-Frou-Concept-Bag-azul.4-scaled.jpg","type":"image\/jpeg"}],"twitter_card":"summary_large_image","twitter_misc":{"Est. reading time":"1 minute"},"schema":{"@context":"https:\/\/schema.org","@graph":[{"@type":"WebPage","@id":"https:\/\/adrianasantacruz.com\/product\/frou-frou-concept-bolso-azul\/","url":"https:\/\/adrianasantacruz.com\/product\/frou-frou-concept-bolso-azul\/","name":"Frou-Frou Concept Bolso Azul - Adriana Santacruz","isPartOf":{"@id":"https:\/\/adrianasantacruz.com\/#website"},"primaryImageOfPage":{"@id":"https:\/\/adrianasantacruz.com\/product\/frou-frou-concept-bolso-azul\/#primaryimage"},"image":{"@id":"https:\/\/adrianasantacruz.com\/product\/frou-frou-concept-bolso-azul\/#primaryimage"},"thumbnailUrl":"https:\/\/adrianasantacruz.com\/wp-content\/uploads\/2023\/04\/Frou-Frou-Concept-Bag-azul.4-scaled.jpg","datePublished":"2023-04-14T14:42:45+00:00","dateModified":"2025-06-19T13:41:06+00:00","description":"Frou-Frou Concept Bolso Azul - El Frou-Frou Concept Bag, es un bolso plano muy moderno y vers\u00e1til que se transforma en un hermoso bolso plisado. Este bolso se puede usar en 3 posiciones que le dan a tu bolso un aspecto diferente. Est\u00e1 elaborado con el mejor cuero suave importado de Europa y mezclado con maravillosos tejidos creados exclusivamente por Adriana Santacruz para esta colaboraci\u00f3n \u201cHand is Hand\u201d con la marca Franco-Colombiana de marroquiner\u00eda Atelier Artisanal. Es una edici\u00f3n limitada numerada disponible en 2 versiones de colores. Tama\u00f1o de la bolsa: 38 cm ancho x 37,5 cm alto - prendas elaboradas en telar, con t\u00e9cnicas artesanales ind\u00edgenas.","breadcrumb":{"@id":"https:\/\/adrianasantacruz.com\/product\/frou-frou-concept-bolso-azul\/#breadcrumb"},"inLanguage":"en-US","potentialAction":[{"@type":"ReadAction","target":["https:\/\/adrianasantacruz.com\/product\/frou-frou-concept-bolso-azul\/"]}]},{"@type":"ImageObject","inLanguage":"en-US","@id":"https:\/\/adrianasantacruz.com\/product\/frou-frou-concept-bolso-azul\/#primaryimage","url":"https:\/\/adrianasantacruz.com\/wp-content\/uploads\/2023\/04\/Frou-Frou-Concept-Bag-azul.4-scaled.jpg","contentUrl":"https:\/\/adrianasantacruz.com\/wp-content\/uploads\/2023\/04\/Frou-Frou-Concept-Bag-azul.4-scaled.jpg","width":2048,"height":2560},{"@type":"BreadcrumbList","@id":"https:\/\/adrianasantacruz.com\/product\/frou-frou-concept-bolso-azul\/#breadcrumb","itemListElement":[{"@type":"ListItem","position":1,"name":"Portada","item":"https:\/\/adrianasantacruz.com\/"},{"@type":"ListItem","position":2,"name":"Shop","item":"https:\/\/adrianasantacruz.com\/shop\/"},{"@type":"ListItem","position":3,"name":"Frou-Frou Concept Bolso Azul"}]},{"@type":"WebSite","@id":"https:\/\/adrianasantacruz.com\/#website","url":"https:\/\/adrianasantacruz.com\/","name":"Adriana Santacruz","description":"Ruanas Tejidas | Telar ind\u00edgena precolombino","publisher":{"@id":"https:\/\/adrianasantacruz.com\/#organization"},"potentialAction":[{"@type":"SearchAction","target":{"@type":"EntryPoint","urlTemplate":"https:\/\/adrianasantacruz.com\/?s={search_term_string}"},"query-input":{"@type":"PropertyValueSpecification","valueRequired":true,"valueName":"search_term_string"}}],"inLanguage":"en-US"},{"@type":"Organization","@id":"https:\/\/adrianasantacruz.com\/#organization","name":"Adriana Santacruz","url":"https:\/\/adrianasantacruz.com\/","logo":{"@type":"ImageObject","inLanguage":"en-US","@id":"https:\/\/adrianasantacruz.com\/#\/schema\/logo\/image\/","url":"http:\/\/adrianasantacruz.com\/wp-content\/uploads\/2020\/10\/Logo-adriana-Santacruz-NEGRO.png","contentUrl":"http:\/\/adrianasantacruz.com\/wp-content\/uploads\/2020\/10\/Logo-adriana-Santacruz-NEGRO.png","width":400,"height":38,"caption":"Adriana Santacruz"},"image":{"@id":"https:\/\/adrianasantacruz.com\/#\/schema\/logo\/image\/"},"sameAs":["https:\/\/www.facebook.com\/santacruz.adriana\/","https:\/\/www.instagram.com\/byadrianasantacruz","https:\/\/es.wikipedia.org\/wiki\/Adriana_Santacruz"]}]}},"_links":{"self":[{"href":"https:\/\/adrianasantacruz.com\/en\/wp-json\/wp\/v2\/product\/11364","targetHints":{"allow":["GET"]}}],"collection":[{"href":"https:\/\/adrianasantacruz.com\/en\/wp-json\/wp\/v2\/product"}],"about":[{"href":"https:\/\/adrianasantacruz.com\/en\/wp-json\/wp\/v2\/types\/product"}],"replies":[{"embeddable":true,"href":"https:\/\/adrianasantacruz.com\/en\/wp-json\/wp\/v2\/comments?post=11364"}],"version-history":[{"count":0,"href":"https:\/\/adrianasantacruz.com\/en\/wp-json\/wp\/v2\/product\/11364\/revisions"}],"wp:featuredmedia":[{"embeddable":true,"href":"https:\/\/adrianasantacruz.com\/en\/wp-json\/wp\/v2\/media\/11368"}],"wp:attachment":[{"href":"https:\/\/adrianasantacruz.com\/en\/wp-json\/wp\/v2\/media?parent=11364"}],"wp:term":[{"taxonomy":"product_brand","embeddable":true,"href":"https:\/\/adrianasantacruz.com\/en\/wp-json\/wp\/v2\/product_brand?post=11364"},{"taxonomy":"product_cat","embeddable":true,"href":"https:\/\/adrianasantacruz.com\/en\/wp-json\/wp\/v2\/product_cat?post=11364"},{"taxonomy":"product_tag","embeddable":true,"href":"https:\/\/adrianasantacruz.com\/en\/wp-json\/wp\/v2\/product_tag?post=11364"}],"curies":[{"name":"wp","href":"https:\/\/api.w.org\/{rel}","templated":true}]}}