{"id":11521,"date":"2023-11-15T04:10:57","date_gmt":"2023-11-15T09:10:57","guid":{"rendered":"https:\/\/adrianasantacruz.com\/?post_type=product&#038;p=11521"},"modified":"2026-03-13T12:37:04","modified_gmt":"2026-03-13T17:37:04","slug":"camison-verde","status":"publish","type":"product","link":"https:\/\/adrianasantacruz.com\/en\/product\/camison-verde\/","title":{"rendered":"CAMIS\u00d3N VERDE"},"content":{"rendered":"<p>Front length: 149,\u00a0&nbsp;Back length: 134<\/p>","protected":false},"excerpt":{"rendered":"<p><span data-sheets-formula-bar-text-style=\"font-size:15px;color:#000000;font-weight:normal;text-decoration:none;font-family:'Arial';font-style:normal;text-decoration-skip-ink:none;\">Structured linen piece with hand-finished shaped cuts, wide and pleated sleeves, enhanced with a long fabric fragment starting at the neck, giving the option to weat it open or tide up. <\/span><\/p>\n<p><span data-sheets-formula-bar-text-style=\"font-size:15px;color:#000000;font-weight:normal;text-decoration:none;font-family:'Arial';font-style:normal;text-decoration-skip-ink:none;\">One size fits all (Fits S, M,L)<\/span><\/p>\n<p>100% cotton<\/p>\n<p>Dry Cleaning, Do not use detergent, Steam Ironing<\/p>","protected":false},"featured_media":11520,"comment_status":"open","ping_status":"closed","template":"","meta":{"_monsterinsights_skip_tracking":false,"_monsterinsights_sitenote_active":false,"_monsterinsights_sitenote_note":"","_monsterinsights_sitenote_category":0,"_joinchat":[]},"product_brand":[],"product_cat":[205,217,64],"product_tag":[],"class_list":{"0":"post-11521","1":"product","2":"type-product","3":"status-publish","4":"has-post-thumbnail","6":"product_cat-camison","7":"product_cat-retorno-all-seasons-23-24","8":"product_cat-abrigo","10":"first","11":"outofstock","12":"shipping-taxable","13":"purchasable","14":"product-type-simple"},"yoast_head":"<!-- This site is optimized with the Yoast SEO plugin v25.2 - https:\/\/yoast.com\/wordpress\/plugins\/seo\/ -->\n<title>CAMIS\u00d3N VERDE - Adriana Santacruz<\/title>\n<meta name=\"description\" content=\"CAMIS\u00d3N VERDE - Pieza estructurada en Lino Ol\u00e1n, terminados a mano en cortes semi moldeados, manga amplia y pu\u00f1o plisado, adornado con un largo fragmento de tejido que inicia en cuello, dando la opci\u00f3n de usarlo abierto o ajustado en cintura.   Talla \u00fanica (apta para tallas S, M, L)  100% Algod\u00f3n  Lavado en seco, No usar detergente o blanqueador - prendas elaboradas en telar, con t\u00e9cnicas artesanales ind\u00edgenas.\" \/>\n<meta name=\"robots\" content=\"index, follow, max-snippet:-1, max-image-preview:large, max-video-preview:-1\" \/>\n<link rel=\"canonical\" href=\"https:\/\/adrianasantacruz.com\/en\/product\/camison-verde\/\" \/>\n<meta property=\"og:locale\" content=\"en_US\" \/>\n<meta property=\"og:type\" content=\"article\" \/>\n<meta property=\"og:title\" content=\"CAMIS\u00d3N VERDE - Adriana Santacruz\" \/>\n<meta property=\"og:description\" content=\"CAMIS\u00d3N VERDE - Pieza estructurada en Lino Ol\u00e1n, terminados a mano en cortes semi moldeados, manga amplia y pu\u00f1o plisado, adornado con un largo fragmento de tejido que inicia en cuello, dando la opci\u00f3n de usarlo abierto o ajustado en cintura.   Talla \u00fanica (apta para tallas S, M, L)  100% Algod\u00f3n  Lavado en seco, No usar detergente o blanqueador - prendas elaboradas en telar, con t\u00e9cnicas artesanales ind\u00edgenas.\" \/>\n<meta property=\"og:url\" content=\"https:\/\/adrianasantacruz.com\/en\/product\/camison-verde\/\" \/>\n<meta property=\"og:site_name\" content=\"Adriana Santacruz\" \/>\n<meta property=\"article:publisher\" content=\"https:\/\/www.facebook.com\/santacruz.adriana\/\" \/>\n<meta property=\"article:modified_time\" content=\"2026-03-13T17:37:04+00:00\" \/>\n<meta property=\"og:image\" content=\"https:\/\/adrianasantacruz.com\/wp-content\/uploads\/2023\/11\/1.CAMISON-VERDE.png\" \/>\n\t<meta property=\"og:image:width\" content=\"738\" \/>\n\t<meta property=\"og:image:height\" content=\"1110\" \/>\n\t<meta property=\"og:image:type\" content=\"image\/png\" \/>\n<meta name=\"twitter:card\" content=\"summary_large_image\" \/>\n<meta name=\"twitter:label1\" content=\"Est. reading time\" \/>\n\t<meta name=\"twitter:data1\" content=\"1 minute\" \/>\n<script type=\"application\/ld+json\" class=\"yoast-schema-graph\">{\"@context\":\"https:\/\/schema.org\",\"@graph\":[{\"@type\":\"WebPage\",\"@id\":\"https:\/\/adrianasantacruz.com\/product\/camison-verde\/\",\"url\":\"https:\/\/adrianasantacruz.com\/product\/camison-verde\/\",\"name\":\"CAMIS\u00d3N VERDE - Adriana Santacruz\",\"isPartOf\":{\"@id\":\"https:\/\/adrianasantacruz.com\/#website\"},\"primaryImageOfPage\":{\"@id\":\"https:\/\/adrianasantacruz.com\/product\/camison-verde\/#primaryimage\"},\"image\":{\"@id\":\"https:\/\/adrianasantacruz.com\/product\/camison-verde\/#primaryimage\"},\"thumbnailUrl\":\"https:\/\/adrianasantacruz.com\/wp-content\/uploads\/2023\/11\/1.CAMISON-VERDE.png\",\"datePublished\":\"2023-11-15T09:10:57+00:00\",\"dateModified\":\"2026-03-13T17:37:04+00:00\",\"description\":\"CAMIS\u00d3N VERDE - Pieza estructurada en Lino Ol\u00e1n, terminados a mano en cortes semi moldeados, manga amplia y pu\u00f1o plisado, adornado con un largo fragmento de tejido que inicia en cuello, dando la opci\u00f3n de usarlo abierto o ajustado en cintura. Talla \u00fanica (apta para tallas S, M, L) 100% Algod\u00f3n Lavado en seco, No usar detergente o blanqueador - prendas elaboradas en telar, con t\u00e9cnicas artesanales ind\u00edgenas.\",\"breadcrumb\":{\"@id\":\"https:\/\/adrianasantacruz.com\/product\/camison-verde\/#breadcrumb\"},\"inLanguage\":\"en-US\",\"potentialAction\":[{\"@type\":\"ReadAction\",\"target\":[\"https:\/\/adrianasantacruz.com\/product\/camison-verde\/\"]}]},{\"@type\":\"ImageObject\",\"inLanguage\":\"en-US\",\"@id\":\"https:\/\/adrianasantacruz.com\/product\/camison-verde\/#primaryimage\",\"url\":\"https:\/\/adrianasantacruz.com\/wp-content\/uploads\/2023\/11\/1.CAMISON-VERDE.png\",\"contentUrl\":\"https:\/\/adrianasantacruz.com\/wp-content\/uploads\/2023\/11\/1.CAMISON-VERDE.png\",\"width\":738,\"height\":1110},{\"@type\":\"BreadcrumbList\",\"@id\":\"https:\/\/adrianasantacruz.com\/product\/camison-verde\/#breadcrumb\",\"itemListElement\":[{\"@type\":\"ListItem\",\"position\":1,\"name\":\"Portada\",\"item\":\"https:\/\/adrianasantacruz.com\/\"},{\"@type\":\"ListItem\",\"position\":2,\"name\":\"Shop\",\"item\":\"https:\/\/adrianasantacruz.com\/shop\/\"},{\"@type\":\"ListItem\",\"position\":3,\"name\":\"CAMIS\u00d3N VERDE\"}]},{\"@type\":\"WebSite\",\"@id\":\"https:\/\/adrianasantacruz.com\/#website\",\"url\":\"https:\/\/adrianasantacruz.com\/\",\"name\":\"Adriana Santacruz\",\"description\":\"Ruanas Tejidas | Telar ind\u00edgena precolombino\",\"publisher\":{\"@id\":\"https:\/\/adrianasantacruz.com\/#organization\"},\"potentialAction\":[{\"@type\":\"SearchAction\",\"target\":{\"@type\":\"EntryPoint\",\"urlTemplate\":\"https:\/\/adrianasantacruz.com\/?s={search_term_string}\"},\"query-input\":{\"@type\":\"PropertyValueSpecification\",\"valueRequired\":true,\"valueName\":\"search_term_string\"}}],\"inLanguage\":\"en-US\"},{\"@type\":\"Organization\",\"@id\":\"https:\/\/adrianasantacruz.com\/#organization\",\"name\":\"Adriana Santacruz\",\"url\":\"https:\/\/adrianasantacruz.com\/\",\"logo\":{\"@type\":\"ImageObject\",\"inLanguage\":\"en-US\",\"@id\":\"https:\/\/adrianasantacruz.com\/#\/schema\/logo\/image\/\",\"url\":\"http:\/\/adrianasantacruz.com\/wp-content\/uploads\/2020\/10\/Logo-adriana-Santacruz-NEGRO.png\",\"contentUrl\":\"http:\/\/adrianasantacruz.com\/wp-content\/uploads\/2020\/10\/Logo-adriana-Santacruz-NEGRO.png\",\"width\":400,\"height\":38,\"caption\":\"Adriana Santacruz\"},\"image\":{\"@id\":\"https:\/\/adrianasantacruz.com\/#\/schema\/logo\/image\/\"},\"sameAs\":[\"https:\/\/www.facebook.com\/santacruz.adriana\/\",\"https:\/\/www.instagram.com\/byadrianasantacruz\",\"https:\/\/es.wikipedia.org\/wiki\/Adriana_Santacruz\"]}]}<\/script>\n<!-- \/ Yoast SEO plugin. -->","yoast_head_json":{"title":"CAMIS\u00d3N VERDE - Adriana Santacruz","description":"CAMIS\u00d3N VERDE - Pieza estructurada en Lino Ol\u00e1n, terminados a mano en cortes semi moldeados, manga amplia y pu\u00f1o plisado, adornado con un largo fragmento de tejido que inicia en cuello, dando la opci\u00f3n de usarlo abierto o ajustado en cintura.   Talla \u00fanica (apta para tallas S, M, L)  100% Algod\u00f3n  Lavado en seco, No usar detergente o blanqueador - prendas elaboradas en telar, con t\u00e9cnicas artesanales ind\u00edgenas.","robots":{"index":"index","follow":"follow","max-snippet":"max-snippet:-1","max-image-preview":"max-image-preview:large","max-video-preview":"max-video-preview:-1"},"canonical":"https:\/\/adrianasantacruz.com\/en\/product\/camison-verde\/","og_locale":"en_US","og_type":"article","og_title":"CAMIS\u00d3N VERDE - Adriana Santacruz","og_description":"CAMIS\u00d3N VERDE - Pieza estructurada en Lino Ol\u00e1n, terminados a mano en cortes semi moldeados, manga amplia y pu\u00f1o plisado, adornado con un largo fragmento de tejido que inicia en cuello, dando la opci\u00f3n de usarlo abierto o ajustado en cintura.   Talla \u00fanica (apta para tallas S, M, L)  100% Algod\u00f3n  Lavado en seco, No usar detergente o blanqueador - prendas elaboradas en telar, con t\u00e9cnicas artesanales ind\u00edgenas.","og_url":"https:\/\/adrianasantacruz.com\/en\/product\/camison-verde\/","og_site_name":"Adriana Santacruz","article_publisher":"https:\/\/www.facebook.com\/santacruz.adriana\/","article_modified_time":"2026-03-13T17:37:04+00:00","og_image":[{"width":738,"height":1110,"url":"https:\/\/adrianasantacruz.com\/wp-content\/uploads\/2023\/11\/1.CAMISON-VERDE.png","type":"image\/png"}],"twitter_card":"summary_large_image","twitter_misc":{"Est. reading time":"1 minute"},"schema":{"@context":"https:\/\/schema.org","@graph":[{"@type":"WebPage","@id":"https:\/\/adrianasantacruz.com\/product\/camison-verde\/","url":"https:\/\/adrianasantacruz.com\/product\/camison-verde\/","name":"CAMIS\u00d3N VERDE - Adriana Santacruz","isPartOf":{"@id":"https:\/\/adrianasantacruz.com\/#website"},"primaryImageOfPage":{"@id":"https:\/\/adrianasantacruz.com\/product\/camison-verde\/#primaryimage"},"image":{"@id":"https:\/\/adrianasantacruz.com\/product\/camison-verde\/#primaryimage"},"thumbnailUrl":"https:\/\/adrianasantacruz.com\/wp-content\/uploads\/2023\/11\/1.CAMISON-VERDE.png","datePublished":"2023-11-15T09:10:57+00:00","dateModified":"2026-03-13T17:37:04+00:00","description":"CAMIS\u00d3N VERDE - Pieza estructurada en Lino Ol\u00e1n, terminados a mano en cortes semi moldeados, manga amplia y pu\u00f1o plisado, adornado con un largo fragmento de tejido que inicia en cuello, dando la opci\u00f3n de usarlo abierto o ajustado en cintura. Talla \u00fanica (apta para tallas S, M, L) 100% Algod\u00f3n Lavado en seco, No usar detergente o blanqueador - prendas elaboradas en telar, con t\u00e9cnicas artesanales ind\u00edgenas.","breadcrumb":{"@id":"https:\/\/adrianasantacruz.com\/product\/camison-verde\/#breadcrumb"},"inLanguage":"en-US","potentialAction":[{"@type":"ReadAction","target":["https:\/\/adrianasantacruz.com\/product\/camison-verde\/"]}]},{"@type":"ImageObject","inLanguage":"en-US","@id":"https:\/\/adrianasantacruz.com\/product\/camison-verde\/#primaryimage","url":"https:\/\/adrianasantacruz.com\/wp-content\/uploads\/2023\/11\/1.CAMISON-VERDE.png","contentUrl":"https:\/\/adrianasantacruz.com\/wp-content\/uploads\/2023\/11\/1.CAMISON-VERDE.png","width":738,"height":1110},{"@type":"BreadcrumbList","@id":"https:\/\/adrianasantacruz.com\/product\/camison-verde\/#breadcrumb","itemListElement":[{"@type":"ListItem","position":1,"name":"Portada","item":"https:\/\/adrianasantacruz.com\/"},{"@type":"ListItem","position":2,"name":"Shop","item":"https:\/\/adrianasantacruz.com\/shop\/"},{"@type":"ListItem","position":3,"name":"CAMIS\u00d3N VERDE"}]},{"@type":"WebSite","@id":"https:\/\/adrianasantacruz.com\/#website","url":"https:\/\/adrianasantacruz.com\/","name":"Adriana Santacruz","description":"Ruanas Tejidas | Telar ind\u00edgena precolombino","publisher":{"@id":"https:\/\/adrianasantacruz.com\/#organization"},"potentialAction":[{"@type":"SearchAction","target":{"@type":"EntryPoint","urlTemplate":"https:\/\/adrianasantacruz.com\/?s={search_term_string}"},"query-input":{"@type":"PropertyValueSpecification","valueRequired":true,"valueName":"search_term_string"}}],"inLanguage":"en-US"},{"@type":"Organization","@id":"https:\/\/adrianasantacruz.com\/#organization","name":"Adriana Santacruz","url":"https:\/\/adrianasantacruz.com\/","logo":{"@type":"ImageObject","inLanguage":"en-US","@id":"https:\/\/adrianasantacruz.com\/#\/schema\/logo\/image\/","url":"http:\/\/adrianasantacruz.com\/wp-content\/uploads\/2020\/10\/Logo-adriana-Santacruz-NEGRO.png","contentUrl":"http:\/\/adrianasantacruz.com\/wp-content\/uploads\/2020\/10\/Logo-adriana-Santacruz-NEGRO.png","width":400,"height":38,"caption":"Adriana Santacruz"},"image":{"@id":"https:\/\/adrianasantacruz.com\/#\/schema\/logo\/image\/"},"sameAs":["https:\/\/www.facebook.com\/santacruz.adriana\/","https:\/\/www.instagram.com\/byadrianasantacruz","https:\/\/es.wikipedia.org\/wiki\/Adriana_Santacruz"]}]}},"_links":{"self":[{"href":"https:\/\/adrianasantacruz.com\/en\/wp-json\/wp\/v2\/product\/11521","targetHints":{"allow":["GET"]}}],"collection":[{"href":"https:\/\/adrianasantacruz.com\/en\/wp-json\/wp\/v2\/product"}],"about":[{"href":"https:\/\/adrianasantacruz.com\/en\/wp-json\/wp\/v2\/types\/product"}],"replies":[{"embeddable":true,"href":"https:\/\/adrianasantacruz.com\/en\/wp-json\/wp\/v2\/comments?post=11521"}],"version-history":[{"count":0,"href":"https:\/\/adrianasantacruz.com\/en\/wp-json\/wp\/v2\/product\/11521\/revisions"}],"wp:featuredmedia":[{"embeddable":true,"href":"https:\/\/adrianasantacruz.com\/en\/wp-json\/wp\/v2\/media\/11520"}],"wp:attachment":[{"href":"https:\/\/adrianasantacruz.com\/en\/wp-json\/wp\/v2\/media?parent=11521"}],"wp:term":[{"taxonomy":"product_brand","embeddable":true,"href":"https:\/\/adrianasantacruz.com\/en\/wp-json\/wp\/v2\/product_brand?post=11521"},{"taxonomy":"product_cat","embeddable":true,"href":"https:\/\/adrianasantacruz.com\/en\/wp-json\/wp\/v2\/product_cat?post=11521"},{"taxonomy":"product_tag","embeddable":true,"href":"https:\/\/adrianasantacruz.com\/en\/wp-json\/wp\/v2\/product_tag?post=11521"}],"curies":[{"name":"wp","href":"https:\/\/api.w.org\/{rel}","templated":true}]}}