{"id":11549,"date":"2023-11-15T03:25:12","date_gmt":"2023-11-15T08:25:12","guid":{"rendered":"https:\/\/adrianasantacruz.com\/?post_type=product&#038;p=11549"},"modified":"2026-03-13T12:24:47","modified_gmt":"2026-03-13T17:24:47","slug":"camison-cafe","status":"publish","type":"product","link":"https:\/\/adrianasantacruz.com\/en\/product\/camison-cafe\/","title":{"rendered":"CAMISON CAF\u00c9"},"content":{"rendered":"<p>Front length: 149,\u00a0&nbsp;Back length: 134<\/p>","protected":false},"excerpt":{"rendered":"<p>Structured linen piece with hand-finished shaped cuts, wide and pleated sleeves, enhanced with a long fabric fragment starting at the neck, giving the option to weat it open or tide up.<\/p>\n<p>one size fits all (Fits S, M,L)<\/p>\n<p>100% cotton<\/p>\n<p>Dry Cleaning, Do not use detergent, Steam Ironing<\/p>\n<p>ESTE PRODUCTO NO ESTA DISPONIBLE PARA ENVIO INMEDIATO, REQUIERE UN TIEMPO DE ELBORACI\u00d3N<\/p>","protected":false},"featured_media":11562,"comment_status":"open","ping_status":"closed","template":"","meta":{"_monsterinsights_skip_tracking":false,"_monsterinsights_sitenote_active":false,"_monsterinsights_sitenote_note":"","_monsterinsights_sitenote_category":0,"_joinchat":[]},"product_brand":[],"product_cat":[217,64],"product_tag":[],"class_list":{"0":"post-11549","1":"product","2":"type-product","3":"status-publish","4":"has-post-thumbnail","6":"product_cat-retorno-all-seasons-23-24","7":"product_cat-abrigo","9":"first","10":"onbackorder","11":"shipping-taxable","12":"purchasable","13":"product-type-simple"},"yoast_head":"<!-- This site is optimized with the Yoast SEO plugin v25.2 - https:\/\/yoast.com\/wordpress\/plugins\/seo\/ -->\n<title>CAMISON CAF\u00c9 - Adriana Santacruz<\/title>\n<meta name=\"description\" content=\"CAMISON CAF\u00c9 - Pieza estructurada en Lino de Ol\u00e1n, elaborada a mano en cortes semi moldeados, manga amplia y pu\u00f1o plisado, adornado con un largo fragmento de tejido en telar vertical que inicia en cuello dando la opci\u00f3n de usarlo abierto o ajustado en cintura. Terminados a mano.  Talla \u00fanica (apta para tallas S, M,L.)  100% Algod\u00f3n  Lavado en seco, No usar detergente o blanqueador  ESTE PRODUCTO NO ESTA DISPONIBLE PARA ENVIO INMEDIATO, REQUIERE UN TIEMPO DE ELBORACI\u00d3N - prendas elaboradas en telar, con t\u00e9cnicas artesanales ind\u00edgenas.\" \/>\n<meta name=\"robots\" content=\"index, follow, max-snippet:-1, max-image-preview:large, max-video-preview:-1\" \/>\n<link rel=\"canonical\" href=\"https:\/\/adrianasantacruz.com\/en\/product\/camison-cafe\/\" \/>\n<meta property=\"og:locale\" content=\"en_US\" \/>\n<meta property=\"og:type\" content=\"article\" \/>\n<meta property=\"og:title\" content=\"CAMISON CAF\u00c9 - Adriana Santacruz\" \/>\n<meta property=\"og:description\" content=\"CAMISON CAF\u00c9 - Pieza estructurada en Lino de Ol\u00e1n, elaborada a mano en cortes semi moldeados, manga amplia y pu\u00f1o plisado, adornado con un largo fragmento de tejido en telar vertical que inicia en cuello dando la opci\u00f3n de usarlo abierto o ajustado en cintura. Terminados a mano.  Talla \u00fanica (apta para tallas S, M,L.)  100% Algod\u00f3n  Lavado en seco, No usar detergente o blanqueador  ESTE PRODUCTO NO ESTA DISPONIBLE PARA ENVIO INMEDIATO, REQUIERE UN TIEMPO DE ELBORACI\u00d3N - prendas elaboradas en telar, con t\u00e9cnicas artesanales ind\u00edgenas.\" \/>\n<meta property=\"og:url\" content=\"https:\/\/adrianasantacruz.com\/en\/product\/camison-cafe\/\" \/>\n<meta property=\"og:site_name\" content=\"Adriana Santacruz\" \/>\n<meta property=\"article:publisher\" content=\"https:\/\/www.facebook.com\/santacruz.adriana\/\" \/>\n<meta property=\"article:modified_time\" content=\"2026-03-13T17:24:47+00:00\" \/>\n<meta property=\"og:image\" content=\"https:\/\/adrianasantacruz.com\/wp-content\/uploads\/2023\/11\/1.CAMISON-CAFE.jpg\" \/>\n\t<meta property=\"og:image:width\" content=\"738\" \/>\n\t<meta property=\"og:image:height\" content=\"1110\" \/>\n\t<meta property=\"og:image:type\" content=\"image\/jpeg\" \/>\n<meta name=\"twitter:card\" content=\"summary_large_image\" \/>\n<meta name=\"twitter:label1\" content=\"Est. reading time\" \/>\n\t<meta name=\"twitter:data1\" content=\"1 minute\" \/>\n<script type=\"application\/ld+json\" class=\"yoast-schema-graph\">{\"@context\":\"https:\/\/schema.org\",\"@graph\":[{\"@type\":\"WebPage\",\"@id\":\"https:\/\/adrianasantacruz.com\/product\/camison-cafe\/\",\"url\":\"https:\/\/adrianasantacruz.com\/product\/camison-cafe\/\",\"name\":\"CAMISON CAF\u00c9 - Adriana Santacruz\",\"isPartOf\":{\"@id\":\"https:\/\/adrianasantacruz.com\/#website\"},\"primaryImageOfPage\":{\"@id\":\"https:\/\/adrianasantacruz.com\/product\/camison-cafe\/#primaryimage\"},\"image\":{\"@id\":\"https:\/\/adrianasantacruz.com\/product\/camison-cafe\/#primaryimage\"},\"thumbnailUrl\":\"https:\/\/adrianasantacruz.com\/wp-content\/uploads\/2023\/11\/1.CAMISON-CAFE.jpg\",\"datePublished\":\"2023-11-15T08:25:12+00:00\",\"dateModified\":\"2026-03-13T17:24:47+00:00\",\"description\":\"CAMISON CAF\u00c9 - Pieza estructurada en Lino de Ol\u00e1n, elaborada a mano en cortes semi moldeados, manga amplia y pu\u00f1o plisado, adornado con un largo fragmento de tejido en telar vertical que inicia en cuello dando la opci\u00f3n de usarlo abierto o ajustado en cintura. Terminados a mano. Talla \u00fanica (apta para tallas S, M,L.) 100% Algod\u00f3n Lavado en seco, No usar detergente o blanqueador ESTE PRODUCTO NO ESTA DISPONIBLE PARA ENVIO INMEDIATO, REQUIERE UN TIEMPO DE ELBORACI\u00d3N - prendas elaboradas en telar, con t\u00e9cnicas artesanales ind\u00edgenas.\",\"breadcrumb\":{\"@id\":\"https:\/\/adrianasantacruz.com\/product\/camison-cafe\/#breadcrumb\"},\"inLanguage\":\"en-US\",\"potentialAction\":[{\"@type\":\"ReadAction\",\"target\":[\"https:\/\/adrianasantacruz.com\/product\/camison-cafe\/\"]}]},{\"@type\":\"ImageObject\",\"inLanguage\":\"en-US\",\"@id\":\"https:\/\/adrianasantacruz.com\/product\/camison-cafe\/#primaryimage\",\"url\":\"https:\/\/adrianasantacruz.com\/wp-content\/uploads\/2023\/11\/1.CAMISON-CAFE.jpg\",\"contentUrl\":\"https:\/\/adrianasantacruz.com\/wp-content\/uploads\/2023\/11\/1.CAMISON-CAFE.jpg\",\"width\":738,\"height\":1110},{\"@type\":\"BreadcrumbList\",\"@id\":\"https:\/\/adrianasantacruz.com\/product\/camison-cafe\/#breadcrumb\",\"itemListElement\":[{\"@type\":\"ListItem\",\"position\":1,\"name\":\"Portada\",\"item\":\"https:\/\/adrianasantacruz.com\/\"},{\"@type\":\"ListItem\",\"position\":2,\"name\":\"Shop\",\"item\":\"https:\/\/adrianasantacruz.com\/shop\/\"},{\"@type\":\"ListItem\",\"position\":3,\"name\":\"CAMISON CAF\u00c9\"}]},{\"@type\":\"WebSite\",\"@id\":\"https:\/\/adrianasantacruz.com\/#website\",\"url\":\"https:\/\/adrianasantacruz.com\/\",\"name\":\"Adriana Santacruz\",\"description\":\"Ruanas Tejidas | Telar ind\u00edgena precolombino\",\"publisher\":{\"@id\":\"https:\/\/adrianasantacruz.com\/#organization\"},\"potentialAction\":[{\"@type\":\"SearchAction\",\"target\":{\"@type\":\"EntryPoint\",\"urlTemplate\":\"https:\/\/adrianasantacruz.com\/?s={search_term_string}\"},\"query-input\":{\"@type\":\"PropertyValueSpecification\",\"valueRequired\":true,\"valueName\":\"search_term_string\"}}],\"inLanguage\":\"en-US\"},{\"@type\":\"Organization\",\"@id\":\"https:\/\/adrianasantacruz.com\/#organization\",\"name\":\"Adriana Santacruz\",\"url\":\"https:\/\/adrianasantacruz.com\/\",\"logo\":{\"@type\":\"ImageObject\",\"inLanguage\":\"en-US\",\"@id\":\"https:\/\/adrianasantacruz.com\/#\/schema\/logo\/image\/\",\"url\":\"http:\/\/adrianasantacruz.com\/wp-content\/uploads\/2020\/10\/Logo-adriana-Santacruz-NEGRO.png\",\"contentUrl\":\"http:\/\/adrianasantacruz.com\/wp-content\/uploads\/2020\/10\/Logo-adriana-Santacruz-NEGRO.png\",\"width\":400,\"height\":38,\"caption\":\"Adriana Santacruz\"},\"image\":{\"@id\":\"https:\/\/adrianasantacruz.com\/#\/schema\/logo\/image\/\"},\"sameAs\":[\"https:\/\/www.facebook.com\/santacruz.adriana\/\",\"https:\/\/www.instagram.com\/byadrianasantacruz\",\"https:\/\/es.wikipedia.org\/wiki\/Adriana_Santacruz\"]}]}<\/script>\n<!-- \/ Yoast SEO plugin. -->","yoast_head_json":{"title":"CAMISON CAF\u00c9 - Adriana Santacruz","description":"CAMISON CAF\u00c9 - Pieza estructurada en Lino de Ol\u00e1n, elaborada a mano en cortes semi moldeados, manga amplia y pu\u00f1o plisado, adornado con un largo fragmento de tejido en telar vertical que inicia en cuello dando la opci\u00f3n de usarlo abierto o ajustado en cintura. Terminados a mano.  Talla \u00fanica (apta para tallas S, M,L.)  100% Algod\u00f3n  Lavado en seco, No usar detergente o blanqueador  ESTE PRODUCTO NO ESTA DISPONIBLE PARA ENVIO INMEDIATO, REQUIERE UN TIEMPO DE ELBORACI\u00d3N - prendas elaboradas en telar, con t\u00e9cnicas artesanales ind\u00edgenas.","robots":{"index":"index","follow":"follow","max-snippet":"max-snippet:-1","max-image-preview":"max-image-preview:large","max-video-preview":"max-video-preview:-1"},"canonical":"https:\/\/adrianasantacruz.com\/en\/product\/camison-cafe\/","og_locale":"en_US","og_type":"article","og_title":"CAMISON CAF\u00c9 - Adriana Santacruz","og_description":"CAMISON CAF\u00c9 - Pieza estructurada en Lino de Ol\u00e1n, elaborada a mano en cortes semi moldeados, manga amplia y pu\u00f1o plisado, adornado con un largo fragmento de tejido en telar vertical que inicia en cuello dando la opci\u00f3n de usarlo abierto o ajustado en cintura. Terminados a mano.  Talla \u00fanica (apta para tallas S, M,L.)  100% Algod\u00f3n  Lavado en seco, No usar detergente o blanqueador  ESTE PRODUCTO NO ESTA DISPONIBLE PARA ENVIO INMEDIATO, REQUIERE UN TIEMPO DE ELBORACI\u00d3N - prendas elaboradas en telar, con t\u00e9cnicas artesanales ind\u00edgenas.","og_url":"https:\/\/adrianasantacruz.com\/en\/product\/camison-cafe\/","og_site_name":"Adriana Santacruz","article_publisher":"https:\/\/www.facebook.com\/santacruz.adriana\/","article_modified_time":"2026-03-13T17:24:47+00:00","og_image":[{"width":738,"height":1110,"url":"https:\/\/adrianasantacruz.com\/wp-content\/uploads\/2023\/11\/1.CAMISON-CAFE.jpg","type":"image\/jpeg"}],"twitter_card":"summary_large_image","twitter_misc":{"Est. reading time":"1 minute"},"schema":{"@context":"https:\/\/schema.org","@graph":[{"@type":"WebPage","@id":"https:\/\/adrianasantacruz.com\/product\/camison-cafe\/","url":"https:\/\/adrianasantacruz.com\/product\/camison-cafe\/","name":"CAMISON CAF\u00c9 - Adriana Santacruz","isPartOf":{"@id":"https:\/\/adrianasantacruz.com\/#website"},"primaryImageOfPage":{"@id":"https:\/\/adrianasantacruz.com\/product\/camison-cafe\/#primaryimage"},"image":{"@id":"https:\/\/adrianasantacruz.com\/product\/camison-cafe\/#primaryimage"},"thumbnailUrl":"https:\/\/adrianasantacruz.com\/wp-content\/uploads\/2023\/11\/1.CAMISON-CAFE.jpg","datePublished":"2023-11-15T08:25:12+00:00","dateModified":"2026-03-13T17:24:47+00:00","description":"CAMISON CAF\u00c9 - Pieza estructurada en Lino de Ol\u00e1n, elaborada a mano en cortes semi moldeados, manga amplia y pu\u00f1o plisado, adornado con un largo fragmento de tejido en telar vertical que inicia en cuello dando la opci\u00f3n de usarlo abierto o ajustado en cintura. Terminados a mano. Talla \u00fanica (apta para tallas S, M,L.) 100% Algod\u00f3n Lavado en seco, No usar detergente o blanqueador ESTE PRODUCTO NO ESTA DISPONIBLE PARA ENVIO INMEDIATO, REQUIERE UN TIEMPO DE ELBORACI\u00d3N - prendas elaboradas en telar, con t\u00e9cnicas artesanales ind\u00edgenas.","breadcrumb":{"@id":"https:\/\/adrianasantacruz.com\/product\/camison-cafe\/#breadcrumb"},"inLanguage":"en-US","potentialAction":[{"@type":"ReadAction","target":["https:\/\/adrianasantacruz.com\/product\/camison-cafe\/"]}]},{"@type":"ImageObject","inLanguage":"en-US","@id":"https:\/\/adrianasantacruz.com\/product\/camison-cafe\/#primaryimage","url":"https:\/\/adrianasantacruz.com\/wp-content\/uploads\/2023\/11\/1.CAMISON-CAFE.jpg","contentUrl":"https:\/\/adrianasantacruz.com\/wp-content\/uploads\/2023\/11\/1.CAMISON-CAFE.jpg","width":738,"height":1110},{"@type":"BreadcrumbList","@id":"https:\/\/adrianasantacruz.com\/product\/camison-cafe\/#breadcrumb","itemListElement":[{"@type":"ListItem","position":1,"name":"Portada","item":"https:\/\/adrianasantacruz.com\/"},{"@type":"ListItem","position":2,"name":"Shop","item":"https:\/\/adrianasantacruz.com\/shop\/"},{"@type":"ListItem","position":3,"name":"CAMISON CAF\u00c9"}]},{"@type":"WebSite","@id":"https:\/\/adrianasantacruz.com\/#website","url":"https:\/\/adrianasantacruz.com\/","name":"Adriana Santacruz","description":"Ruanas Tejidas | Telar ind\u00edgena precolombino","publisher":{"@id":"https:\/\/adrianasantacruz.com\/#organization"},"potentialAction":[{"@type":"SearchAction","target":{"@type":"EntryPoint","urlTemplate":"https:\/\/adrianasantacruz.com\/?s={search_term_string}"},"query-input":{"@type":"PropertyValueSpecification","valueRequired":true,"valueName":"search_term_string"}}],"inLanguage":"en-US"},{"@type":"Organization","@id":"https:\/\/adrianasantacruz.com\/#organization","name":"Adriana Santacruz","url":"https:\/\/adrianasantacruz.com\/","logo":{"@type":"ImageObject","inLanguage":"en-US","@id":"https:\/\/adrianasantacruz.com\/#\/schema\/logo\/image\/","url":"http:\/\/adrianasantacruz.com\/wp-content\/uploads\/2020\/10\/Logo-adriana-Santacruz-NEGRO.png","contentUrl":"http:\/\/adrianasantacruz.com\/wp-content\/uploads\/2020\/10\/Logo-adriana-Santacruz-NEGRO.png","width":400,"height":38,"caption":"Adriana Santacruz"},"image":{"@id":"https:\/\/adrianasantacruz.com\/#\/schema\/logo\/image\/"},"sameAs":["https:\/\/www.facebook.com\/santacruz.adriana\/","https:\/\/www.instagram.com\/byadrianasantacruz","https:\/\/es.wikipedia.org\/wiki\/Adriana_Santacruz"]}]}},"_links":{"self":[{"href":"https:\/\/adrianasantacruz.com\/en\/wp-json\/wp\/v2\/product\/11549","targetHints":{"allow":["GET"]}}],"collection":[{"href":"https:\/\/adrianasantacruz.com\/en\/wp-json\/wp\/v2\/product"}],"about":[{"href":"https:\/\/adrianasantacruz.com\/en\/wp-json\/wp\/v2\/types\/product"}],"replies":[{"embeddable":true,"href":"https:\/\/adrianasantacruz.com\/en\/wp-json\/wp\/v2\/comments?post=11549"}],"version-history":[{"count":0,"href":"https:\/\/adrianasantacruz.com\/en\/wp-json\/wp\/v2\/product\/11549\/revisions"}],"wp:featuredmedia":[{"embeddable":true,"href":"https:\/\/adrianasantacruz.com\/en\/wp-json\/wp\/v2\/media\/11562"}],"wp:attachment":[{"href":"https:\/\/adrianasantacruz.com\/en\/wp-json\/wp\/v2\/media?parent=11549"}],"wp:term":[{"taxonomy":"product_brand","embeddable":true,"href":"https:\/\/adrianasantacruz.com\/en\/wp-json\/wp\/v2\/product_brand?post=11549"},{"taxonomy":"product_cat","embeddable":true,"href":"https:\/\/adrianasantacruz.com\/en\/wp-json\/wp\/v2\/product_cat?post=11549"},{"taxonomy":"product_tag","embeddable":true,"href":"https:\/\/adrianasantacruz.com\/en\/wp-json\/wp\/v2\/product_tag?post=11549"}],"curies":[{"name":"wp","href":"https:\/\/api.w.org\/{rel}","templated":true}]}}