{"id":11624,"date":"2023-11-15T01:00:24","date_gmt":"2023-11-15T06:00:24","guid":{"rendered":"https:\/\/adrianasantacruz.com\/?post_type=product&#038;p=11624"},"modified":"2026-03-13T12:08:19","modified_gmt":"2026-03-13T17:08:19","slug":"halconcito","status":"publish","type":"product","link":"https:\/\/adrianasantacruz.com\/en\/product\/halconcito\/","title":{"rendered":"HALCONCITO"},"content":{"rendered":"<p>Front length: 85 cm,\u00a0&nbsp;Back length: 95 cm<\/p>","protected":false},"excerpt":{"rendered":"<p>Structured jacket inspired by the brand's iconic piece, \"Halcon\" mantle. Balanced built with fragments of vertical and horizontal loom, giving a free and fluid silhouette with movement simulating the flight of a falcon. Hand-finished.<\/p>\n<p>One size fits all (Fits S, M,L)<\/p>\n<p>70% Pet, &nbsp;30% Acrylic<\/p>\n<p>Dry Cleaning, Do not use detergent, Steam Ironing<\/p>\n<p>ESTE PRODUCTO NO ESTA DISPONIBLE PARA ENVIO INMEDIATO, REQUIERE UN TIEMPO DE ELBORACI\u00d3N<\/p>","protected":false},"featured_media":11627,"comment_status":"open","ping_status":"closed","template":"","meta":{"_monsterinsights_skip_tracking":false,"_monsterinsights_sitenote_active":false,"_monsterinsights_sitenote_note":"","_monsterinsights_sitenote_category":0,"_joinchat":[]},"product_brand":[],"product_cat":[217,66],"product_tag":[],"class_list":{"0":"post-11624","1":"product","2":"type-product","3":"status-publish","4":"has-post-thumbnail","6":"product_cat-retorno-all-seasons-23-24","7":"product_cat-chaqueta","9":"first","10":"onbackorder","11":"shipping-taxable","12":"purchasable","13":"product-type-simple"},"yoast_head":"<!-- This site is optimized with the Yoast SEO plugin v25.2 - https:\/\/yoast.com\/wordpress\/plugins\/seo\/ -->\n<title>HALCONCITO - Adriana Santacruz<\/title>\n<meta name=\"description\" content=\"HALCONCITO - Chaqueta estructurada inspirada en la pieza ic\u00f3nica de la marca (halc\u00f3n - manto). Construida en equilibrio por fragmentos de telar vertical y horizontal dando una silueta libre, fluida y con movimiento reflejando el vuelo del halc\u00f3n. Terminados a mano  Talla \u00fanica (apta para tallas S, M, L)  70% Pet, 30% Acrilico  Lavado a mano, No usar detergente o blanqueador.  ESTE PRODUCTO NO ESTA DISPONIBLE PARA ENVIO INMEDIATO, REQUIERE UN TIEMPO DE ELBORACI\u00d3N - prendas elaboradas en telar, con t\u00e9cnicas artesanales ind\u00edgenas.\" \/>\n<meta name=\"robots\" content=\"index, follow, max-snippet:-1, max-image-preview:large, max-video-preview:-1\" \/>\n<link rel=\"canonical\" href=\"https:\/\/adrianasantacruz.com\/en\/product\/halconcito\/\" \/>\n<meta property=\"og:locale\" content=\"en_US\" \/>\n<meta property=\"og:type\" content=\"article\" \/>\n<meta property=\"og:title\" content=\"HALCONCITO - Adriana Santacruz\" \/>\n<meta property=\"og:description\" content=\"HALCONCITO - Chaqueta estructurada inspirada en la pieza ic\u00f3nica de la marca (halc\u00f3n - manto). Construida en equilibrio por fragmentos de telar vertical y horizontal dando una silueta libre, fluida y con movimiento reflejando el vuelo del halc\u00f3n. Terminados a mano  Talla \u00fanica (apta para tallas S, M, L)  70% Pet, 30% Acrilico  Lavado a mano, No usar detergente o blanqueador.  ESTE PRODUCTO NO ESTA DISPONIBLE PARA ENVIO INMEDIATO, REQUIERE UN TIEMPO DE ELBORACI\u00d3N - prendas elaboradas en telar, con t\u00e9cnicas artesanales ind\u00edgenas.\" \/>\n<meta property=\"og:url\" content=\"https:\/\/adrianasantacruz.com\/en\/product\/halconcito\/\" \/>\n<meta property=\"og:site_name\" content=\"Adriana Santacruz\" \/>\n<meta property=\"article:publisher\" content=\"https:\/\/www.facebook.com\/santacruz.adriana\/\" \/>\n<meta property=\"article:modified_time\" content=\"2026-03-13T17:08:19+00:00\" \/>\n<meta property=\"og:image\" content=\"https:\/\/adrianasantacruz.com\/wp-content\/uploads\/2023\/11\/1.HALCONCITO.jpg\" \/>\n\t<meta property=\"og:image:width\" content=\"738\" \/>\n\t<meta property=\"og:image:height\" content=\"1110\" \/>\n\t<meta property=\"og:image:type\" content=\"image\/jpeg\" \/>\n<meta name=\"twitter:card\" content=\"summary_large_image\" \/>\n<meta name=\"twitter:label1\" content=\"Est. reading time\" \/>\n\t<meta name=\"twitter:data1\" content=\"1 minute\" \/>\n<script type=\"application\/ld+json\" class=\"yoast-schema-graph\">{\"@context\":\"https:\/\/schema.org\",\"@graph\":[{\"@type\":\"WebPage\",\"@id\":\"https:\/\/adrianasantacruz.com\/product\/halconcito\/\",\"url\":\"https:\/\/adrianasantacruz.com\/product\/halconcito\/\",\"name\":\"HALCONCITO - Adriana Santacruz\",\"isPartOf\":{\"@id\":\"https:\/\/adrianasantacruz.com\/#website\"},\"primaryImageOfPage\":{\"@id\":\"https:\/\/adrianasantacruz.com\/product\/halconcito\/#primaryimage\"},\"image\":{\"@id\":\"https:\/\/adrianasantacruz.com\/product\/halconcito\/#primaryimage\"},\"thumbnailUrl\":\"https:\/\/adrianasantacruz.com\/wp-content\/uploads\/2023\/11\/1.HALCONCITO.jpg\",\"datePublished\":\"2023-11-15T06:00:24+00:00\",\"dateModified\":\"2026-03-13T17:08:19+00:00\",\"description\":\"HALCONCITO - Chaqueta estructurada inspirada en la pieza ic\u00f3nica de la marca (halc\u00f3n - manto). Construida en equilibrio por fragmentos de telar vertical y horizontal dando una silueta libre, fluida y con movimiento reflejando el vuelo del halc\u00f3n. Terminados a mano Talla \u00fanica (apta para tallas S, M, L) 70% Pet, 30% Acrilico Lavado a mano, No usar detergente o blanqueador. ESTE PRODUCTO NO ESTA DISPONIBLE PARA ENVIO INMEDIATO, REQUIERE UN TIEMPO DE ELBORACI\u00d3N - prendas elaboradas en telar, con t\u00e9cnicas artesanales ind\u00edgenas.\",\"breadcrumb\":{\"@id\":\"https:\/\/adrianasantacruz.com\/product\/halconcito\/#breadcrumb\"},\"inLanguage\":\"en-US\",\"potentialAction\":[{\"@type\":\"ReadAction\",\"target\":[\"https:\/\/adrianasantacruz.com\/product\/halconcito\/\"]}]},{\"@type\":\"ImageObject\",\"inLanguage\":\"en-US\",\"@id\":\"https:\/\/adrianasantacruz.com\/product\/halconcito\/#primaryimage\",\"url\":\"https:\/\/adrianasantacruz.com\/wp-content\/uploads\/2023\/11\/1.HALCONCITO.jpg\",\"contentUrl\":\"https:\/\/adrianasantacruz.com\/wp-content\/uploads\/2023\/11\/1.HALCONCITO.jpg\",\"width\":738,\"height\":1110},{\"@type\":\"BreadcrumbList\",\"@id\":\"https:\/\/adrianasantacruz.com\/product\/halconcito\/#breadcrumb\",\"itemListElement\":[{\"@type\":\"ListItem\",\"position\":1,\"name\":\"Portada\",\"item\":\"https:\/\/adrianasantacruz.com\/\"},{\"@type\":\"ListItem\",\"position\":2,\"name\":\"Shop\",\"item\":\"https:\/\/adrianasantacruz.com\/shop\/\"},{\"@type\":\"ListItem\",\"position\":3,\"name\":\"HALCONCITO\"}]},{\"@type\":\"WebSite\",\"@id\":\"https:\/\/adrianasantacruz.com\/#website\",\"url\":\"https:\/\/adrianasantacruz.com\/\",\"name\":\"Adriana Santacruz\",\"description\":\"Ruanas Tejidas | Telar ind\u00edgena precolombino\",\"publisher\":{\"@id\":\"https:\/\/adrianasantacruz.com\/#organization\"},\"potentialAction\":[{\"@type\":\"SearchAction\",\"target\":{\"@type\":\"EntryPoint\",\"urlTemplate\":\"https:\/\/adrianasantacruz.com\/?s={search_term_string}\"},\"query-input\":{\"@type\":\"PropertyValueSpecification\",\"valueRequired\":true,\"valueName\":\"search_term_string\"}}],\"inLanguage\":\"en-US\"},{\"@type\":\"Organization\",\"@id\":\"https:\/\/adrianasantacruz.com\/#organization\",\"name\":\"Adriana Santacruz\",\"url\":\"https:\/\/adrianasantacruz.com\/\",\"logo\":{\"@type\":\"ImageObject\",\"inLanguage\":\"en-US\",\"@id\":\"https:\/\/adrianasantacruz.com\/#\/schema\/logo\/image\/\",\"url\":\"http:\/\/adrianasantacruz.com\/wp-content\/uploads\/2020\/10\/Logo-adriana-Santacruz-NEGRO.png\",\"contentUrl\":\"http:\/\/adrianasantacruz.com\/wp-content\/uploads\/2020\/10\/Logo-adriana-Santacruz-NEGRO.png\",\"width\":400,\"height\":38,\"caption\":\"Adriana Santacruz\"},\"image\":{\"@id\":\"https:\/\/adrianasantacruz.com\/#\/schema\/logo\/image\/\"},\"sameAs\":[\"https:\/\/www.facebook.com\/santacruz.adriana\/\",\"https:\/\/www.instagram.com\/byadrianasantacruz\",\"https:\/\/es.wikipedia.org\/wiki\/Adriana_Santacruz\"]}]}<\/script>\n<!-- \/ Yoast SEO plugin. -->","yoast_head_json":{"title":"HALCONCITO - Adriana Santacruz","description":"HALCONCITO - Chaqueta estructurada inspirada en la pieza ic\u00f3nica de la marca (halc\u00f3n - manto). Construida en equilibrio por fragmentos de telar vertical y horizontal dando una silueta libre, fluida y con movimiento reflejando el vuelo del halc\u00f3n. Terminados a mano  Talla \u00fanica (apta para tallas S, M, L)  70% Pet, 30% Acrilico  Lavado a mano, No usar detergente o blanqueador.  ESTE PRODUCTO NO ESTA DISPONIBLE PARA ENVIO INMEDIATO, REQUIERE UN TIEMPO DE ELBORACI\u00d3N - prendas elaboradas en telar, con t\u00e9cnicas artesanales ind\u00edgenas.","robots":{"index":"index","follow":"follow","max-snippet":"max-snippet:-1","max-image-preview":"max-image-preview:large","max-video-preview":"max-video-preview:-1"},"canonical":"https:\/\/adrianasantacruz.com\/en\/product\/halconcito\/","og_locale":"en_US","og_type":"article","og_title":"HALCONCITO - Adriana Santacruz","og_description":"HALCONCITO - Chaqueta estructurada inspirada en la pieza ic\u00f3nica de la marca (halc\u00f3n - manto). Construida en equilibrio por fragmentos de telar vertical y horizontal dando una silueta libre, fluida y con movimiento reflejando el vuelo del halc\u00f3n. Terminados a mano  Talla \u00fanica (apta para tallas S, M, L)  70% Pet, 30% Acrilico  Lavado a mano, No usar detergente o blanqueador.  ESTE PRODUCTO NO ESTA DISPONIBLE PARA ENVIO INMEDIATO, REQUIERE UN TIEMPO DE ELBORACI\u00d3N - prendas elaboradas en telar, con t\u00e9cnicas artesanales ind\u00edgenas.","og_url":"https:\/\/adrianasantacruz.com\/en\/product\/halconcito\/","og_site_name":"Adriana Santacruz","article_publisher":"https:\/\/www.facebook.com\/santacruz.adriana\/","article_modified_time":"2026-03-13T17:08:19+00:00","og_image":[{"width":738,"height":1110,"url":"https:\/\/adrianasantacruz.com\/wp-content\/uploads\/2023\/11\/1.HALCONCITO.jpg","type":"image\/jpeg"}],"twitter_card":"summary_large_image","twitter_misc":{"Est. reading time":"1 minute"},"schema":{"@context":"https:\/\/schema.org","@graph":[{"@type":"WebPage","@id":"https:\/\/adrianasantacruz.com\/product\/halconcito\/","url":"https:\/\/adrianasantacruz.com\/product\/halconcito\/","name":"HALCONCITO - Adriana Santacruz","isPartOf":{"@id":"https:\/\/adrianasantacruz.com\/#website"},"primaryImageOfPage":{"@id":"https:\/\/adrianasantacruz.com\/product\/halconcito\/#primaryimage"},"image":{"@id":"https:\/\/adrianasantacruz.com\/product\/halconcito\/#primaryimage"},"thumbnailUrl":"https:\/\/adrianasantacruz.com\/wp-content\/uploads\/2023\/11\/1.HALCONCITO.jpg","datePublished":"2023-11-15T06:00:24+00:00","dateModified":"2026-03-13T17:08:19+00:00","description":"HALCONCITO - Chaqueta estructurada inspirada en la pieza ic\u00f3nica de la marca (halc\u00f3n - manto). Construida en equilibrio por fragmentos de telar vertical y horizontal dando una silueta libre, fluida y con movimiento reflejando el vuelo del halc\u00f3n. Terminados a mano Talla \u00fanica (apta para tallas S, M, L) 70% Pet, 30% Acrilico Lavado a mano, No usar detergente o blanqueador. ESTE PRODUCTO NO ESTA DISPONIBLE PARA ENVIO INMEDIATO, REQUIERE UN TIEMPO DE ELBORACI\u00d3N - prendas elaboradas en telar, con t\u00e9cnicas artesanales ind\u00edgenas.","breadcrumb":{"@id":"https:\/\/adrianasantacruz.com\/product\/halconcito\/#breadcrumb"},"inLanguage":"en-US","potentialAction":[{"@type":"ReadAction","target":["https:\/\/adrianasantacruz.com\/product\/halconcito\/"]}]},{"@type":"ImageObject","inLanguage":"en-US","@id":"https:\/\/adrianasantacruz.com\/product\/halconcito\/#primaryimage","url":"https:\/\/adrianasantacruz.com\/wp-content\/uploads\/2023\/11\/1.HALCONCITO.jpg","contentUrl":"https:\/\/adrianasantacruz.com\/wp-content\/uploads\/2023\/11\/1.HALCONCITO.jpg","width":738,"height":1110},{"@type":"BreadcrumbList","@id":"https:\/\/adrianasantacruz.com\/product\/halconcito\/#breadcrumb","itemListElement":[{"@type":"ListItem","position":1,"name":"Portada","item":"https:\/\/adrianasantacruz.com\/"},{"@type":"ListItem","position":2,"name":"Shop","item":"https:\/\/adrianasantacruz.com\/shop\/"},{"@type":"ListItem","position":3,"name":"HALCONCITO"}]},{"@type":"WebSite","@id":"https:\/\/adrianasantacruz.com\/#website","url":"https:\/\/adrianasantacruz.com\/","name":"Adriana Santacruz","description":"Ruanas Tejidas | Telar ind\u00edgena precolombino","publisher":{"@id":"https:\/\/adrianasantacruz.com\/#organization"},"potentialAction":[{"@type":"SearchAction","target":{"@type":"EntryPoint","urlTemplate":"https:\/\/adrianasantacruz.com\/?s={search_term_string}"},"query-input":{"@type":"PropertyValueSpecification","valueRequired":true,"valueName":"search_term_string"}}],"inLanguage":"en-US"},{"@type":"Organization","@id":"https:\/\/adrianasantacruz.com\/#organization","name":"Adriana Santacruz","url":"https:\/\/adrianasantacruz.com\/","logo":{"@type":"ImageObject","inLanguage":"en-US","@id":"https:\/\/adrianasantacruz.com\/#\/schema\/logo\/image\/","url":"http:\/\/adrianasantacruz.com\/wp-content\/uploads\/2020\/10\/Logo-adriana-Santacruz-NEGRO.png","contentUrl":"http:\/\/adrianasantacruz.com\/wp-content\/uploads\/2020\/10\/Logo-adriana-Santacruz-NEGRO.png","width":400,"height":38,"caption":"Adriana Santacruz"},"image":{"@id":"https:\/\/adrianasantacruz.com\/#\/schema\/logo\/image\/"},"sameAs":["https:\/\/www.facebook.com\/santacruz.adriana\/","https:\/\/www.instagram.com\/byadrianasantacruz","https:\/\/es.wikipedia.org\/wiki\/Adriana_Santacruz"]}]}},"_links":{"self":[{"href":"https:\/\/adrianasantacruz.com\/en\/wp-json\/wp\/v2\/product\/11624","targetHints":{"allow":["GET"]}}],"collection":[{"href":"https:\/\/adrianasantacruz.com\/en\/wp-json\/wp\/v2\/product"}],"about":[{"href":"https:\/\/adrianasantacruz.com\/en\/wp-json\/wp\/v2\/types\/product"}],"replies":[{"embeddable":true,"href":"https:\/\/adrianasantacruz.com\/en\/wp-json\/wp\/v2\/comments?post=11624"}],"version-history":[{"count":0,"href":"https:\/\/adrianasantacruz.com\/en\/wp-json\/wp\/v2\/product\/11624\/revisions"}],"wp:featuredmedia":[{"embeddable":true,"href":"https:\/\/adrianasantacruz.com\/en\/wp-json\/wp\/v2\/media\/11627"}],"wp:attachment":[{"href":"https:\/\/adrianasantacruz.com\/en\/wp-json\/wp\/v2\/media?parent=11624"}],"wp:term":[{"taxonomy":"product_brand","embeddable":true,"href":"https:\/\/adrianasantacruz.com\/en\/wp-json\/wp\/v2\/product_brand?post=11624"},{"taxonomy":"product_cat","embeddable":true,"href":"https:\/\/adrianasantacruz.com\/en\/wp-json\/wp\/v2\/product_cat?post=11624"},{"taxonomy":"product_tag","embeddable":true,"href":"https:\/\/adrianasantacruz.com\/en\/wp-json\/wp\/v2\/product_tag?post=11624"}],"curies":[{"name":"wp","href":"https:\/\/api.w.org\/{rel}","templated":true}]}}