{"id":11735,"date":"2024-09-03T12:02:20","date_gmt":"2024-09-03T17:02:20","guid":{"rendered":"https:\/\/adrianasantacruz.com\/?post_type=product&#038;p=11735"},"modified":"2026-04-08T14:38:53","modified_gmt":"2026-04-08T19:38:53","slug":"micaela-2","status":"publish","type":"product","link":"https:\/\/adrianasantacruz.com\/en\/product\/micaela-2\/","title":{"rendered":"MICAELA"},"content":{"rendered":"<div dir=\"ltr\">Front length: 126, Back length: 126<\/div>","protected":false},"excerpt":{"rendered":"<p>An iconic piece of the brand, assembled from two fragments of brocaded fabric woven on a horizontal loom, covering the back and front. Hand-finished details complete the design.<\/p>\n<div class=\"input-box\" spellcheck=\"false\">\n<div dir=\"ltr\">\n<div class=\"input-box\" spellcheck=\"false\">One size fits all (Fits S, M,L)<\/div>\n<div spellcheck=\"false\"><\/div>\n<\/div>\n<div spellcheck=\"false\"><\/div>\n<div dir=\"ltr\">\n<div spellcheck=\"false\">50% Cotton, 40 % Acrylic, 10 % Wool<\/div>\n<div spellcheck=\"false\"><\/div>\n<\/div>\n<\/div>\n<div spellcheck=\"false\"><\/div>\n<div spellcheck=\"false\">Front length: 126, Back length: 126<\/div>\n<div spellcheck=\"false\"><\/div>\n<div spellcheck=\"false\"><\/div>\n<div spellcheck=\"false\">Dry Cleaning, Do not use detergent, Steam Ironing<\/div>","protected":false},"featured_media":12327,"comment_status":"open","ping_status":"closed","template":"","meta":{"_monsterinsights_skip_tracking":false,"_monsterinsights_sitenote_active":false,"_monsterinsights_sitenote_note":"","_monsterinsights_sitenote_category":0,"_joinchat":[]},"product_brand":[],"product_cat":[220,67],"product_tag":[221,222],"class_list":{"0":"post-11735","1":"product","2":"type-product","3":"status-publish","4":"has-post-thumbnail","6":"product_cat-autumn-winter-2024-2025","7":"product_cat-manto","8":"product_tag-autumn-winter-2024-2025","9":"product_tag-kap-chi","11":"first","12":"outofstock","13":"shipping-taxable","14":"purchasable","15":"product-type-simple"},"yoast_head":"<!-- This site is optimized with the Yoast SEO plugin v25.2 - https:\/\/yoast.com\/wordpress\/plugins\/seo\/ -->\n<title>MICAELA - Adriana Santacruz<\/title>\n<meta name=\"description\" content=\"MICAELA - Pieza ic\u00f3nica de la marca ensamblada con dos fragmentos de tejido en telar horizontal brocado, que cubre espalda y delantero. Terminados a mano.   Talla \u00fanica (apta para tallas S, M, L)     50% Algod\u00f3n, 40 % Acr\u00edlico, 10 % Lana     Largo Delantero: 126 cm, Largo Posterior: 126 cm   Lavado en seco, No usar detergente o blanqueador - prendas elaboradas en telar, con t\u00e9cnicas artesanales ind\u00edgenas.\" \/>\n<meta name=\"robots\" content=\"index, follow, max-snippet:-1, max-image-preview:large, max-video-preview:-1\" \/>\n<link rel=\"canonical\" href=\"https:\/\/adrianasantacruz.com\/en\/product\/micaela-2\/\" \/>\n<meta property=\"og:locale\" content=\"en_US\" \/>\n<meta property=\"og:type\" content=\"article\" \/>\n<meta property=\"og:title\" content=\"MICAELA - Adriana Santacruz\" \/>\n<meta property=\"og:description\" content=\"MICAELA - Pieza ic\u00f3nica de la marca ensamblada con dos fragmentos de tejido en telar horizontal brocado, que cubre espalda y delantero. Terminados a mano.   Talla \u00fanica (apta para tallas S, M, L)     50% Algod\u00f3n, 40 % Acr\u00edlico, 10 % Lana     Largo Delantero: 126 cm, Largo Posterior: 126 cm   Lavado en seco, No usar detergente o blanqueador - prendas elaboradas en telar, con t\u00e9cnicas artesanales ind\u00edgenas.\" \/>\n<meta property=\"og:url\" content=\"https:\/\/adrianasantacruz.com\/en\/product\/micaela-2\/\" \/>\n<meta property=\"og:site_name\" content=\"Adriana Santacruz\" \/>\n<meta property=\"article:publisher\" content=\"https:\/\/www.facebook.com\/santacruz.adriana\/\" \/>\n<meta property=\"article:modified_time\" content=\"2026-04-08T19:38:53+00:00\" \/>\n<meta property=\"og:image\" content=\"https:\/\/adrianasantacruz.com\/wp-content\/uploads\/2024\/09\/1.1.Micaela-_8139-scaled.webp\" \/>\n\t<meta property=\"og:image:width\" content=\"1707\" \/>\n\t<meta property=\"og:image:height\" content=\"2560\" \/>\n\t<meta property=\"og:image:type\" content=\"image\/webp\" \/>\n<meta name=\"twitter:card\" content=\"summary_large_image\" \/>\n<meta name=\"twitter:label1\" content=\"Est. reading time\" \/>\n\t<meta name=\"twitter:data1\" content=\"1 minute\" \/>\n<script type=\"application\/ld+json\" class=\"yoast-schema-graph\">{\"@context\":\"https:\/\/schema.org\",\"@graph\":[{\"@type\":\"WebPage\",\"@id\":\"https:\/\/adrianasantacruz.com\/product\/micaela-2\/\",\"url\":\"https:\/\/adrianasantacruz.com\/product\/micaela-2\/\",\"name\":\"MICAELA - Adriana Santacruz\",\"isPartOf\":{\"@id\":\"https:\/\/adrianasantacruz.com\/#website\"},\"primaryImageOfPage\":{\"@id\":\"https:\/\/adrianasantacruz.com\/product\/micaela-2\/#primaryimage\"},\"image\":{\"@id\":\"https:\/\/adrianasantacruz.com\/product\/micaela-2\/#primaryimage\"},\"thumbnailUrl\":\"https:\/\/adrianasantacruz.com\/wp-content\/uploads\/2024\/09\/1.1.Micaela-_8139-scaled.webp\",\"datePublished\":\"2024-09-03T17:02:20+00:00\",\"dateModified\":\"2026-04-08T19:38:53+00:00\",\"description\":\"MICAELA - Pieza ic\u00f3nica de la marca ensamblada con dos fragmentos de tejido en telar horizontal brocado, que cubre espalda y delantero. Terminados a mano. Talla \u00fanica (apta para tallas S, M, L) 50% Algod\u00f3n, 40 % Acr\u00edlico, 10 % Lana Largo Delantero: 126 cm, Largo Posterior: 126 cm Lavado en seco, No usar detergente o blanqueador - prendas elaboradas en telar, con t\u00e9cnicas artesanales ind\u00edgenas.\",\"breadcrumb\":{\"@id\":\"https:\/\/adrianasantacruz.com\/product\/micaela-2\/#breadcrumb\"},\"inLanguage\":\"en-US\",\"potentialAction\":[{\"@type\":\"ReadAction\",\"target\":[\"https:\/\/adrianasantacruz.com\/product\/micaela-2\/\"]}]},{\"@type\":\"ImageObject\",\"inLanguage\":\"en-US\",\"@id\":\"https:\/\/adrianasantacruz.com\/product\/micaela-2\/#primaryimage\",\"url\":\"https:\/\/adrianasantacruz.com\/wp-content\/uploads\/2024\/09\/1.1.Micaela-_8139-scaled.webp\",\"contentUrl\":\"https:\/\/adrianasantacruz.com\/wp-content\/uploads\/2024\/09\/1.1.Micaela-_8139-scaled.webp\",\"width\":1707,\"height\":2560},{\"@type\":\"BreadcrumbList\",\"@id\":\"https:\/\/adrianasantacruz.com\/product\/micaela-2\/#breadcrumb\",\"itemListElement\":[{\"@type\":\"ListItem\",\"position\":1,\"name\":\"Portada\",\"item\":\"https:\/\/adrianasantacruz.com\/\"},{\"@type\":\"ListItem\",\"position\":2,\"name\":\"Shop\",\"item\":\"https:\/\/adrianasantacruz.com\/shop\/\"},{\"@type\":\"ListItem\",\"position\":3,\"name\":\"MICAELA\"}]},{\"@type\":\"WebSite\",\"@id\":\"https:\/\/adrianasantacruz.com\/#website\",\"url\":\"https:\/\/adrianasantacruz.com\/\",\"name\":\"Adriana Santacruz\",\"description\":\"Ruanas Tejidas | Telar ind\u00edgena precolombino\",\"publisher\":{\"@id\":\"https:\/\/adrianasantacruz.com\/#organization\"},\"potentialAction\":[{\"@type\":\"SearchAction\",\"target\":{\"@type\":\"EntryPoint\",\"urlTemplate\":\"https:\/\/adrianasantacruz.com\/?s={search_term_string}\"},\"query-input\":{\"@type\":\"PropertyValueSpecification\",\"valueRequired\":true,\"valueName\":\"search_term_string\"}}],\"inLanguage\":\"en-US\"},{\"@type\":\"Organization\",\"@id\":\"https:\/\/adrianasantacruz.com\/#organization\",\"name\":\"Adriana Santacruz\",\"url\":\"https:\/\/adrianasantacruz.com\/\",\"logo\":{\"@type\":\"ImageObject\",\"inLanguage\":\"en-US\",\"@id\":\"https:\/\/adrianasantacruz.com\/#\/schema\/logo\/image\/\",\"url\":\"http:\/\/adrianasantacruz.com\/wp-content\/uploads\/2020\/10\/Logo-adriana-Santacruz-NEGRO.png\",\"contentUrl\":\"http:\/\/adrianasantacruz.com\/wp-content\/uploads\/2020\/10\/Logo-adriana-Santacruz-NEGRO.png\",\"width\":400,\"height\":38,\"caption\":\"Adriana Santacruz\"},\"image\":{\"@id\":\"https:\/\/adrianasantacruz.com\/#\/schema\/logo\/image\/\"},\"sameAs\":[\"https:\/\/www.facebook.com\/santacruz.adriana\/\",\"https:\/\/www.instagram.com\/byadrianasantacruz\",\"https:\/\/es.wikipedia.org\/wiki\/Adriana_Santacruz\"]}]}<\/script>\n<!-- \/ Yoast SEO plugin. -->","yoast_head_json":{"title":"MICAELA - Adriana Santacruz","description":"MICAELA - Pieza ic\u00f3nica de la marca ensamblada con dos fragmentos de tejido en telar horizontal brocado, que cubre espalda y delantero. Terminados a mano.   Talla \u00fanica (apta para tallas S, M, L)     50% Algod\u00f3n, 40 % Acr\u00edlico, 10 % Lana     Largo Delantero: 126 cm, Largo Posterior: 126 cm   Lavado en seco, No usar detergente o blanqueador - prendas elaboradas en telar, con t\u00e9cnicas artesanales ind\u00edgenas.","robots":{"index":"index","follow":"follow","max-snippet":"max-snippet:-1","max-image-preview":"max-image-preview:large","max-video-preview":"max-video-preview:-1"},"canonical":"https:\/\/adrianasantacruz.com\/en\/product\/micaela-2\/","og_locale":"en_US","og_type":"article","og_title":"MICAELA - Adriana Santacruz","og_description":"MICAELA - Pieza ic\u00f3nica de la marca ensamblada con dos fragmentos de tejido en telar horizontal brocado, que cubre espalda y delantero. Terminados a mano.   Talla \u00fanica (apta para tallas S, M, L)     50% Algod\u00f3n, 40 % Acr\u00edlico, 10 % Lana     Largo Delantero: 126 cm, Largo Posterior: 126 cm   Lavado en seco, No usar detergente o blanqueador - prendas elaboradas en telar, con t\u00e9cnicas artesanales ind\u00edgenas.","og_url":"https:\/\/adrianasantacruz.com\/en\/product\/micaela-2\/","og_site_name":"Adriana Santacruz","article_publisher":"https:\/\/www.facebook.com\/santacruz.adriana\/","article_modified_time":"2026-04-08T19:38:53+00:00","og_image":[{"width":1707,"height":2560,"url":"https:\/\/adrianasantacruz.com\/wp-content\/uploads\/2024\/09\/1.1.Micaela-_8139-scaled.webp","type":"image\/webp"}],"twitter_card":"summary_large_image","twitter_misc":{"Est. reading time":"1 minute"},"schema":{"@context":"https:\/\/schema.org","@graph":[{"@type":"WebPage","@id":"https:\/\/adrianasantacruz.com\/product\/micaela-2\/","url":"https:\/\/adrianasantacruz.com\/product\/micaela-2\/","name":"MICAELA - Adriana Santacruz","isPartOf":{"@id":"https:\/\/adrianasantacruz.com\/#website"},"primaryImageOfPage":{"@id":"https:\/\/adrianasantacruz.com\/product\/micaela-2\/#primaryimage"},"image":{"@id":"https:\/\/adrianasantacruz.com\/product\/micaela-2\/#primaryimage"},"thumbnailUrl":"https:\/\/adrianasantacruz.com\/wp-content\/uploads\/2024\/09\/1.1.Micaela-_8139-scaled.webp","datePublished":"2024-09-03T17:02:20+00:00","dateModified":"2026-04-08T19:38:53+00:00","description":"MICAELA - Pieza ic\u00f3nica de la marca ensamblada con dos fragmentos de tejido en telar horizontal brocado, que cubre espalda y delantero. Terminados a mano. Talla \u00fanica (apta para tallas S, M, L) 50% Algod\u00f3n, 40 % Acr\u00edlico, 10 % Lana Largo Delantero: 126 cm, Largo Posterior: 126 cm Lavado en seco, No usar detergente o blanqueador - prendas elaboradas en telar, con t\u00e9cnicas artesanales ind\u00edgenas.","breadcrumb":{"@id":"https:\/\/adrianasantacruz.com\/product\/micaela-2\/#breadcrumb"},"inLanguage":"en-US","potentialAction":[{"@type":"ReadAction","target":["https:\/\/adrianasantacruz.com\/product\/micaela-2\/"]}]},{"@type":"ImageObject","inLanguage":"en-US","@id":"https:\/\/adrianasantacruz.com\/product\/micaela-2\/#primaryimage","url":"https:\/\/adrianasantacruz.com\/wp-content\/uploads\/2024\/09\/1.1.Micaela-_8139-scaled.webp","contentUrl":"https:\/\/adrianasantacruz.com\/wp-content\/uploads\/2024\/09\/1.1.Micaela-_8139-scaled.webp","width":1707,"height":2560},{"@type":"BreadcrumbList","@id":"https:\/\/adrianasantacruz.com\/product\/micaela-2\/#breadcrumb","itemListElement":[{"@type":"ListItem","position":1,"name":"Portada","item":"https:\/\/adrianasantacruz.com\/"},{"@type":"ListItem","position":2,"name":"Shop","item":"https:\/\/adrianasantacruz.com\/shop\/"},{"@type":"ListItem","position":3,"name":"MICAELA"}]},{"@type":"WebSite","@id":"https:\/\/adrianasantacruz.com\/#website","url":"https:\/\/adrianasantacruz.com\/","name":"Adriana Santacruz","description":"Ruanas Tejidas | Telar ind\u00edgena precolombino","publisher":{"@id":"https:\/\/adrianasantacruz.com\/#organization"},"potentialAction":[{"@type":"SearchAction","target":{"@type":"EntryPoint","urlTemplate":"https:\/\/adrianasantacruz.com\/?s={search_term_string}"},"query-input":{"@type":"PropertyValueSpecification","valueRequired":true,"valueName":"search_term_string"}}],"inLanguage":"en-US"},{"@type":"Organization","@id":"https:\/\/adrianasantacruz.com\/#organization","name":"Adriana Santacruz","url":"https:\/\/adrianasantacruz.com\/","logo":{"@type":"ImageObject","inLanguage":"en-US","@id":"https:\/\/adrianasantacruz.com\/#\/schema\/logo\/image\/","url":"http:\/\/adrianasantacruz.com\/wp-content\/uploads\/2020\/10\/Logo-adriana-Santacruz-NEGRO.png","contentUrl":"http:\/\/adrianasantacruz.com\/wp-content\/uploads\/2020\/10\/Logo-adriana-Santacruz-NEGRO.png","width":400,"height":38,"caption":"Adriana Santacruz"},"image":{"@id":"https:\/\/adrianasantacruz.com\/#\/schema\/logo\/image\/"},"sameAs":["https:\/\/www.facebook.com\/santacruz.adriana\/","https:\/\/www.instagram.com\/byadrianasantacruz","https:\/\/es.wikipedia.org\/wiki\/Adriana_Santacruz"]}]}},"_links":{"self":[{"href":"https:\/\/adrianasantacruz.com\/en\/wp-json\/wp\/v2\/product\/11735","targetHints":{"allow":["GET"]}}],"collection":[{"href":"https:\/\/adrianasantacruz.com\/en\/wp-json\/wp\/v2\/product"}],"about":[{"href":"https:\/\/adrianasantacruz.com\/en\/wp-json\/wp\/v2\/types\/product"}],"replies":[{"embeddable":true,"href":"https:\/\/adrianasantacruz.com\/en\/wp-json\/wp\/v2\/comments?post=11735"}],"version-history":[{"count":0,"href":"https:\/\/adrianasantacruz.com\/en\/wp-json\/wp\/v2\/product\/11735\/revisions"}],"wp:featuredmedia":[{"embeddable":true,"href":"https:\/\/adrianasantacruz.com\/en\/wp-json\/wp\/v2\/media\/12327"}],"wp:attachment":[{"href":"https:\/\/adrianasantacruz.com\/en\/wp-json\/wp\/v2\/media?parent=11735"}],"wp:term":[{"taxonomy":"product_brand","embeddable":true,"href":"https:\/\/adrianasantacruz.com\/en\/wp-json\/wp\/v2\/product_brand?post=11735"},{"taxonomy":"product_cat","embeddable":true,"href":"https:\/\/adrianasantacruz.com\/en\/wp-json\/wp\/v2\/product_cat?post=11735"},{"taxonomy":"product_tag","embeddable":true,"href":"https:\/\/adrianasantacruz.com\/en\/wp-json\/wp\/v2\/product_tag?post=11735"}],"curies":[{"name":"wp","href":"https:\/\/api.w.org\/{rel}","templated":true}]}}