{"id":11747,"date":"2024-09-03T14:49:44","date_gmt":"2024-09-03T19:49:44","guid":{"rendered":"https:\/\/adrianasantacruz.com\/?post_type=product&#038;p=11747"},"modified":"2026-03-13T11:36:40","modified_gmt":"2026-03-13T16:36:40","slug":"piloto","status":"publish","type":"product","link":"https:\/\/adrianasantacruz.com\/en\/product\/piloto\/","title":{"rendered":"PILOTO"},"content":{"rendered":"<p>Front length: 98, Back length: 93<\/p>","protected":false},"excerpt":{"rendered":"<p>A structured piece with a hooded collar, featuring a straight line constructed from fragments of fabric woven on both vertical and horizontal looms. They strategically unite to form the silhouette and are complemented by three large hooks at the center front. Hand-finished details complete the design.<\/p>\n<p>One size fits all (fits S, M, L, XL)<\/p>\n<p>100% Wool<\/p>\n<p>Front length: 98,\u00a0&nbsp;Back length: 93<\/p>\n<p>Dry Cleaning, Do not use detergent, Steam Ironing<\/p>","protected":false},"featured_media":12318,"comment_status":"open","ping_status":"closed","template":"","meta":{"_monsterinsights_skip_tracking":false,"_monsterinsights_sitenote_active":false,"_monsterinsights_sitenote_note":"","_monsterinsights_sitenote_category":0,"_joinchat":[]},"product_brand":[],"product_cat":[220,64],"product_tag":[],"class_list":{"0":"post-11747","1":"product","2":"type-product","3":"status-publish","4":"has-post-thumbnail","6":"product_cat-autumn-winter-2024-2025","7":"product_cat-abrigo","9":"first","10":"instock","11":"shipping-taxable","12":"purchasable","13":"product-type-simple"},"yoast_head":"<!-- This site is optimized with the Yoast SEO plugin v25.2 - https:\/\/yoast.com\/wordpress\/plugins\/seo\/ -->\n<title>PILOTO - Adriana Santacruz<\/title>\n<meta name=\"description\" content=\"PILOTO - Pieza estructurada con cuello de capucha, l\u00ednea recta construida con fragmentos de tejido en telar vertical y horizontal, que se unen estrat\u00e9gicamente conformando la silueta, se complementa con tres grandes ganchos en centro delantero. Terminados a mano.  Talla \u00fanica (apta para tallas S, M, L, XL)  100% Lana  Largo Delantero: 98 cm Largo Posterior: 93 cm  Lavado en seco, No usar detergente o blanqueador - prendas elaboradas en telar, con t\u00e9cnicas artesanales ind\u00edgenas.\" \/>\n<meta name=\"robots\" content=\"index, follow, max-snippet:-1, max-image-preview:large, max-video-preview:-1\" \/>\n<link rel=\"canonical\" href=\"https:\/\/adrianasantacruz.com\/en\/product\/piloto\/\" \/>\n<meta property=\"og:locale\" content=\"en_US\" \/>\n<meta property=\"og:type\" content=\"article\" \/>\n<meta property=\"og:title\" content=\"PILOTO - Adriana Santacruz\" \/>\n<meta property=\"og:description\" content=\"PILOTO - Pieza estructurada con cuello de capucha, l\u00ednea recta construida con fragmentos de tejido en telar vertical y horizontal, que se unen estrat\u00e9gicamente conformando la silueta, se complementa con tres grandes ganchos en centro delantero. Terminados a mano.  Talla \u00fanica (apta para tallas S, M, L, XL)  100% Lana  Largo Delantero: 98 cm Largo Posterior: 93 cm  Lavado en seco, No usar detergente o blanqueador - prendas elaboradas en telar, con t\u00e9cnicas artesanales ind\u00edgenas.\" \/>\n<meta property=\"og:url\" content=\"https:\/\/adrianasantacruz.com\/en\/product\/piloto\/\" \/>\n<meta property=\"og:site_name\" content=\"Adriana Santacruz\" \/>\n<meta property=\"article:publisher\" content=\"https:\/\/www.facebook.com\/santacruz.adriana\/\" \/>\n<meta property=\"article:modified_time\" content=\"2026-03-13T16:36:40+00:00\" \/>\n<meta property=\"og:image\" content=\"https:\/\/adrianasantacruz.com\/wp-content\/uploads\/2024\/09\/3.1.Piloto_8251-1-scaled.webp\" \/>\n\t<meta property=\"og:image:width\" content=\"1706\" \/>\n\t<meta property=\"og:image:height\" content=\"2560\" \/>\n\t<meta property=\"og:image:type\" content=\"image\/webp\" \/>\n<meta name=\"twitter:card\" content=\"summary_large_image\" \/>\n<meta name=\"twitter:label1\" content=\"Est. reading time\" \/>\n\t<meta name=\"twitter:data1\" content=\"1 minute\" \/>\n<script type=\"application\/ld+json\" class=\"yoast-schema-graph\">{\"@context\":\"https:\/\/schema.org\",\"@graph\":[{\"@type\":\"WebPage\",\"@id\":\"https:\/\/adrianasantacruz.com\/product\/piloto\/\",\"url\":\"https:\/\/adrianasantacruz.com\/product\/piloto\/\",\"name\":\"PILOTO - Adriana Santacruz\",\"isPartOf\":{\"@id\":\"https:\/\/adrianasantacruz.com\/#website\"},\"primaryImageOfPage\":{\"@id\":\"https:\/\/adrianasantacruz.com\/product\/piloto\/#primaryimage\"},\"image\":{\"@id\":\"https:\/\/adrianasantacruz.com\/product\/piloto\/#primaryimage\"},\"thumbnailUrl\":\"https:\/\/adrianasantacruz.com\/wp-content\/uploads\/2024\/09\/3.1.Piloto_8251-1-scaled.webp\",\"datePublished\":\"2024-09-03T19:49:44+00:00\",\"dateModified\":\"2026-03-13T16:36:40+00:00\",\"description\":\"PILOTO - Pieza estructurada con cuello de capucha, l\u00ednea recta construida con fragmentos de tejido en telar vertical y horizontal, que se unen estrat\u00e9gicamente conformando la silueta, se complementa con tres grandes ganchos en centro delantero. Terminados a mano. Talla \u00fanica (apta para tallas S, M, L, XL) 100% Lana Largo Delantero: 98 cm Largo Posterior: 93 cm Lavado en seco, No usar detergente o blanqueador - prendas elaboradas en telar, con t\u00e9cnicas artesanales ind\u00edgenas.\",\"breadcrumb\":{\"@id\":\"https:\/\/adrianasantacruz.com\/product\/piloto\/#breadcrumb\"},\"inLanguage\":\"en-US\",\"potentialAction\":[{\"@type\":\"ReadAction\",\"target\":[\"https:\/\/adrianasantacruz.com\/product\/piloto\/\"]}]},{\"@type\":\"ImageObject\",\"inLanguage\":\"en-US\",\"@id\":\"https:\/\/adrianasantacruz.com\/product\/piloto\/#primaryimage\",\"url\":\"https:\/\/adrianasantacruz.com\/wp-content\/uploads\/2024\/09\/3.1.Piloto_8251-1-scaled.webp\",\"contentUrl\":\"https:\/\/adrianasantacruz.com\/wp-content\/uploads\/2024\/09\/3.1.Piloto_8251-1-scaled.webp\",\"width\":1706,\"height\":2560},{\"@type\":\"BreadcrumbList\",\"@id\":\"https:\/\/adrianasantacruz.com\/product\/piloto\/#breadcrumb\",\"itemListElement\":[{\"@type\":\"ListItem\",\"position\":1,\"name\":\"Portada\",\"item\":\"https:\/\/adrianasantacruz.com\/\"},{\"@type\":\"ListItem\",\"position\":2,\"name\":\"Shop\",\"item\":\"https:\/\/adrianasantacruz.com\/shop\/\"},{\"@type\":\"ListItem\",\"position\":3,\"name\":\"PILOTO\"}]},{\"@type\":\"WebSite\",\"@id\":\"https:\/\/adrianasantacruz.com\/#website\",\"url\":\"https:\/\/adrianasantacruz.com\/\",\"name\":\"Adriana Santacruz\",\"description\":\"Ruanas Tejidas | Telar ind\u00edgena precolombino\",\"publisher\":{\"@id\":\"https:\/\/adrianasantacruz.com\/#organization\"},\"potentialAction\":[{\"@type\":\"SearchAction\",\"target\":{\"@type\":\"EntryPoint\",\"urlTemplate\":\"https:\/\/adrianasantacruz.com\/?s={search_term_string}\"},\"query-input\":{\"@type\":\"PropertyValueSpecification\",\"valueRequired\":true,\"valueName\":\"search_term_string\"}}],\"inLanguage\":\"en-US\"},{\"@type\":\"Organization\",\"@id\":\"https:\/\/adrianasantacruz.com\/#organization\",\"name\":\"Adriana Santacruz\",\"url\":\"https:\/\/adrianasantacruz.com\/\",\"logo\":{\"@type\":\"ImageObject\",\"inLanguage\":\"en-US\",\"@id\":\"https:\/\/adrianasantacruz.com\/#\/schema\/logo\/image\/\",\"url\":\"http:\/\/adrianasantacruz.com\/wp-content\/uploads\/2020\/10\/Logo-adriana-Santacruz-NEGRO.png\",\"contentUrl\":\"http:\/\/adrianasantacruz.com\/wp-content\/uploads\/2020\/10\/Logo-adriana-Santacruz-NEGRO.png\",\"width\":400,\"height\":38,\"caption\":\"Adriana Santacruz\"},\"image\":{\"@id\":\"https:\/\/adrianasantacruz.com\/#\/schema\/logo\/image\/\"},\"sameAs\":[\"https:\/\/www.facebook.com\/santacruz.adriana\/\",\"https:\/\/www.instagram.com\/byadrianasantacruz\",\"https:\/\/es.wikipedia.org\/wiki\/Adriana_Santacruz\"]}]}<\/script>\n<!-- \/ Yoast SEO plugin. -->","yoast_head_json":{"title":"PILOTO - Adriana Santacruz","description":"PILOTO - Pieza estructurada con cuello de capucha, l\u00ednea recta construida con fragmentos de tejido en telar vertical y horizontal, que se unen estrat\u00e9gicamente conformando la silueta, se complementa con tres grandes ganchos en centro delantero. Terminados a mano.  Talla \u00fanica (apta para tallas S, M, L, XL)  100% Lana  Largo Delantero: 98 cm Largo Posterior: 93 cm  Lavado en seco, No usar detergente o blanqueador - prendas elaboradas en telar, con t\u00e9cnicas artesanales ind\u00edgenas.","robots":{"index":"index","follow":"follow","max-snippet":"max-snippet:-1","max-image-preview":"max-image-preview:large","max-video-preview":"max-video-preview:-1"},"canonical":"https:\/\/adrianasantacruz.com\/en\/product\/piloto\/","og_locale":"en_US","og_type":"article","og_title":"PILOTO - Adriana Santacruz","og_description":"PILOTO - Pieza estructurada con cuello de capucha, l\u00ednea recta construida con fragmentos de tejido en telar vertical y horizontal, que se unen estrat\u00e9gicamente conformando la silueta, se complementa con tres grandes ganchos en centro delantero. Terminados a mano.  Talla \u00fanica (apta para tallas S, M, L, XL)  100% Lana  Largo Delantero: 98 cm Largo Posterior: 93 cm  Lavado en seco, No usar detergente o blanqueador - prendas elaboradas en telar, con t\u00e9cnicas artesanales ind\u00edgenas.","og_url":"https:\/\/adrianasantacruz.com\/en\/product\/piloto\/","og_site_name":"Adriana Santacruz","article_publisher":"https:\/\/www.facebook.com\/santacruz.adriana\/","article_modified_time":"2026-03-13T16:36:40+00:00","og_image":[{"width":1706,"height":2560,"url":"https:\/\/adrianasantacruz.com\/wp-content\/uploads\/2024\/09\/3.1.Piloto_8251-1-scaled.webp","type":"image\/webp"}],"twitter_card":"summary_large_image","twitter_misc":{"Est. reading time":"1 minute"},"schema":{"@context":"https:\/\/schema.org","@graph":[{"@type":"WebPage","@id":"https:\/\/adrianasantacruz.com\/product\/piloto\/","url":"https:\/\/adrianasantacruz.com\/product\/piloto\/","name":"PILOTO - Adriana Santacruz","isPartOf":{"@id":"https:\/\/adrianasantacruz.com\/#website"},"primaryImageOfPage":{"@id":"https:\/\/adrianasantacruz.com\/product\/piloto\/#primaryimage"},"image":{"@id":"https:\/\/adrianasantacruz.com\/product\/piloto\/#primaryimage"},"thumbnailUrl":"https:\/\/adrianasantacruz.com\/wp-content\/uploads\/2024\/09\/3.1.Piloto_8251-1-scaled.webp","datePublished":"2024-09-03T19:49:44+00:00","dateModified":"2026-03-13T16:36:40+00:00","description":"PILOTO - Pieza estructurada con cuello de capucha, l\u00ednea recta construida con fragmentos de tejido en telar vertical y horizontal, que se unen estrat\u00e9gicamente conformando la silueta, se complementa con tres grandes ganchos en centro delantero. Terminados a mano. Talla \u00fanica (apta para tallas S, M, L, XL) 100% Lana Largo Delantero: 98 cm Largo Posterior: 93 cm Lavado en seco, No usar detergente o blanqueador - prendas elaboradas en telar, con t\u00e9cnicas artesanales ind\u00edgenas.","breadcrumb":{"@id":"https:\/\/adrianasantacruz.com\/product\/piloto\/#breadcrumb"},"inLanguage":"en-US","potentialAction":[{"@type":"ReadAction","target":["https:\/\/adrianasantacruz.com\/product\/piloto\/"]}]},{"@type":"ImageObject","inLanguage":"en-US","@id":"https:\/\/adrianasantacruz.com\/product\/piloto\/#primaryimage","url":"https:\/\/adrianasantacruz.com\/wp-content\/uploads\/2024\/09\/3.1.Piloto_8251-1-scaled.webp","contentUrl":"https:\/\/adrianasantacruz.com\/wp-content\/uploads\/2024\/09\/3.1.Piloto_8251-1-scaled.webp","width":1706,"height":2560},{"@type":"BreadcrumbList","@id":"https:\/\/adrianasantacruz.com\/product\/piloto\/#breadcrumb","itemListElement":[{"@type":"ListItem","position":1,"name":"Portada","item":"https:\/\/adrianasantacruz.com\/"},{"@type":"ListItem","position":2,"name":"Shop","item":"https:\/\/adrianasantacruz.com\/shop\/"},{"@type":"ListItem","position":3,"name":"PILOTO"}]},{"@type":"WebSite","@id":"https:\/\/adrianasantacruz.com\/#website","url":"https:\/\/adrianasantacruz.com\/","name":"Adriana Santacruz","description":"Ruanas Tejidas | Telar ind\u00edgena precolombino","publisher":{"@id":"https:\/\/adrianasantacruz.com\/#organization"},"potentialAction":[{"@type":"SearchAction","target":{"@type":"EntryPoint","urlTemplate":"https:\/\/adrianasantacruz.com\/?s={search_term_string}"},"query-input":{"@type":"PropertyValueSpecification","valueRequired":true,"valueName":"search_term_string"}}],"inLanguage":"en-US"},{"@type":"Organization","@id":"https:\/\/adrianasantacruz.com\/#organization","name":"Adriana Santacruz","url":"https:\/\/adrianasantacruz.com\/","logo":{"@type":"ImageObject","inLanguage":"en-US","@id":"https:\/\/adrianasantacruz.com\/#\/schema\/logo\/image\/","url":"http:\/\/adrianasantacruz.com\/wp-content\/uploads\/2020\/10\/Logo-adriana-Santacruz-NEGRO.png","contentUrl":"http:\/\/adrianasantacruz.com\/wp-content\/uploads\/2020\/10\/Logo-adriana-Santacruz-NEGRO.png","width":400,"height":38,"caption":"Adriana Santacruz"},"image":{"@id":"https:\/\/adrianasantacruz.com\/#\/schema\/logo\/image\/"},"sameAs":["https:\/\/www.facebook.com\/santacruz.adriana\/","https:\/\/www.instagram.com\/byadrianasantacruz","https:\/\/es.wikipedia.org\/wiki\/Adriana_Santacruz"]}]}},"_links":{"self":[{"href":"https:\/\/adrianasantacruz.com\/en\/wp-json\/wp\/v2\/product\/11747","targetHints":{"allow":["GET"]}}],"collection":[{"href":"https:\/\/adrianasantacruz.com\/en\/wp-json\/wp\/v2\/product"}],"about":[{"href":"https:\/\/adrianasantacruz.com\/en\/wp-json\/wp\/v2\/types\/product"}],"replies":[{"embeddable":true,"href":"https:\/\/adrianasantacruz.com\/en\/wp-json\/wp\/v2\/comments?post=11747"}],"version-history":[{"count":0,"href":"https:\/\/adrianasantacruz.com\/en\/wp-json\/wp\/v2\/product\/11747\/revisions"}],"wp:featuredmedia":[{"embeddable":true,"href":"https:\/\/adrianasantacruz.com\/en\/wp-json\/wp\/v2\/media\/12318"}],"wp:attachment":[{"href":"https:\/\/adrianasantacruz.com\/en\/wp-json\/wp\/v2\/media?parent=11747"}],"wp:term":[{"taxonomy":"product_brand","embeddable":true,"href":"https:\/\/adrianasantacruz.com\/en\/wp-json\/wp\/v2\/product_brand?post=11747"},{"taxonomy":"product_cat","embeddable":true,"href":"https:\/\/adrianasantacruz.com\/en\/wp-json\/wp\/v2\/product_cat?post=11747"},{"taxonomy":"product_tag","embeddable":true,"href":"https:\/\/adrianasantacruz.com\/en\/wp-json\/wp\/v2\/product_tag?post=11747"}],"curies":[{"name":"wp","href":"https:\/\/api.w.org\/{rel}","templated":true}]}}