{"id":11788,"date":"2024-09-04T15:23:25","date_gmt":"2024-09-04T20:23:25","guid":{"rendered":"https:\/\/adrianasantacruz.com\/?post_type=product&#038;p=11788"},"modified":"2026-03-13T11:55:51","modified_gmt":"2026-03-13T16:55:51","slug":"estola","status":"publish","type":"product","link":"https:\/\/adrianasantacruz.com\/en\/product\/estola\/","title":{"rendered":"ESTOLA"},"content":{"rendered":"<p>Front length: 112, Back length: 43<\/p>","protected":false},"excerpt":{"rendered":"<p>A mantle constructed from two rectangles of fabric woven on a vertical loom, featuring a brocade technique rich in textile design. Entirely handcrafted.<\/p>\n<p>One size fits all (fits S, M, L, XL)<\/p>\n<p>40 % Acrylic, 30% Cotton, 30 % Wool<\/p>\n<p>Front length: 112, Back length: 43<\/p>\n<p>Dry Cleaning, Do not use detergent, Steam Ironing<\/p>\n<p>&nbsp;<\/p>","protected":false},"featured_media":11789,"comment_status":"open","ping_status":"closed","template":"","meta":{"_monsterinsights_skip_tracking":false,"_monsterinsights_sitenote_active":false,"_monsterinsights_sitenote_note":"","_monsterinsights_sitenote_category":0,"_joinchat":[]},"product_brand":[],"product_cat":[220,67],"product_tag":[221,201,222,202],"class_list":{"0":"post-11788","1":"product","2":"type-product","3":"status-publish","4":"has-post-thumbnail","6":"product_cat-autumn-winter-2024-2025","7":"product_cat-manto","8":"product_tag-autumn-winter-2024-2025","9":"product_tag-etnico","10":"product_tag-kap-chi","11":"product_tag-social","13":"first","14":"outofstock","15":"shipping-taxable","16":"purchasable","17":"product-type-simple"},"yoast_head":"<!-- This site is optimized with the Yoast SEO plugin v25.2 - https:\/\/yoast.com\/wordpress\/plugins\/seo\/ -->\n<title>ESTOLA - Adriana Santacruz<\/title>\n<meta name=\"description\" content=\"ESTOLA - Manto construido por dos rect\u00e1ngulos en tejido de telar vertical, con t\u00e9cnica de brocado, rica en dise\u00f1o textil. Hecha a mano en su totalidad.  Talla \u00fanica (apta para tallas S, M, L,XL)  40 % Acr\u00edlico, 30% Algod\u00f3n, 30 % Lana  Largo Delantero: 112 cm, Largo Posterior: 43 cm  Lavado en seco, No usar detergente o blanqueador  &nbsp; - prendas elaboradas en telar, con t\u00e9cnicas artesanales ind\u00edgenas.\" \/>\n<meta name=\"robots\" content=\"index, follow, max-snippet:-1, max-image-preview:large, max-video-preview:-1\" \/>\n<link rel=\"canonical\" href=\"https:\/\/adrianasantacruz.com\/en\/product\/estola\/\" \/>\n<meta property=\"og:locale\" content=\"en_US\" \/>\n<meta property=\"og:type\" content=\"article\" \/>\n<meta property=\"og:title\" content=\"ESTOLA - Adriana Santacruz\" \/>\n<meta property=\"og:description\" content=\"ESTOLA - Manto construido por dos rect\u00e1ngulos en tejido de telar vertical, con t\u00e9cnica de brocado, rica en dise\u00f1o textil. Hecha a mano en su totalidad.  Talla \u00fanica (apta para tallas S, M, L,XL)  40 % Acr\u00edlico, 30% Algod\u00f3n, 30 % Lana  Largo Delantero: 112 cm, Largo Posterior: 43 cm  Lavado en seco, No usar detergente o blanqueador  &nbsp; - prendas elaboradas en telar, con t\u00e9cnicas artesanales ind\u00edgenas.\" \/>\n<meta property=\"og:url\" content=\"https:\/\/adrianasantacruz.com\/en\/product\/estola\/\" \/>\n<meta property=\"og:site_name\" content=\"Adriana Santacruz\" \/>\n<meta property=\"article:publisher\" content=\"https:\/\/www.facebook.com\/santacruz.adriana\/\" \/>\n<meta property=\"article:modified_time\" content=\"2026-03-13T16:55:51+00:00\" \/>\n<meta property=\"og:image\" content=\"https:\/\/adrianasantacruz.com\/wp-content\/uploads\/2024\/09\/11.1.Estola-de-luz_8218-scaled.jpg\" \/>\n\t<meta property=\"og:image:width\" content=\"1707\" \/>\n\t<meta property=\"og:image:height\" content=\"2560\" \/>\n\t<meta property=\"og:image:type\" content=\"image\/jpeg\" \/>\n<meta name=\"twitter:card\" content=\"summary_large_image\" \/>\n<meta name=\"twitter:label1\" content=\"Est. reading time\" \/>\n\t<meta name=\"twitter:data1\" content=\"1 minute\" \/>\n<script type=\"application\/ld+json\" class=\"yoast-schema-graph\">{\"@context\":\"https:\/\/schema.org\",\"@graph\":[{\"@type\":\"WebPage\",\"@id\":\"https:\/\/adrianasantacruz.com\/product\/estola\/\",\"url\":\"https:\/\/adrianasantacruz.com\/product\/estola\/\",\"name\":\"ESTOLA - Adriana Santacruz\",\"isPartOf\":{\"@id\":\"https:\/\/adrianasantacruz.com\/#website\"},\"primaryImageOfPage\":{\"@id\":\"https:\/\/adrianasantacruz.com\/product\/estola\/#primaryimage\"},\"image\":{\"@id\":\"https:\/\/adrianasantacruz.com\/product\/estola\/#primaryimage\"},\"thumbnailUrl\":\"https:\/\/adrianasantacruz.com\/wp-content\/uploads\/2024\/09\/11.1.Estola-de-luz_8218-scaled.jpg\",\"datePublished\":\"2024-09-04T20:23:25+00:00\",\"dateModified\":\"2026-03-13T16:55:51+00:00\",\"description\":\"ESTOLA - Manto construido por dos rect\u00e1ngulos en tejido de telar vertical, con t\u00e9cnica de brocado, rica en dise\u00f1o textil. Hecha a mano en su totalidad. Talla \u00fanica (apta para tallas S, M, L,XL) 40 % Acr\u00edlico, 30% Algod\u00f3n, 30 % Lana Largo Delantero: 112 cm, Largo Posterior: 43 cm Lavado en seco, No usar detergente o blanqueador &nbsp; - prendas elaboradas en telar, con t\u00e9cnicas artesanales ind\u00edgenas.\",\"breadcrumb\":{\"@id\":\"https:\/\/adrianasantacruz.com\/product\/estola\/#breadcrumb\"},\"inLanguage\":\"en-US\",\"potentialAction\":[{\"@type\":\"ReadAction\",\"target\":[\"https:\/\/adrianasantacruz.com\/product\/estola\/\"]}]},{\"@type\":\"ImageObject\",\"inLanguage\":\"en-US\",\"@id\":\"https:\/\/adrianasantacruz.com\/product\/estola\/#primaryimage\",\"url\":\"https:\/\/adrianasantacruz.com\/wp-content\/uploads\/2024\/09\/11.1.Estola-de-luz_8218-scaled.jpg\",\"contentUrl\":\"https:\/\/adrianasantacruz.com\/wp-content\/uploads\/2024\/09\/11.1.Estola-de-luz_8218-scaled.jpg\",\"width\":1707,\"height\":2560},{\"@type\":\"BreadcrumbList\",\"@id\":\"https:\/\/adrianasantacruz.com\/product\/estola\/#breadcrumb\",\"itemListElement\":[{\"@type\":\"ListItem\",\"position\":1,\"name\":\"Portada\",\"item\":\"https:\/\/adrianasantacruz.com\/\"},{\"@type\":\"ListItem\",\"position\":2,\"name\":\"Shop\",\"item\":\"https:\/\/adrianasantacruz.com\/shop\/\"},{\"@type\":\"ListItem\",\"position\":3,\"name\":\"ESTOLA\"}]},{\"@type\":\"WebSite\",\"@id\":\"https:\/\/adrianasantacruz.com\/#website\",\"url\":\"https:\/\/adrianasantacruz.com\/\",\"name\":\"Adriana Santacruz\",\"description\":\"Ruanas Tejidas | Telar ind\u00edgena precolombino\",\"publisher\":{\"@id\":\"https:\/\/adrianasantacruz.com\/#organization\"},\"potentialAction\":[{\"@type\":\"SearchAction\",\"target\":{\"@type\":\"EntryPoint\",\"urlTemplate\":\"https:\/\/adrianasantacruz.com\/?s={search_term_string}\"},\"query-input\":{\"@type\":\"PropertyValueSpecification\",\"valueRequired\":true,\"valueName\":\"search_term_string\"}}],\"inLanguage\":\"en-US\"},{\"@type\":\"Organization\",\"@id\":\"https:\/\/adrianasantacruz.com\/#organization\",\"name\":\"Adriana Santacruz\",\"url\":\"https:\/\/adrianasantacruz.com\/\",\"logo\":{\"@type\":\"ImageObject\",\"inLanguage\":\"en-US\",\"@id\":\"https:\/\/adrianasantacruz.com\/#\/schema\/logo\/image\/\",\"url\":\"http:\/\/adrianasantacruz.com\/wp-content\/uploads\/2020\/10\/Logo-adriana-Santacruz-NEGRO.png\",\"contentUrl\":\"http:\/\/adrianasantacruz.com\/wp-content\/uploads\/2020\/10\/Logo-adriana-Santacruz-NEGRO.png\",\"width\":400,\"height\":38,\"caption\":\"Adriana Santacruz\"},\"image\":{\"@id\":\"https:\/\/adrianasantacruz.com\/#\/schema\/logo\/image\/\"},\"sameAs\":[\"https:\/\/www.facebook.com\/santacruz.adriana\/\",\"https:\/\/www.instagram.com\/byadrianasantacruz\",\"https:\/\/es.wikipedia.org\/wiki\/Adriana_Santacruz\"]}]}<\/script>\n<!-- \/ Yoast SEO plugin. -->","yoast_head_json":{"title":"ESTOLA - Adriana Santacruz","description":"ESTOLA - Manto construido por dos rect\u00e1ngulos en tejido de telar vertical, con t\u00e9cnica de brocado, rica en dise\u00f1o textil. Hecha a mano en su totalidad.  Talla \u00fanica (apta para tallas S, M, L,XL)  40 % Acr\u00edlico, 30% Algod\u00f3n, 30 % Lana  Largo Delantero: 112 cm, Largo Posterior: 43 cm  Lavado en seco, No usar detergente o blanqueador  &nbsp; - prendas elaboradas en telar, con t\u00e9cnicas artesanales ind\u00edgenas.","robots":{"index":"index","follow":"follow","max-snippet":"max-snippet:-1","max-image-preview":"max-image-preview:large","max-video-preview":"max-video-preview:-1"},"canonical":"https:\/\/adrianasantacruz.com\/en\/product\/estola\/","og_locale":"en_US","og_type":"article","og_title":"ESTOLA - Adriana Santacruz","og_description":"ESTOLA - Manto construido por dos rect\u00e1ngulos en tejido de telar vertical, con t\u00e9cnica de brocado, rica en dise\u00f1o textil. Hecha a mano en su totalidad.  Talla \u00fanica (apta para tallas S, M, L,XL)  40 % Acr\u00edlico, 30% Algod\u00f3n, 30 % Lana  Largo Delantero: 112 cm, Largo Posterior: 43 cm  Lavado en seco, No usar detergente o blanqueador  &nbsp; - prendas elaboradas en telar, con t\u00e9cnicas artesanales ind\u00edgenas.","og_url":"https:\/\/adrianasantacruz.com\/en\/product\/estola\/","og_site_name":"Adriana Santacruz","article_publisher":"https:\/\/www.facebook.com\/santacruz.adriana\/","article_modified_time":"2026-03-13T16:55:51+00:00","og_image":[{"width":1707,"height":2560,"url":"https:\/\/adrianasantacruz.com\/wp-content\/uploads\/2024\/09\/11.1.Estola-de-luz_8218-scaled.jpg","type":"image\/jpeg"}],"twitter_card":"summary_large_image","twitter_misc":{"Est. reading time":"1 minute"},"schema":{"@context":"https:\/\/schema.org","@graph":[{"@type":"WebPage","@id":"https:\/\/adrianasantacruz.com\/product\/estola\/","url":"https:\/\/adrianasantacruz.com\/product\/estola\/","name":"ESTOLA - Adriana Santacruz","isPartOf":{"@id":"https:\/\/adrianasantacruz.com\/#website"},"primaryImageOfPage":{"@id":"https:\/\/adrianasantacruz.com\/product\/estola\/#primaryimage"},"image":{"@id":"https:\/\/adrianasantacruz.com\/product\/estola\/#primaryimage"},"thumbnailUrl":"https:\/\/adrianasantacruz.com\/wp-content\/uploads\/2024\/09\/11.1.Estola-de-luz_8218-scaled.jpg","datePublished":"2024-09-04T20:23:25+00:00","dateModified":"2026-03-13T16:55:51+00:00","description":"ESTOLA - Manto construido por dos rect\u00e1ngulos en tejido de telar vertical, con t\u00e9cnica de brocado, rica en dise\u00f1o textil. Hecha a mano en su totalidad. Talla \u00fanica (apta para tallas S, M, L,XL) 40 % Acr\u00edlico, 30% Algod\u00f3n, 30 % Lana Largo Delantero: 112 cm, Largo Posterior: 43 cm Lavado en seco, No usar detergente o blanqueador &nbsp; - prendas elaboradas en telar, con t\u00e9cnicas artesanales ind\u00edgenas.","breadcrumb":{"@id":"https:\/\/adrianasantacruz.com\/product\/estola\/#breadcrumb"},"inLanguage":"en-US","potentialAction":[{"@type":"ReadAction","target":["https:\/\/adrianasantacruz.com\/product\/estola\/"]}]},{"@type":"ImageObject","inLanguage":"en-US","@id":"https:\/\/adrianasantacruz.com\/product\/estola\/#primaryimage","url":"https:\/\/adrianasantacruz.com\/wp-content\/uploads\/2024\/09\/11.1.Estola-de-luz_8218-scaled.jpg","contentUrl":"https:\/\/adrianasantacruz.com\/wp-content\/uploads\/2024\/09\/11.1.Estola-de-luz_8218-scaled.jpg","width":1707,"height":2560},{"@type":"BreadcrumbList","@id":"https:\/\/adrianasantacruz.com\/product\/estola\/#breadcrumb","itemListElement":[{"@type":"ListItem","position":1,"name":"Portada","item":"https:\/\/adrianasantacruz.com\/"},{"@type":"ListItem","position":2,"name":"Shop","item":"https:\/\/adrianasantacruz.com\/shop\/"},{"@type":"ListItem","position":3,"name":"ESTOLA"}]},{"@type":"WebSite","@id":"https:\/\/adrianasantacruz.com\/#website","url":"https:\/\/adrianasantacruz.com\/","name":"Adriana Santacruz","description":"Ruanas Tejidas | Telar ind\u00edgena precolombino","publisher":{"@id":"https:\/\/adrianasantacruz.com\/#organization"},"potentialAction":[{"@type":"SearchAction","target":{"@type":"EntryPoint","urlTemplate":"https:\/\/adrianasantacruz.com\/?s={search_term_string}"},"query-input":{"@type":"PropertyValueSpecification","valueRequired":true,"valueName":"search_term_string"}}],"inLanguage":"en-US"},{"@type":"Organization","@id":"https:\/\/adrianasantacruz.com\/#organization","name":"Adriana Santacruz","url":"https:\/\/adrianasantacruz.com\/","logo":{"@type":"ImageObject","inLanguage":"en-US","@id":"https:\/\/adrianasantacruz.com\/#\/schema\/logo\/image\/","url":"http:\/\/adrianasantacruz.com\/wp-content\/uploads\/2020\/10\/Logo-adriana-Santacruz-NEGRO.png","contentUrl":"http:\/\/adrianasantacruz.com\/wp-content\/uploads\/2020\/10\/Logo-adriana-Santacruz-NEGRO.png","width":400,"height":38,"caption":"Adriana Santacruz"},"image":{"@id":"https:\/\/adrianasantacruz.com\/#\/schema\/logo\/image\/"},"sameAs":["https:\/\/www.facebook.com\/santacruz.adriana\/","https:\/\/www.instagram.com\/byadrianasantacruz","https:\/\/es.wikipedia.org\/wiki\/Adriana_Santacruz"]}]}},"_links":{"self":[{"href":"https:\/\/adrianasantacruz.com\/en\/wp-json\/wp\/v2\/product\/11788","targetHints":{"allow":["GET"]}}],"collection":[{"href":"https:\/\/adrianasantacruz.com\/en\/wp-json\/wp\/v2\/product"}],"about":[{"href":"https:\/\/adrianasantacruz.com\/en\/wp-json\/wp\/v2\/types\/product"}],"replies":[{"embeddable":true,"href":"https:\/\/adrianasantacruz.com\/en\/wp-json\/wp\/v2\/comments?post=11788"}],"version-history":[{"count":0,"href":"https:\/\/adrianasantacruz.com\/en\/wp-json\/wp\/v2\/product\/11788\/revisions"}],"wp:featuredmedia":[{"embeddable":true,"href":"https:\/\/adrianasantacruz.com\/en\/wp-json\/wp\/v2\/media\/11789"}],"wp:attachment":[{"href":"https:\/\/adrianasantacruz.com\/en\/wp-json\/wp\/v2\/media?parent=11788"}],"wp:term":[{"taxonomy":"product_brand","embeddable":true,"href":"https:\/\/adrianasantacruz.com\/en\/wp-json\/wp\/v2\/product_brand?post=11788"},{"taxonomy":"product_cat","embeddable":true,"href":"https:\/\/adrianasantacruz.com\/en\/wp-json\/wp\/v2\/product_cat?post=11788"},{"taxonomy":"product_tag","embeddable":true,"href":"https:\/\/adrianasantacruz.com\/en\/wp-json\/wp\/v2\/product_tag?post=11788"}],"curies":[{"name":"wp","href":"https:\/\/api.w.org\/{rel}","templated":true}]}}