{"id":11803,"date":"2024-09-04T16:07:58","date_gmt":"2024-09-04T21:07:58","guid":{"rendered":"https:\/\/adrianasantacruz.com\/?post_type=product&#038;p=11803"},"modified":"2026-03-13T12:01:34","modified_gmt":"2026-03-13T17:01:34","slug":"halcon-5","status":"publish","type":"product","link":"https:\/\/adrianasantacruz.com\/en\/product\/halcon-5\/","title":{"rendered":"HALCON"},"content":{"rendered":"<p>Front length: 120, Back length: 87<\/p>","protected":false},"excerpt":{"rendered":"<p>A deconstructed piece made from fragments of fabric woven on both vertical and horizontal looms. It balances simplicity and complexity, allowing for multiple ways of wearing. Complemented with velvet bias trim and side embroidery. Hand-finished details complete the piece.<\/p>\n<p>One size fits all (fits S, M, L)<\/p>\n<p>40 % Acrylic, 30% Cotton, 30 % Wool<\/p>\n<p>Front length: 120, Back length: 87<\/p>\n<p>Dry Cleaning, Do not use detergent, Steam Ironing<\/p>","protected":false},"featured_media":11804,"comment_status":"open","ping_status":"closed","template":"","meta":{"_monsterinsights_skip_tracking":false,"_monsterinsights_sitenote_active":false,"_monsterinsights_sitenote_note":"","_monsterinsights_sitenote_category":0,"_joinchat":[]},"product_brand":[],"product_cat":[220,67],"product_tag":[],"class_list":{"0":"post-11803","1":"product","2":"type-product","3":"status-publish","4":"has-post-thumbnail","6":"product_cat-autumn-winter-2024-2025","7":"product_cat-manto","9":"first","10":"outofstock","11":"shipping-taxable","12":"purchasable","13":"product-type-simple"},"yoast_head":"<!-- This site is optimized with the Yoast SEO plugin v25.2 - https:\/\/yoast.com\/wordpress\/plugins\/seo\/ -->\n<title>HALCON - Adriana Santacruz<\/title>\n<meta name=\"description\" content=\"HALCON - Pieza desestructurada, construida por fragmentos de tejidos en telar vertical y horizontal. Juega entre la sencillez y la complejidad, permitiendo m\u00faltiples formas de uso. Complementada con bies de terciopelo y bordados laterales. Terminados a mano.  Talla \u00fanica (apta para tallas S, M,L)  40 % Acr\u00edlico, 30% Algod\u00f3n, 30 % Lana  Largo Delantero: 120 cm, Largo Posterior: 87 cm  Lavado en seco, No usar detergente o blanqueador - prendas elaboradas en telar, con t\u00e9cnicas artesanales ind\u00edgenas.\" \/>\n<meta name=\"robots\" content=\"index, follow, max-snippet:-1, max-image-preview:large, max-video-preview:-1\" \/>\n<link rel=\"canonical\" href=\"https:\/\/adrianasantacruz.com\/en\/product\/halcon-5\/\" \/>\n<meta property=\"og:locale\" content=\"en_US\" \/>\n<meta property=\"og:type\" content=\"article\" \/>\n<meta property=\"og:title\" content=\"HALCON - Adriana Santacruz\" \/>\n<meta property=\"og:description\" content=\"HALCON - Pieza desestructurada, construida por fragmentos de tejidos en telar vertical y horizontal. Juega entre la sencillez y la complejidad, permitiendo m\u00faltiples formas de uso. Complementada con bies de terciopelo y bordados laterales. Terminados a mano.  Talla \u00fanica (apta para tallas S, M,L)  40 % Acr\u00edlico, 30% Algod\u00f3n, 30 % Lana  Largo Delantero: 120 cm, Largo Posterior: 87 cm  Lavado en seco, No usar detergente o blanqueador - prendas elaboradas en telar, con t\u00e9cnicas artesanales ind\u00edgenas.\" \/>\n<meta property=\"og:url\" content=\"https:\/\/adrianasantacruz.com\/en\/product\/halcon-5\/\" \/>\n<meta property=\"og:site_name\" content=\"Adriana Santacruz\" \/>\n<meta property=\"article:publisher\" content=\"https:\/\/www.facebook.com\/santacruz.adriana\/\" \/>\n<meta property=\"article:modified_time\" content=\"2026-03-13T17:01:34+00:00\" \/>\n<meta property=\"og:image\" content=\"https:\/\/adrianasantacruz.com\/wp-content\/uploads\/2024\/09\/14.1.Halcon_8208-scaled.jpg\" \/>\n\t<meta property=\"og:image:width\" content=\"1706\" \/>\n\t<meta property=\"og:image:height\" content=\"2560\" \/>\n\t<meta property=\"og:image:type\" content=\"image\/jpeg\" \/>\n<meta name=\"twitter:card\" content=\"summary_large_image\" \/>\n<meta name=\"twitter:label1\" content=\"Est. reading time\" \/>\n\t<meta name=\"twitter:data1\" content=\"1 minute\" \/>\n<script type=\"application\/ld+json\" class=\"yoast-schema-graph\">{\"@context\":\"https:\/\/schema.org\",\"@graph\":[{\"@type\":\"WebPage\",\"@id\":\"https:\/\/adrianasantacruz.com\/product\/halcon-5\/\",\"url\":\"https:\/\/adrianasantacruz.com\/product\/halcon-5\/\",\"name\":\"HALCON - Adriana Santacruz\",\"isPartOf\":{\"@id\":\"https:\/\/adrianasantacruz.com\/#website\"},\"primaryImageOfPage\":{\"@id\":\"https:\/\/adrianasantacruz.com\/product\/halcon-5\/#primaryimage\"},\"image\":{\"@id\":\"https:\/\/adrianasantacruz.com\/product\/halcon-5\/#primaryimage\"},\"thumbnailUrl\":\"https:\/\/adrianasantacruz.com\/wp-content\/uploads\/2024\/09\/14.1.Halcon_8208-scaled.jpg\",\"datePublished\":\"2024-09-04T21:07:58+00:00\",\"dateModified\":\"2026-03-13T17:01:34+00:00\",\"description\":\"HALCON - Pieza desestructurada, construida por fragmentos de tejidos en telar vertical y horizontal. Juega entre la sencillez y la complejidad, permitiendo m\u00faltiples formas de uso. Complementada con bies de terciopelo y bordados laterales. Terminados a mano. Talla \u00fanica (apta para tallas S, M,L) 40 % Acr\u00edlico, 30% Algod\u00f3n, 30 % Lana Largo Delantero: 120 cm, Largo Posterior: 87 cm Lavado en seco, No usar detergente o blanqueador - prendas elaboradas en telar, con t\u00e9cnicas artesanales ind\u00edgenas.\",\"breadcrumb\":{\"@id\":\"https:\/\/adrianasantacruz.com\/product\/halcon-5\/#breadcrumb\"},\"inLanguage\":\"en-US\",\"potentialAction\":[{\"@type\":\"ReadAction\",\"target\":[\"https:\/\/adrianasantacruz.com\/product\/halcon-5\/\"]}]},{\"@type\":\"ImageObject\",\"inLanguage\":\"en-US\",\"@id\":\"https:\/\/adrianasantacruz.com\/product\/halcon-5\/#primaryimage\",\"url\":\"https:\/\/adrianasantacruz.com\/wp-content\/uploads\/2024\/09\/14.1.Halcon_8208-scaled.jpg\",\"contentUrl\":\"https:\/\/adrianasantacruz.com\/wp-content\/uploads\/2024\/09\/14.1.Halcon_8208-scaled.jpg\",\"width\":1706,\"height\":2560},{\"@type\":\"BreadcrumbList\",\"@id\":\"https:\/\/adrianasantacruz.com\/product\/halcon-5\/#breadcrumb\",\"itemListElement\":[{\"@type\":\"ListItem\",\"position\":1,\"name\":\"Portada\",\"item\":\"https:\/\/adrianasantacruz.com\/\"},{\"@type\":\"ListItem\",\"position\":2,\"name\":\"Shop\",\"item\":\"https:\/\/adrianasantacruz.com\/shop\/\"},{\"@type\":\"ListItem\",\"position\":3,\"name\":\"HALCON\"}]},{\"@type\":\"WebSite\",\"@id\":\"https:\/\/adrianasantacruz.com\/#website\",\"url\":\"https:\/\/adrianasantacruz.com\/\",\"name\":\"Adriana Santacruz\",\"description\":\"Ruanas Tejidas | Telar ind\u00edgena precolombino\",\"publisher\":{\"@id\":\"https:\/\/adrianasantacruz.com\/#organization\"},\"potentialAction\":[{\"@type\":\"SearchAction\",\"target\":{\"@type\":\"EntryPoint\",\"urlTemplate\":\"https:\/\/adrianasantacruz.com\/?s={search_term_string}\"},\"query-input\":{\"@type\":\"PropertyValueSpecification\",\"valueRequired\":true,\"valueName\":\"search_term_string\"}}],\"inLanguage\":\"en-US\"},{\"@type\":\"Organization\",\"@id\":\"https:\/\/adrianasantacruz.com\/#organization\",\"name\":\"Adriana Santacruz\",\"url\":\"https:\/\/adrianasantacruz.com\/\",\"logo\":{\"@type\":\"ImageObject\",\"inLanguage\":\"en-US\",\"@id\":\"https:\/\/adrianasantacruz.com\/#\/schema\/logo\/image\/\",\"url\":\"http:\/\/adrianasantacruz.com\/wp-content\/uploads\/2020\/10\/Logo-adriana-Santacruz-NEGRO.png\",\"contentUrl\":\"http:\/\/adrianasantacruz.com\/wp-content\/uploads\/2020\/10\/Logo-adriana-Santacruz-NEGRO.png\",\"width\":400,\"height\":38,\"caption\":\"Adriana Santacruz\"},\"image\":{\"@id\":\"https:\/\/adrianasantacruz.com\/#\/schema\/logo\/image\/\"},\"sameAs\":[\"https:\/\/www.facebook.com\/santacruz.adriana\/\",\"https:\/\/www.instagram.com\/byadrianasantacruz\",\"https:\/\/es.wikipedia.org\/wiki\/Adriana_Santacruz\"]}]}<\/script>\n<!-- \/ Yoast SEO plugin. -->","yoast_head_json":{"title":"HALCON - Adriana Santacruz","description":"HALCON - Pieza desestructurada, construida por fragmentos de tejidos en telar vertical y horizontal. Juega entre la sencillez y la complejidad, permitiendo m\u00faltiples formas de uso. Complementada con bies de terciopelo y bordados laterales. Terminados a mano.  Talla \u00fanica (apta para tallas S, M,L)  40 % Acr\u00edlico, 30% Algod\u00f3n, 30 % Lana  Largo Delantero: 120 cm, Largo Posterior: 87 cm  Lavado en seco, No usar detergente o blanqueador - prendas elaboradas en telar, con t\u00e9cnicas artesanales ind\u00edgenas.","robots":{"index":"index","follow":"follow","max-snippet":"max-snippet:-1","max-image-preview":"max-image-preview:large","max-video-preview":"max-video-preview:-1"},"canonical":"https:\/\/adrianasantacruz.com\/en\/product\/halcon-5\/","og_locale":"en_US","og_type":"article","og_title":"HALCON - Adriana Santacruz","og_description":"HALCON - Pieza desestructurada, construida por fragmentos de tejidos en telar vertical y horizontal. Juega entre la sencillez y la complejidad, permitiendo m\u00faltiples formas de uso. Complementada con bies de terciopelo y bordados laterales. Terminados a mano.  Talla \u00fanica (apta para tallas S, M,L)  40 % Acr\u00edlico, 30% Algod\u00f3n, 30 % Lana  Largo Delantero: 120 cm, Largo Posterior: 87 cm  Lavado en seco, No usar detergente o blanqueador - prendas elaboradas en telar, con t\u00e9cnicas artesanales ind\u00edgenas.","og_url":"https:\/\/adrianasantacruz.com\/en\/product\/halcon-5\/","og_site_name":"Adriana Santacruz","article_publisher":"https:\/\/www.facebook.com\/santacruz.adriana\/","article_modified_time":"2026-03-13T17:01:34+00:00","og_image":[{"width":1706,"height":2560,"url":"https:\/\/adrianasantacruz.com\/wp-content\/uploads\/2024\/09\/14.1.Halcon_8208-scaled.jpg","type":"image\/jpeg"}],"twitter_card":"summary_large_image","twitter_misc":{"Est. reading time":"1 minute"},"schema":{"@context":"https:\/\/schema.org","@graph":[{"@type":"WebPage","@id":"https:\/\/adrianasantacruz.com\/product\/halcon-5\/","url":"https:\/\/adrianasantacruz.com\/product\/halcon-5\/","name":"HALCON - Adriana Santacruz","isPartOf":{"@id":"https:\/\/adrianasantacruz.com\/#website"},"primaryImageOfPage":{"@id":"https:\/\/adrianasantacruz.com\/product\/halcon-5\/#primaryimage"},"image":{"@id":"https:\/\/adrianasantacruz.com\/product\/halcon-5\/#primaryimage"},"thumbnailUrl":"https:\/\/adrianasantacruz.com\/wp-content\/uploads\/2024\/09\/14.1.Halcon_8208-scaled.jpg","datePublished":"2024-09-04T21:07:58+00:00","dateModified":"2026-03-13T17:01:34+00:00","description":"HALCON - Pieza desestructurada, construida por fragmentos de tejidos en telar vertical y horizontal. Juega entre la sencillez y la complejidad, permitiendo m\u00faltiples formas de uso. Complementada con bies de terciopelo y bordados laterales. Terminados a mano. Talla \u00fanica (apta para tallas S, M,L) 40 % Acr\u00edlico, 30% Algod\u00f3n, 30 % Lana Largo Delantero: 120 cm, Largo Posterior: 87 cm Lavado en seco, No usar detergente o blanqueador - prendas elaboradas en telar, con t\u00e9cnicas artesanales ind\u00edgenas.","breadcrumb":{"@id":"https:\/\/adrianasantacruz.com\/product\/halcon-5\/#breadcrumb"},"inLanguage":"en-US","potentialAction":[{"@type":"ReadAction","target":["https:\/\/adrianasantacruz.com\/product\/halcon-5\/"]}]},{"@type":"ImageObject","inLanguage":"en-US","@id":"https:\/\/adrianasantacruz.com\/product\/halcon-5\/#primaryimage","url":"https:\/\/adrianasantacruz.com\/wp-content\/uploads\/2024\/09\/14.1.Halcon_8208-scaled.jpg","contentUrl":"https:\/\/adrianasantacruz.com\/wp-content\/uploads\/2024\/09\/14.1.Halcon_8208-scaled.jpg","width":1706,"height":2560},{"@type":"BreadcrumbList","@id":"https:\/\/adrianasantacruz.com\/product\/halcon-5\/#breadcrumb","itemListElement":[{"@type":"ListItem","position":1,"name":"Portada","item":"https:\/\/adrianasantacruz.com\/"},{"@type":"ListItem","position":2,"name":"Shop","item":"https:\/\/adrianasantacruz.com\/shop\/"},{"@type":"ListItem","position":3,"name":"HALCON"}]},{"@type":"WebSite","@id":"https:\/\/adrianasantacruz.com\/#website","url":"https:\/\/adrianasantacruz.com\/","name":"Adriana Santacruz","description":"Ruanas Tejidas | Telar ind\u00edgena precolombino","publisher":{"@id":"https:\/\/adrianasantacruz.com\/#organization"},"potentialAction":[{"@type":"SearchAction","target":{"@type":"EntryPoint","urlTemplate":"https:\/\/adrianasantacruz.com\/?s={search_term_string}"},"query-input":{"@type":"PropertyValueSpecification","valueRequired":true,"valueName":"search_term_string"}}],"inLanguage":"en-US"},{"@type":"Organization","@id":"https:\/\/adrianasantacruz.com\/#organization","name":"Adriana Santacruz","url":"https:\/\/adrianasantacruz.com\/","logo":{"@type":"ImageObject","inLanguage":"en-US","@id":"https:\/\/adrianasantacruz.com\/#\/schema\/logo\/image\/","url":"http:\/\/adrianasantacruz.com\/wp-content\/uploads\/2020\/10\/Logo-adriana-Santacruz-NEGRO.png","contentUrl":"http:\/\/adrianasantacruz.com\/wp-content\/uploads\/2020\/10\/Logo-adriana-Santacruz-NEGRO.png","width":400,"height":38,"caption":"Adriana Santacruz"},"image":{"@id":"https:\/\/adrianasantacruz.com\/#\/schema\/logo\/image\/"},"sameAs":["https:\/\/www.facebook.com\/santacruz.adriana\/","https:\/\/www.instagram.com\/byadrianasantacruz","https:\/\/es.wikipedia.org\/wiki\/Adriana_Santacruz"]}]}},"_links":{"self":[{"href":"https:\/\/adrianasantacruz.com\/en\/wp-json\/wp\/v2\/product\/11803","targetHints":{"allow":["GET"]}}],"collection":[{"href":"https:\/\/adrianasantacruz.com\/en\/wp-json\/wp\/v2\/product"}],"about":[{"href":"https:\/\/adrianasantacruz.com\/en\/wp-json\/wp\/v2\/types\/product"}],"replies":[{"embeddable":true,"href":"https:\/\/adrianasantacruz.com\/en\/wp-json\/wp\/v2\/comments?post=11803"}],"version-history":[{"count":0,"href":"https:\/\/adrianasantacruz.com\/en\/wp-json\/wp\/v2\/product\/11803\/revisions"}],"wp:featuredmedia":[{"embeddable":true,"href":"https:\/\/adrianasantacruz.com\/en\/wp-json\/wp\/v2\/media\/11804"}],"wp:attachment":[{"href":"https:\/\/adrianasantacruz.com\/en\/wp-json\/wp\/v2\/media?parent=11803"}],"wp:term":[{"taxonomy":"product_brand","embeddable":true,"href":"https:\/\/adrianasantacruz.com\/en\/wp-json\/wp\/v2\/product_brand?post=11803"},{"taxonomy":"product_cat","embeddable":true,"href":"https:\/\/adrianasantacruz.com\/en\/wp-json\/wp\/v2\/product_cat?post=11803"},{"taxonomy":"product_tag","embeddable":true,"href":"https:\/\/adrianasantacruz.com\/en\/wp-json\/wp\/v2\/product_tag?post=11803"}],"curies":[{"name":"wp","href":"https:\/\/api.w.org\/{rel}","templated":true}]}}