{"id":11808,"date":"2024-09-04T22:39:52","date_gmt":"2024-09-05T03:39:52","guid":{"rendered":"https:\/\/adrianasantacruz.com\/?post_type=product&#038;p=11808"},"modified":"2026-04-08T14:08:44","modified_gmt":"2026-04-08T19:08:44","slug":"sara-4","status":"publish","type":"product","link":"https:\/\/adrianasantacruz.com\/en\/product\/sara-4\/","title":{"rendered":"SARA"},"content":{"rendered":"<p>Front length: 110,\u00a0\u00a0Back length: 100<\/p>","protected":false},"excerpt":{"rendered":"<p>There is an artistic balance between the lines that make up this vest. It can be worn in different ways, playing with wide and unstructured shapes, or with defined and structured ones. Weaving techniques: backstrap and vertical loom.<\/p>\n<p>One size fits all (Fits S, M,L)<\/p>\n<p>80 % Cotton, 20 % Acrylic<\/p>\n<p>Front length: 110,\u00a0\u00a0Back length: 100<\/p>\n<p>Dry Cleaning, Do not use detergent, Steam Ironing<\/p>\n<p>ESTE PRODUCTO NO ESTA DISPONIBLE PARA ENVIO INMEDIATO, REQUIERE UN TIEMPO DE ELBORACI\u00d3N<\/p>","protected":false},"featured_media":11809,"comment_status":"open","ping_status":"closed","template":"","meta":{"_monsterinsights_skip_tracking":false,"_monsterinsights_sitenote_active":false,"_monsterinsights_sitenote_note":"","_monsterinsights_sitenote_category":0,"_joinchat":[]},"product_brand":[],"product_cat":[220,65],"product_tag":[],"class_list":{"0":"post-11808","1":"product","2":"type-product","3":"status-publish","4":"has-post-thumbnail","6":"product_cat-autumn-winter-2024-2025","7":"product_cat-chaleco","9":"first","10":"onbackorder","11":"shipping-taxable","12":"purchasable","13":"product-type-simple"},"yoast_head":"<!-- This site is optimized with the Yoast SEO plugin v25.2 - https:\/\/yoast.com\/wordpress\/plugins\/seo\/ -->\n<title>SARA - Adriana Santacruz<\/title>\n<meta name=\"description\" content=\"SARA - Chaleco construido art\u00edsticamente con la direcci\u00f3n de las l\u00edneas, logrando un equilibrio entre s\u00ed. Puede usarse de distintas formas, jugando as\u00ed con siluetas amplias y desestructuradas, como tambi\u00e9n con siluetas delineadas y estructuradas. Intervienen t\u00e9cnicas de tejido en telares de cintura y verticales.  Talla \u00fanica (apta para tallas S, M, L)  80 % Algod\u00f3n, 20 % Acr\u00edlico  Largo Delantero: 110 cm, Largo Posterior: 100 cm  Lavado a mano, No usar detergente o blanqueador.  ESTE PRODUCTO NO ESTA DISPONIBLE PARA ENVIO INMEDIATO, REQUIERE UN TIEMPO DE ELBORACI\u00d3N - prendas elaboradas en telar, con t\u00e9cnicas artesanales ind\u00edgenas.\" \/>\n<meta name=\"robots\" content=\"index, follow, max-snippet:-1, max-image-preview:large, max-video-preview:-1\" \/>\n<link rel=\"canonical\" href=\"https:\/\/adrianasantacruz.com\/en\/product\/sara-4\/\" \/>\n<meta property=\"og:locale\" content=\"en_US\" \/>\n<meta property=\"og:type\" content=\"article\" \/>\n<meta property=\"og:title\" content=\"SARA - Adriana Santacruz\" \/>\n<meta property=\"og:description\" content=\"SARA - Chaleco construido art\u00edsticamente con la direcci\u00f3n de las l\u00edneas, logrando un equilibrio entre s\u00ed. Puede usarse de distintas formas, jugando as\u00ed con siluetas amplias y desestructuradas, como tambi\u00e9n con siluetas delineadas y estructuradas. Intervienen t\u00e9cnicas de tejido en telares de cintura y verticales.  Talla \u00fanica (apta para tallas S, M, L)  80 % Algod\u00f3n, 20 % Acr\u00edlico  Largo Delantero: 110 cm, Largo Posterior: 100 cm  Lavado a mano, No usar detergente o blanqueador.  ESTE PRODUCTO NO ESTA DISPONIBLE PARA ENVIO INMEDIATO, REQUIERE UN TIEMPO DE ELBORACI\u00d3N - prendas elaboradas en telar, con t\u00e9cnicas artesanales ind\u00edgenas.\" \/>\n<meta property=\"og:url\" content=\"https:\/\/adrianasantacruz.com\/en\/product\/sara-4\/\" \/>\n<meta property=\"og:site_name\" content=\"Adriana Santacruz\" \/>\n<meta property=\"article:publisher\" content=\"https:\/\/www.facebook.com\/santacruz.adriana\/\" \/>\n<meta property=\"article:modified_time\" content=\"2026-04-08T19:08:44+00:00\" \/>\n<meta property=\"og:image\" content=\"https:\/\/adrianasantacruz.com\/wp-content\/uploads\/2024\/09\/15.1.Sara_8213-scaled.jpg\" \/>\n\t<meta property=\"og:image:width\" content=\"1706\" \/>\n\t<meta property=\"og:image:height\" content=\"2560\" \/>\n\t<meta property=\"og:image:type\" content=\"image\/jpeg\" \/>\n<meta name=\"twitter:card\" content=\"summary_large_image\" \/>\n<meta name=\"twitter:label1\" content=\"Est. reading time\" \/>\n\t<meta name=\"twitter:data1\" content=\"1 minute\" \/>\n<script type=\"application\/ld+json\" class=\"yoast-schema-graph\">{\"@context\":\"https:\/\/schema.org\",\"@graph\":[{\"@type\":\"WebPage\",\"@id\":\"https:\/\/adrianasantacruz.com\/product\/sara-4\/\",\"url\":\"https:\/\/adrianasantacruz.com\/product\/sara-4\/\",\"name\":\"SARA - Adriana Santacruz\",\"isPartOf\":{\"@id\":\"https:\/\/adrianasantacruz.com\/#website\"},\"primaryImageOfPage\":{\"@id\":\"https:\/\/adrianasantacruz.com\/product\/sara-4\/#primaryimage\"},\"image\":{\"@id\":\"https:\/\/adrianasantacruz.com\/product\/sara-4\/#primaryimage\"},\"thumbnailUrl\":\"https:\/\/adrianasantacruz.com\/wp-content\/uploads\/2024\/09\/15.1.Sara_8213-scaled.jpg\",\"datePublished\":\"2024-09-05T03:39:52+00:00\",\"dateModified\":\"2026-04-08T19:08:44+00:00\",\"description\":\"SARA - Chaleco construido art\u00edsticamente con la direcci\u00f3n de las l\u00edneas, logrando un equilibrio entre s\u00ed. Puede usarse de distintas formas, jugando as\u00ed con siluetas amplias y desestructuradas, como tambi\u00e9n con siluetas delineadas y estructuradas. Intervienen t\u00e9cnicas de tejido en telares de cintura y verticales. Talla \u00fanica (apta para tallas S, M, L) 80 % Algod\u00f3n, 20 % Acr\u00edlico Largo Delantero: 110 cm, Largo Posterior: 100 cm Lavado a mano, No usar detergente o blanqueador. ESTE PRODUCTO NO ESTA DISPONIBLE PARA ENVIO INMEDIATO, REQUIERE UN TIEMPO DE ELBORACI\u00d3N - prendas elaboradas en telar, con t\u00e9cnicas artesanales ind\u00edgenas.\",\"breadcrumb\":{\"@id\":\"https:\/\/adrianasantacruz.com\/product\/sara-4\/#breadcrumb\"},\"inLanguage\":\"en-US\",\"potentialAction\":[{\"@type\":\"ReadAction\",\"target\":[\"https:\/\/adrianasantacruz.com\/product\/sara-4\/\"]}]},{\"@type\":\"ImageObject\",\"inLanguage\":\"en-US\",\"@id\":\"https:\/\/adrianasantacruz.com\/product\/sara-4\/#primaryimage\",\"url\":\"https:\/\/adrianasantacruz.com\/wp-content\/uploads\/2024\/09\/15.1.Sara_8213-scaled.jpg\",\"contentUrl\":\"https:\/\/adrianasantacruz.com\/wp-content\/uploads\/2024\/09\/15.1.Sara_8213-scaled.jpg\",\"width\":1706,\"height\":2560},{\"@type\":\"BreadcrumbList\",\"@id\":\"https:\/\/adrianasantacruz.com\/product\/sara-4\/#breadcrumb\",\"itemListElement\":[{\"@type\":\"ListItem\",\"position\":1,\"name\":\"Portada\",\"item\":\"https:\/\/adrianasantacruz.com\/\"},{\"@type\":\"ListItem\",\"position\":2,\"name\":\"Shop\",\"item\":\"https:\/\/adrianasantacruz.com\/shop\/\"},{\"@type\":\"ListItem\",\"position\":3,\"name\":\"SARA\"}]},{\"@type\":\"WebSite\",\"@id\":\"https:\/\/adrianasantacruz.com\/#website\",\"url\":\"https:\/\/adrianasantacruz.com\/\",\"name\":\"Adriana Santacruz\",\"description\":\"Ruanas Tejidas | Telar ind\u00edgena precolombino\",\"publisher\":{\"@id\":\"https:\/\/adrianasantacruz.com\/#organization\"},\"potentialAction\":[{\"@type\":\"SearchAction\",\"target\":{\"@type\":\"EntryPoint\",\"urlTemplate\":\"https:\/\/adrianasantacruz.com\/?s={search_term_string}\"},\"query-input\":{\"@type\":\"PropertyValueSpecification\",\"valueRequired\":true,\"valueName\":\"search_term_string\"}}],\"inLanguage\":\"en-US\"},{\"@type\":\"Organization\",\"@id\":\"https:\/\/adrianasantacruz.com\/#organization\",\"name\":\"Adriana Santacruz\",\"url\":\"https:\/\/adrianasantacruz.com\/\",\"logo\":{\"@type\":\"ImageObject\",\"inLanguage\":\"en-US\",\"@id\":\"https:\/\/adrianasantacruz.com\/#\/schema\/logo\/image\/\",\"url\":\"http:\/\/adrianasantacruz.com\/wp-content\/uploads\/2020\/10\/Logo-adriana-Santacruz-NEGRO.png\",\"contentUrl\":\"http:\/\/adrianasantacruz.com\/wp-content\/uploads\/2020\/10\/Logo-adriana-Santacruz-NEGRO.png\",\"width\":400,\"height\":38,\"caption\":\"Adriana Santacruz\"},\"image\":{\"@id\":\"https:\/\/adrianasantacruz.com\/#\/schema\/logo\/image\/\"},\"sameAs\":[\"https:\/\/www.facebook.com\/santacruz.adriana\/\",\"https:\/\/www.instagram.com\/byadrianasantacruz\",\"https:\/\/es.wikipedia.org\/wiki\/Adriana_Santacruz\"]}]}<\/script>\n<!-- \/ Yoast SEO plugin. -->","yoast_head_json":{"title":"SARA - Adriana Santacruz","description":"SARA - Chaleco construido art\u00edsticamente con la direcci\u00f3n de las l\u00edneas, logrando un equilibrio entre s\u00ed. Puede usarse de distintas formas, jugando as\u00ed con siluetas amplias y desestructuradas, como tambi\u00e9n con siluetas delineadas y estructuradas. Intervienen t\u00e9cnicas de tejido en telares de cintura y verticales.  Talla \u00fanica (apta para tallas S, M, L)  80 % Algod\u00f3n, 20 % Acr\u00edlico  Largo Delantero: 110 cm, Largo Posterior: 100 cm  Lavado a mano, No usar detergente o blanqueador.  ESTE PRODUCTO NO ESTA DISPONIBLE PARA ENVIO INMEDIATO, REQUIERE UN TIEMPO DE ELBORACI\u00d3N - prendas elaboradas en telar, con t\u00e9cnicas artesanales ind\u00edgenas.","robots":{"index":"index","follow":"follow","max-snippet":"max-snippet:-1","max-image-preview":"max-image-preview:large","max-video-preview":"max-video-preview:-1"},"canonical":"https:\/\/adrianasantacruz.com\/en\/product\/sara-4\/","og_locale":"en_US","og_type":"article","og_title":"SARA - Adriana Santacruz","og_description":"SARA - Chaleco construido art\u00edsticamente con la direcci\u00f3n de las l\u00edneas, logrando un equilibrio entre s\u00ed. Puede usarse de distintas formas, jugando as\u00ed con siluetas amplias y desestructuradas, como tambi\u00e9n con siluetas delineadas y estructuradas. Intervienen t\u00e9cnicas de tejido en telares de cintura y verticales.  Talla \u00fanica (apta para tallas S, M, L)  80 % Algod\u00f3n, 20 % Acr\u00edlico  Largo Delantero: 110 cm, Largo Posterior: 100 cm  Lavado a mano, No usar detergente o blanqueador.  ESTE PRODUCTO NO ESTA DISPONIBLE PARA ENVIO INMEDIATO, REQUIERE UN TIEMPO DE ELBORACI\u00d3N - prendas elaboradas en telar, con t\u00e9cnicas artesanales ind\u00edgenas.","og_url":"https:\/\/adrianasantacruz.com\/en\/product\/sara-4\/","og_site_name":"Adriana Santacruz","article_publisher":"https:\/\/www.facebook.com\/santacruz.adriana\/","article_modified_time":"2026-04-08T19:08:44+00:00","og_image":[{"width":1706,"height":2560,"url":"https:\/\/adrianasantacruz.com\/wp-content\/uploads\/2024\/09\/15.1.Sara_8213-scaled.jpg","type":"image\/jpeg"}],"twitter_card":"summary_large_image","twitter_misc":{"Est. reading time":"1 minute"},"schema":{"@context":"https:\/\/schema.org","@graph":[{"@type":"WebPage","@id":"https:\/\/adrianasantacruz.com\/product\/sara-4\/","url":"https:\/\/adrianasantacruz.com\/product\/sara-4\/","name":"SARA - Adriana Santacruz","isPartOf":{"@id":"https:\/\/adrianasantacruz.com\/#website"},"primaryImageOfPage":{"@id":"https:\/\/adrianasantacruz.com\/product\/sara-4\/#primaryimage"},"image":{"@id":"https:\/\/adrianasantacruz.com\/product\/sara-4\/#primaryimage"},"thumbnailUrl":"https:\/\/adrianasantacruz.com\/wp-content\/uploads\/2024\/09\/15.1.Sara_8213-scaled.jpg","datePublished":"2024-09-05T03:39:52+00:00","dateModified":"2026-04-08T19:08:44+00:00","description":"SARA - Chaleco construido art\u00edsticamente con la direcci\u00f3n de las l\u00edneas, logrando un equilibrio entre s\u00ed. Puede usarse de distintas formas, jugando as\u00ed con siluetas amplias y desestructuradas, como tambi\u00e9n con siluetas delineadas y estructuradas. Intervienen t\u00e9cnicas de tejido en telares de cintura y verticales. Talla \u00fanica (apta para tallas S, M, L) 80 % Algod\u00f3n, 20 % Acr\u00edlico Largo Delantero: 110 cm, Largo Posterior: 100 cm Lavado a mano, No usar detergente o blanqueador. ESTE PRODUCTO NO ESTA DISPONIBLE PARA ENVIO INMEDIATO, REQUIERE UN TIEMPO DE ELBORACI\u00d3N - prendas elaboradas en telar, con t\u00e9cnicas artesanales ind\u00edgenas.","breadcrumb":{"@id":"https:\/\/adrianasantacruz.com\/product\/sara-4\/#breadcrumb"},"inLanguage":"en-US","potentialAction":[{"@type":"ReadAction","target":["https:\/\/adrianasantacruz.com\/product\/sara-4\/"]}]},{"@type":"ImageObject","inLanguage":"en-US","@id":"https:\/\/adrianasantacruz.com\/product\/sara-4\/#primaryimage","url":"https:\/\/adrianasantacruz.com\/wp-content\/uploads\/2024\/09\/15.1.Sara_8213-scaled.jpg","contentUrl":"https:\/\/adrianasantacruz.com\/wp-content\/uploads\/2024\/09\/15.1.Sara_8213-scaled.jpg","width":1706,"height":2560},{"@type":"BreadcrumbList","@id":"https:\/\/adrianasantacruz.com\/product\/sara-4\/#breadcrumb","itemListElement":[{"@type":"ListItem","position":1,"name":"Portada","item":"https:\/\/adrianasantacruz.com\/"},{"@type":"ListItem","position":2,"name":"Shop","item":"https:\/\/adrianasantacruz.com\/shop\/"},{"@type":"ListItem","position":3,"name":"SARA"}]},{"@type":"WebSite","@id":"https:\/\/adrianasantacruz.com\/#website","url":"https:\/\/adrianasantacruz.com\/","name":"Adriana Santacruz","description":"Ruanas Tejidas | Telar ind\u00edgena precolombino","publisher":{"@id":"https:\/\/adrianasantacruz.com\/#organization"},"potentialAction":[{"@type":"SearchAction","target":{"@type":"EntryPoint","urlTemplate":"https:\/\/adrianasantacruz.com\/?s={search_term_string}"},"query-input":{"@type":"PropertyValueSpecification","valueRequired":true,"valueName":"search_term_string"}}],"inLanguage":"en-US"},{"@type":"Organization","@id":"https:\/\/adrianasantacruz.com\/#organization","name":"Adriana Santacruz","url":"https:\/\/adrianasantacruz.com\/","logo":{"@type":"ImageObject","inLanguage":"en-US","@id":"https:\/\/adrianasantacruz.com\/#\/schema\/logo\/image\/","url":"http:\/\/adrianasantacruz.com\/wp-content\/uploads\/2020\/10\/Logo-adriana-Santacruz-NEGRO.png","contentUrl":"http:\/\/adrianasantacruz.com\/wp-content\/uploads\/2020\/10\/Logo-adriana-Santacruz-NEGRO.png","width":400,"height":38,"caption":"Adriana Santacruz"},"image":{"@id":"https:\/\/adrianasantacruz.com\/#\/schema\/logo\/image\/"},"sameAs":["https:\/\/www.facebook.com\/santacruz.adriana\/","https:\/\/www.instagram.com\/byadrianasantacruz","https:\/\/es.wikipedia.org\/wiki\/Adriana_Santacruz"]}]}},"_links":{"self":[{"href":"https:\/\/adrianasantacruz.com\/en\/wp-json\/wp\/v2\/product\/11808","targetHints":{"allow":["GET"]}}],"collection":[{"href":"https:\/\/adrianasantacruz.com\/en\/wp-json\/wp\/v2\/product"}],"about":[{"href":"https:\/\/adrianasantacruz.com\/en\/wp-json\/wp\/v2\/types\/product"}],"replies":[{"embeddable":true,"href":"https:\/\/adrianasantacruz.com\/en\/wp-json\/wp\/v2\/comments?post=11808"}],"version-history":[{"count":0,"href":"https:\/\/adrianasantacruz.com\/en\/wp-json\/wp\/v2\/product\/11808\/revisions"}],"wp:featuredmedia":[{"embeddable":true,"href":"https:\/\/adrianasantacruz.com\/en\/wp-json\/wp\/v2\/media\/11809"}],"wp:attachment":[{"href":"https:\/\/adrianasantacruz.com\/en\/wp-json\/wp\/v2\/media?parent=11808"}],"wp:term":[{"taxonomy":"product_brand","embeddable":true,"href":"https:\/\/adrianasantacruz.com\/en\/wp-json\/wp\/v2\/product_brand?post=11808"},{"taxonomy":"product_cat","embeddable":true,"href":"https:\/\/adrianasantacruz.com\/en\/wp-json\/wp\/v2\/product_cat?post=11808"},{"taxonomy":"product_tag","embeddable":true,"href":"https:\/\/adrianasantacruz.com\/en\/wp-json\/wp\/v2\/product_tag?post=11808"}],"curies":[{"name":"wp","href":"https:\/\/api.w.org\/{rel}","templated":true}]}}