{"id":12909,"date":"2025-05-22T08:25:48","date_gmt":"2025-05-22T13:25:48","guid":{"rendered":"https:\/\/adrianasantacruz.com\/?post_type=product&#038;p=12909"},"modified":"2026-03-13T11:00:48","modified_gmt":"2026-03-13T16:00:48","slug":"monje","status":"publish","type":"product","link":"https:\/\/adrianasantacruz.com\/en\/product\/monje\/","title":{"rendered":"MONJE"},"content":{"rendered":"<p>Front length: 141, Back length: 145<\/p>","protected":false},"excerpt":{"rendered":"<p>Wide-silhouette kimono coat featuring large pockets, handcrafted on a horizontal loom. Complemented by a vertical loom woven scarf using Ikat technique and waist details. Hand-finished.<\/p>\n<p>One size fits all (fits S, M, L, XL)<\/p>\n<p>100% Wool<\/p>\n<p>Front length: 141, Back length: 145<\/p>\n<p>Dry Cleaning, do not use detergent, steam Ironing<\/p>\n<p>ESTE PRODUCTO NO ESTA DISPONIBLE PARA ENVIO INMEDIATO, REQUIERE UN TIEMPO DE ELBORACI\u00d3N<\/p>","protected":false},"featured_media":12958,"comment_status":"open","ping_status":"closed","template":"","meta":{"_monsterinsights_skip_tracking":false,"_monsterinsights_sitenote_active":false,"_monsterinsights_sitenote_note":"","_monsterinsights_sitenote_category":0,"_joinchat":[]},"product_brand":[],"product_cat":[238,64],"product_tag":[],"class_list":{"0":"post-12909","1":"product","2":"type-product","3":"status-publish","4":"has-post-thumbnail","6":"product_cat-coleccion-otono-invierno-25-26","7":"product_cat-abrigo","9":"first","10":"onbackorder","11":"shipping-taxable","12":"purchasable","13":"product-type-simple"},"yoast_head":"<!-- This site is optimized with the Yoast SEO plugin v25.2 - https:\/\/yoast.com\/wordpress\/plugins\/seo\/ -->\n<title>MONJE - Adriana Santacruz<\/title>\n<meta name=\"description\" content=\"MONJE - Abrigo kimono de silueta amplia, con grandes bolsillos, elaborado en telar horizontal. Se complementa con una bufanda tejida en telar vertical con t\u00e9cnica de Ikat y detalles en telar de cintura. Terminados a mano.  Talla \u00fanica (apta para tallas S, M, L, XL)  100% Lana  Largo Delantero: 141 cm, Largo Posterior: 145 cm  Lavado en seco, no usar detergente o blanqueador  ESTE PRODUCTO NO ESTA DISPONIBLE PARA ENVIO INMEDIATO, REQUIERE UN TIEMPO DE ELBORACI\u00d3N - prendas elaboradas en telar, con t\u00e9cnicas artesanales ind\u00edgenas.\" \/>\n<meta name=\"robots\" content=\"index, follow, max-snippet:-1, max-image-preview:large, max-video-preview:-1\" \/>\n<link rel=\"canonical\" href=\"https:\/\/adrianasantacruz.com\/en\/product\/monje\/\" \/>\n<meta property=\"og:locale\" content=\"en_US\" \/>\n<meta property=\"og:type\" content=\"article\" \/>\n<meta property=\"og:title\" content=\"MONJE - Adriana Santacruz\" \/>\n<meta property=\"og:description\" content=\"MONJE - Abrigo kimono de silueta amplia, con grandes bolsillos, elaborado en telar horizontal. Se complementa con una bufanda tejida en telar vertical con t\u00e9cnica de Ikat y detalles en telar de cintura. Terminados a mano.  Talla \u00fanica (apta para tallas S, M, L, XL)  100% Lana  Largo Delantero: 141 cm, Largo Posterior: 145 cm  Lavado en seco, no usar detergente o blanqueador  ESTE PRODUCTO NO ESTA DISPONIBLE PARA ENVIO INMEDIATO, REQUIERE UN TIEMPO DE ELBORACI\u00d3N - prendas elaboradas en telar, con t\u00e9cnicas artesanales ind\u00edgenas.\" \/>\n<meta property=\"og:url\" content=\"https:\/\/adrianasantacruz.com\/en\/product\/monje\/\" \/>\n<meta property=\"og:site_name\" content=\"Adriana Santacruz\" \/>\n<meta property=\"article:publisher\" content=\"https:\/\/www.facebook.com\/santacruz.adriana\/\" \/>\n<meta property=\"article:modified_time\" content=\"2026-03-13T16:00:48+00:00\" \/>\n<meta property=\"og:image\" content=\"https:\/\/adrianasantacruz.com\/wp-content\/uploads\/2025\/05\/1.1-Monje_S5B1190-scaled.webp\" \/>\n\t<meta property=\"og:image:width\" content=\"1707\" \/>\n\t<meta property=\"og:image:height\" content=\"2560\" \/>\n\t<meta property=\"og:image:type\" content=\"image\/webp\" \/>\n<meta name=\"twitter:card\" content=\"summary_large_image\" \/>\n<meta name=\"twitter:label1\" content=\"Est. reading time\" \/>\n\t<meta name=\"twitter:data1\" content=\"1 minute\" \/>\n<script type=\"application\/ld+json\" class=\"yoast-schema-graph\">{\"@context\":\"https:\/\/schema.org\",\"@graph\":[{\"@type\":\"WebPage\",\"@id\":\"https:\/\/adrianasantacruz.com\/product\/monje\/\",\"url\":\"https:\/\/adrianasantacruz.com\/product\/monje\/\",\"name\":\"MONJE - Adriana Santacruz\",\"isPartOf\":{\"@id\":\"https:\/\/adrianasantacruz.com\/#website\"},\"primaryImageOfPage\":{\"@id\":\"https:\/\/adrianasantacruz.com\/product\/monje\/#primaryimage\"},\"image\":{\"@id\":\"https:\/\/adrianasantacruz.com\/product\/monje\/#primaryimage\"},\"thumbnailUrl\":\"https:\/\/adrianasantacruz.com\/wp-content\/uploads\/2025\/05\/1.1-Monje_S5B1190-scaled.webp\",\"datePublished\":\"2025-05-22T13:25:48+00:00\",\"dateModified\":\"2026-03-13T16:00:48+00:00\",\"description\":\"MONJE - Abrigo kimono de silueta amplia, con grandes bolsillos, elaborado en telar horizontal. Se complementa con una bufanda tejida en telar vertical con t\u00e9cnica de Ikat y detalles en telar de cintura. Terminados a mano. Talla \u00fanica (apta para tallas S, M, L, XL) 100% Lana Largo Delantero: 141 cm, Largo Posterior: 145 cm Lavado en seco, no usar detergente o blanqueador ESTE PRODUCTO NO ESTA DISPONIBLE PARA ENVIO INMEDIATO, REQUIERE UN TIEMPO DE ELBORACI\u00d3N - prendas elaboradas en telar, con t\u00e9cnicas artesanales ind\u00edgenas.\",\"breadcrumb\":{\"@id\":\"https:\/\/adrianasantacruz.com\/product\/monje\/#breadcrumb\"},\"inLanguage\":\"en-US\",\"potentialAction\":[{\"@type\":\"ReadAction\",\"target\":[\"https:\/\/adrianasantacruz.com\/product\/monje\/\"]}]},{\"@type\":\"ImageObject\",\"inLanguage\":\"en-US\",\"@id\":\"https:\/\/adrianasantacruz.com\/product\/monje\/#primaryimage\",\"url\":\"https:\/\/adrianasantacruz.com\/wp-content\/uploads\/2025\/05\/1.1-Monje_S5B1190-scaled.webp\",\"contentUrl\":\"https:\/\/adrianasantacruz.com\/wp-content\/uploads\/2025\/05\/1.1-Monje_S5B1190-scaled.webp\",\"width\":1707,\"height\":2560},{\"@type\":\"BreadcrumbList\",\"@id\":\"https:\/\/adrianasantacruz.com\/product\/monje\/#breadcrumb\",\"itemListElement\":[{\"@type\":\"ListItem\",\"position\":1,\"name\":\"Portada\",\"item\":\"https:\/\/adrianasantacruz.com\/\"},{\"@type\":\"ListItem\",\"position\":2,\"name\":\"Shop\",\"item\":\"https:\/\/adrianasantacruz.com\/shop\/\"},{\"@type\":\"ListItem\",\"position\":3,\"name\":\"MONJE\"}]},{\"@type\":\"WebSite\",\"@id\":\"https:\/\/adrianasantacruz.com\/#website\",\"url\":\"https:\/\/adrianasantacruz.com\/\",\"name\":\"Adriana Santacruz\",\"description\":\"Ruanas Tejidas | Telar ind\u00edgena precolombino\",\"publisher\":{\"@id\":\"https:\/\/adrianasantacruz.com\/#organization\"},\"potentialAction\":[{\"@type\":\"SearchAction\",\"target\":{\"@type\":\"EntryPoint\",\"urlTemplate\":\"https:\/\/adrianasantacruz.com\/?s={search_term_string}\"},\"query-input\":{\"@type\":\"PropertyValueSpecification\",\"valueRequired\":true,\"valueName\":\"search_term_string\"}}],\"inLanguage\":\"en-US\"},{\"@type\":\"Organization\",\"@id\":\"https:\/\/adrianasantacruz.com\/#organization\",\"name\":\"Adriana Santacruz\",\"url\":\"https:\/\/adrianasantacruz.com\/\",\"logo\":{\"@type\":\"ImageObject\",\"inLanguage\":\"en-US\",\"@id\":\"https:\/\/adrianasantacruz.com\/#\/schema\/logo\/image\/\",\"url\":\"http:\/\/adrianasantacruz.com\/wp-content\/uploads\/2020\/10\/Logo-adriana-Santacruz-NEGRO.png\",\"contentUrl\":\"http:\/\/adrianasantacruz.com\/wp-content\/uploads\/2020\/10\/Logo-adriana-Santacruz-NEGRO.png\",\"width\":400,\"height\":38,\"caption\":\"Adriana Santacruz\"},\"image\":{\"@id\":\"https:\/\/adrianasantacruz.com\/#\/schema\/logo\/image\/\"},\"sameAs\":[\"https:\/\/www.facebook.com\/santacruz.adriana\/\",\"https:\/\/www.instagram.com\/byadrianasantacruz\",\"https:\/\/es.wikipedia.org\/wiki\/Adriana_Santacruz\"]}]}<\/script>\n<!-- \/ Yoast SEO plugin. -->","yoast_head_json":{"title":"MONJE - Adriana Santacruz","description":"MONJE - Abrigo kimono de silueta amplia, con grandes bolsillos, elaborado en telar horizontal. Se complementa con una bufanda tejida en telar vertical con t\u00e9cnica de Ikat y detalles en telar de cintura. Terminados a mano.  Talla \u00fanica (apta para tallas S, M, L, XL)  100% Lana  Largo Delantero: 141 cm, Largo Posterior: 145 cm  Lavado en seco, no usar detergente o blanqueador  ESTE PRODUCTO NO ESTA DISPONIBLE PARA ENVIO INMEDIATO, REQUIERE UN TIEMPO DE ELBORACI\u00d3N - prendas elaboradas en telar, con t\u00e9cnicas artesanales ind\u00edgenas.","robots":{"index":"index","follow":"follow","max-snippet":"max-snippet:-1","max-image-preview":"max-image-preview:large","max-video-preview":"max-video-preview:-1"},"canonical":"https:\/\/adrianasantacruz.com\/en\/product\/monje\/","og_locale":"en_US","og_type":"article","og_title":"MONJE - Adriana Santacruz","og_description":"MONJE - Abrigo kimono de silueta amplia, con grandes bolsillos, elaborado en telar horizontal. Se complementa con una bufanda tejida en telar vertical con t\u00e9cnica de Ikat y detalles en telar de cintura. Terminados a mano.  Talla \u00fanica (apta para tallas S, M, L, XL)  100% Lana  Largo Delantero: 141 cm, Largo Posterior: 145 cm  Lavado en seco, no usar detergente o blanqueador  ESTE PRODUCTO NO ESTA DISPONIBLE PARA ENVIO INMEDIATO, REQUIERE UN TIEMPO DE ELBORACI\u00d3N - prendas elaboradas en telar, con t\u00e9cnicas artesanales ind\u00edgenas.","og_url":"https:\/\/adrianasantacruz.com\/en\/product\/monje\/","og_site_name":"Adriana Santacruz","article_publisher":"https:\/\/www.facebook.com\/santacruz.adriana\/","article_modified_time":"2026-03-13T16:00:48+00:00","og_image":[{"width":1707,"height":2560,"url":"https:\/\/adrianasantacruz.com\/wp-content\/uploads\/2025\/05\/1.1-Monje_S5B1190-scaled.webp","type":"image\/webp"}],"twitter_card":"summary_large_image","twitter_misc":{"Est. reading time":"1 minute"},"schema":{"@context":"https:\/\/schema.org","@graph":[{"@type":"WebPage","@id":"https:\/\/adrianasantacruz.com\/product\/monje\/","url":"https:\/\/adrianasantacruz.com\/product\/monje\/","name":"MONJE - Adriana Santacruz","isPartOf":{"@id":"https:\/\/adrianasantacruz.com\/#website"},"primaryImageOfPage":{"@id":"https:\/\/adrianasantacruz.com\/product\/monje\/#primaryimage"},"image":{"@id":"https:\/\/adrianasantacruz.com\/product\/monje\/#primaryimage"},"thumbnailUrl":"https:\/\/adrianasantacruz.com\/wp-content\/uploads\/2025\/05\/1.1-Monje_S5B1190-scaled.webp","datePublished":"2025-05-22T13:25:48+00:00","dateModified":"2026-03-13T16:00:48+00:00","description":"MONJE - Abrigo kimono de silueta amplia, con grandes bolsillos, elaborado en telar horizontal. Se complementa con una bufanda tejida en telar vertical con t\u00e9cnica de Ikat y detalles en telar de cintura. Terminados a mano. Talla \u00fanica (apta para tallas S, M, L, XL) 100% Lana Largo Delantero: 141 cm, Largo Posterior: 145 cm Lavado en seco, no usar detergente o blanqueador ESTE PRODUCTO NO ESTA DISPONIBLE PARA ENVIO INMEDIATO, REQUIERE UN TIEMPO DE ELBORACI\u00d3N - prendas elaboradas en telar, con t\u00e9cnicas artesanales ind\u00edgenas.","breadcrumb":{"@id":"https:\/\/adrianasantacruz.com\/product\/monje\/#breadcrumb"},"inLanguage":"en-US","potentialAction":[{"@type":"ReadAction","target":["https:\/\/adrianasantacruz.com\/product\/monje\/"]}]},{"@type":"ImageObject","inLanguage":"en-US","@id":"https:\/\/adrianasantacruz.com\/product\/monje\/#primaryimage","url":"https:\/\/adrianasantacruz.com\/wp-content\/uploads\/2025\/05\/1.1-Monje_S5B1190-scaled.webp","contentUrl":"https:\/\/adrianasantacruz.com\/wp-content\/uploads\/2025\/05\/1.1-Monje_S5B1190-scaled.webp","width":1707,"height":2560},{"@type":"BreadcrumbList","@id":"https:\/\/adrianasantacruz.com\/product\/monje\/#breadcrumb","itemListElement":[{"@type":"ListItem","position":1,"name":"Portada","item":"https:\/\/adrianasantacruz.com\/"},{"@type":"ListItem","position":2,"name":"Shop","item":"https:\/\/adrianasantacruz.com\/shop\/"},{"@type":"ListItem","position":3,"name":"MONJE"}]},{"@type":"WebSite","@id":"https:\/\/adrianasantacruz.com\/#website","url":"https:\/\/adrianasantacruz.com\/","name":"Adriana Santacruz","description":"Ruanas Tejidas | Telar ind\u00edgena precolombino","publisher":{"@id":"https:\/\/adrianasantacruz.com\/#organization"},"potentialAction":[{"@type":"SearchAction","target":{"@type":"EntryPoint","urlTemplate":"https:\/\/adrianasantacruz.com\/?s={search_term_string}"},"query-input":{"@type":"PropertyValueSpecification","valueRequired":true,"valueName":"search_term_string"}}],"inLanguage":"en-US"},{"@type":"Organization","@id":"https:\/\/adrianasantacruz.com\/#organization","name":"Adriana Santacruz","url":"https:\/\/adrianasantacruz.com\/","logo":{"@type":"ImageObject","inLanguage":"en-US","@id":"https:\/\/adrianasantacruz.com\/#\/schema\/logo\/image\/","url":"http:\/\/adrianasantacruz.com\/wp-content\/uploads\/2020\/10\/Logo-adriana-Santacruz-NEGRO.png","contentUrl":"http:\/\/adrianasantacruz.com\/wp-content\/uploads\/2020\/10\/Logo-adriana-Santacruz-NEGRO.png","width":400,"height":38,"caption":"Adriana Santacruz"},"image":{"@id":"https:\/\/adrianasantacruz.com\/#\/schema\/logo\/image\/"},"sameAs":["https:\/\/www.facebook.com\/santacruz.adriana\/","https:\/\/www.instagram.com\/byadrianasantacruz","https:\/\/es.wikipedia.org\/wiki\/Adriana_Santacruz"]}]}},"_links":{"self":[{"href":"https:\/\/adrianasantacruz.com\/en\/wp-json\/wp\/v2\/product\/12909","targetHints":{"allow":["GET"]}}],"collection":[{"href":"https:\/\/adrianasantacruz.com\/en\/wp-json\/wp\/v2\/product"}],"about":[{"href":"https:\/\/adrianasantacruz.com\/en\/wp-json\/wp\/v2\/types\/product"}],"replies":[{"embeddable":true,"href":"https:\/\/adrianasantacruz.com\/en\/wp-json\/wp\/v2\/comments?post=12909"}],"version-history":[{"count":0,"href":"https:\/\/adrianasantacruz.com\/en\/wp-json\/wp\/v2\/product\/12909\/revisions"}],"wp:featuredmedia":[{"embeddable":true,"href":"https:\/\/adrianasantacruz.com\/en\/wp-json\/wp\/v2\/media\/12958"}],"wp:attachment":[{"href":"https:\/\/adrianasantacruz.com\/en\/wp-json\/wp\/v2\/media?parent=12909"}],"wp:term":[{"taxonomy":"product_brand","embeddable":true,"href":"https:\/\/adrianasantacruz.com\/en\/wp-json\/wp\/v2\/product_brand?post=12909"},{"taxonomy":"product_cat","embeddable":true,"href":"https:\/\/adrianasantacruz.com\/en\/wp-json\/wp\/v2\/product_cat?post=12909"},{"taxonomy":"product_tag","embeddable":true,"href":"https:\/\/adrianasantacruz.com\/en\/wp-json\/wp\/v2\/product_tag?post=12909"}],"curies":[{"name":"wp","href":"https:\/\/api.w.org\/{rel}","templated":true}]}}