{"id":9596,"date":"2020-11-19T00:06:32","date_gmt":"2020-11-19T05:06:32","guid":{"rendered":"https:\/\/adrianasantacruz.com\/product\/sara-halcon\/"},"modified":"2026-04-09T09:56:24","modified_gmt":"2026-04-09T14:56:24","slug":"sara-halcon","status":"publish","type":"product","link":"https:\/\/adrianasantacruz.com\/en\/product\/sara-halcon\/","title":{"rendered":"SARA HALC\u00d3N"},"content":{"rendered":"","protected":false},"excerpt":{"rendered":"<p>When it comes to color playing, these blue and purple tones comes up creating this asymmetric vest that will speak for you. It is made with four pieces of indigenous horizontal and vertical loom, and has sutil fringe details on its sides.<\/p>\n<p>One size fits all (Fits S, M,L)<\/p>\n<p>60% Wool, 30% Cotton, 10% Acrylic<\/p>\n<p>Dry Cleaning, Do not use detergent, Steam Ironing<\/p>","protected":false},"featured_media":9304,"comment_status":"open","ping_status":"closed","template":"","meta":{"_monsterinsights_skip_tracking":false,"_monsterinsights_sitenote_active":false,"_monsterinsights_sitenote_note":"","_monsterinsights_sitenote_category":0,"_joinchat":[]},"product_brand":[],"product_cat":[65,70],"product_tag":[],"class_list":{"0":"post-9596","1":"product","2":"type-product","3":"status-publish","4":"has-post-thumbnail","6":"product_cat-chaleco","7":"product_cat-all-season-2019","9":"first","10":"outofstock","11":"shipping-taxable","12":"purchasable","13":"product-type-simple"},"yoast_head":"<!-- This site is optimized with the Yoast SEO plugin v25.2 - https:\/\/yoast.com\/wordpress\/plugins\/seo\/ -->\n<title>SARA HALC\u00d3N - Adriana Santacruz<\/title>\n<meta name=\"description\" content=\"SARA HALC\u00d3N - Chaleco estructurado por cuatro fragmentos de telar ind\u00edgena en t\u00e9cnicas de tejido horizontal y vertical.  Talla \u00fanica (apta para tallas S, M, L)  60% Lana, 30% Algod\u00f3n, 10% Acrilico  Lavado en seco, No usar detergente o blanqueador - prendas elaboradas en telar, con t\u00e9cnicas artesanales ind\u00edgenas.\" \/>\n<meta name=\"robots\" content=\"index, follow, max-snippet:-1, max-image-preview:large, max-video-preview:-1\" \/>\n<link rel=\"canonical\" href=\"https:\/\/adrianasantacruz.com\/en\/product\/sara-halcon\/\" \/>\n<meta property=\"og:locale\" content=\"en_US\" \/>\n<meta property=\"og:type\" content=\"article\" \/>\n<meta property=\"og:title\" content=\"SARA HALC\u00d3N - Adriana Santacruz\" \/>\n<meta property=\"og:description\" content=\"SARA HALC\u00d3N - Chaleco estructurado por cuatro fragmentos de telar ind\u00edgena en t\u00e9cnicas de tejido horizontal y vertical.  Talla \u00fanica (apta para tallas S, M, L)  60% Lana, 30% Algod\u00f3n, 10% Acrilico  Lavado en seco, No usar detergente o blanqueador - prendas elaboradas en telar, con t\u00e9cnicas artesanales ind\u00edgenas.\" \/>\n<meta property=\"og:url\" content=\"https:\/\/adrianasantacruz.com\/en\/product\/sara-halcon\/\" \/>\n<meta property=\"og:site_name\" content=\"Adriana Santacruz\" \/>\n<meta property=\"article:publisher\" content=\"https:\/\/www.facebook.com\/santacruz.adriana\/\" \/>\n<meta property=\"article:modified_time\" content=\"2026-04-09T14:56:24+00:00\" \/>\n<meta property=\"og:image\" content=\"https:\/\/adrianasantacruz.com\/wp-content\/uploads\/2020\/11\/Sara-Halco\u0301n-1-1.jpg\" \/>\n\t<meta property=\"og:image:width\" content=\"1000\" \/>\n\t<meta property=\"og:image:height\" content=\"1500\" \/>\n\t<meta property=\"og:image:type\" content=\"image\/jpeg\" \/>\n<meta name=\"twitter:card\" content=\"summary_large_image\" \/>\n<meta name=\"twitter:label1\" content=\"Est. reading time\" \/>\n\t<meta name=\"twitter:data1\" content=\"1 minute\" \/>\n<script type=\"application\/ld+json\" class=\"yoast-schema-graph\">{\"@context\":\"https:\/\/schema.org\",\"@graph\":[{\"@type\":\"WebPage\",\"@id\":\"https:\/\/adrianasantacruz.com\/product\/sara-halcon\/\",\"url\":\"https:\/\/adrianasantacruz.com\/product\/sara-halcon\/\",\"name\":\"SARA HALC\u00d3N - Adriana Santacruz\",\"isPartOf\":{\"@id\":\"https:\/\/adrianasantacruz.com\/#website\"},\"primaryImageOfPage\":{\"@id\":\"https:\/\/adrianasantacruz.com\/product\/sara-halcon\/#primaryimage\"},\"image\":{\"@id\":\"https:\/\/adrianasantacruz.com\/product\/sara-halcon\/#primaryimage\"},\"thumbnailUrl\":\"https:\/\/adrianasantacruz.com\/wp-content\/uploads\/2020\/11\/Sara-Halco\u0301n-1-1.jpg\",\"datePublished\":\"2020-11-19T05:06:32+00:00\",\"dateModified\":\"2026-04-09T14:56:24+00:00\",\"description\":\"SARA HALC\u00d3N - Chaleco estructurado por cuatro fragmentos de telar ind\u00edgena en t\u00e9cnicas de tejido horizontal y vertical. Talla \u00fanica (apta para tallas S, M, L) 60% Lana, 30% Algod\u00f3n, 10% Acrilico Lavado en seco, No usar detergente o blanqueador - prendas elaboradas en telar, con t\u00e9cnicas artesanales ind\u00edgenas.\",\"breadcrumb\":{\"@id\":\"https:\/\/adrianasantacruz.com\/product\/sara-halcon\/#breadcrumb\"},\"inLanguage\":\"en-US\",\"potentialAction\":[{\"@type\":\"ReadAction\",\"target\":[\"https:\/\/adrianasantacruz.com\/product\/sara-halcon\/\"]}]},{\"@type\":\"ImageObject\",\"inLanguage\":\"en-US\",\"@id\":\"https:\/\/adrianasantacruz.com\/product\/sara-halcon\/#primaryimage\",\"url\":\"https:\/\/adrianasantacruz.com\/wp-content\/uploads\/2020\/11\/Sara-Halco\u0301n-1-1.jpg\",\"contentUrl\":\"https:\/\/adrianasantacruz.com\/wp-content\/uploads\/2020\/11\/Sara-Halco\u0301n-1-1.jpg\",\"width\":1000,\"height\":1500},{\"@type\":\"BreadcrumbList\",\"@id\":\"https:\/\/adrianasantacruz.com\/product\/sara-halcon\/#breadcrumb\",\"itemListElement\":[{\"@type\":\"ListItem\",\"position\":1,\"name\":\"Portada\",\"item\":\"https:\/\/adrianasantacruz.com\/\"},{\"@type\":\"ListItem\",\"position\":2,\"name\":\"Shop\",\"item\":\"https:\/\/adrianasantacruz.com\/shop\/\"},{\"@type\":\"ListItem\",\"position\":3,\"name\":\"SARA HALC\u00d3N\"}]},{\"@type\":\"WebSite\",\"@id\":\"https:\/\/adrianasantacruz.com\/#website\",\"url\":\"https:\/\/adrianasantacruz.com\/\",\"name\":\"Adriana Santacruz\",\"description\":\"Ruanas Tejidas | Telar ind\u00edgena precolombino\",\"publisher\":{\"@id\":\"https:\/\/adrianasantacruz.com\/#organization\"},\"potentialAction\":[{\"@type\":\"SearchAction\",\"target\":{\"@type\":\"EntryPoint\",\"urlTemplate\":\"https:\/\/adrianasantacruz.com\/?s={search_term_string}\"},\"query-input\":{\"@type\":\"PropertyValueSpecification\",\"valueRequired\":true,\"valueName\":\"search_term_string\"}}],\"inLanguage\":\"en-US\"},{\"@type\":\"Organization\",\"@id\":\"https:\/\/adrianasantacruz.com\/#organization\",\"name\":\"Adriana Santacruz\",\"url\":\"https:\/\/adrianasantacruz.com\/\",\"logo\":{\"@type\":\"ImageObject\",\"inLanguage\":\"en-US\",\"@id\":\"https:\/\/adrianasantacruz.com\/#\/schema\/logo\/image\/\",\"url\":\"http:\/\/adrianasantacruz.com\/wp-content\/uploads\/2020\/10\/Logo-adriana-Santacruz-NEGRO.png\",\"contentUrl\":\"http:\/\/adrianasantacruz.com\/wp-content\/uploads\/2020\/10\/Logo-adriana-Santacruz-NEGRO.png\",\"width\":400,\"height\":38,\"caption\":\"Adriana Santacruz\"},\"image\":{\"@id\":\"https:\/\/adrianasantacruz.com\/#\/schema\/logo\/image\/\"},\"sameAs\":[\"https:\/\/www.facebook.com\/santacruz.adriana\/\",\"https:\/\/www.instagram.com\/byadrianasantacruz\",\"https:\/\/es.wikipedia.org\/wiki\/Adriana_Santacruz\"]}]}<\/script>\n<!-- \/ Yoast SEO plugin. -->","yoast_head_json":{"title":"SARA HALC\u00d3N - Adriana Santacruz","description":"SARA HALC\u00d3N - Chaleco estructurado por cuatro fragmentos de telar ind\u00edgena en t\u00e9cnicas de tejido horizontal y vertical.  Talla \u00fanica (apta para tallas S, M, L)  60% Lana, 30% Algod\u00f3n, 10% Acrilico  Lavado en seco, No usar detergente o blanqueador - prendas elaboradas en telar, con t\u00e9cnicas artesanales ind\u00edgenas.","robots":{"index":"index","follow":"follow","max-snippet":"max-snippet:-1","max-image-preview":"max-image-preview:large","max-video-preview":"max-video-preview:-1"},"canonical":"https:\/\/adrianasantacruz.com\/en\/product\/sara-halcon\/","og_locale":"en_US","og_type":"article","og_title":"SARA HALC\u00d3N - Adriana Santacruz","og_description":"SARA HALC\u00d3N - Chaleco estructurado por cuatro fragmentos de telar ind\u00edgena en t\u00e9cnicas de tejido horizontal y vertical.  Talla \u00fanica (apta para tallas S, M, L)  60% Lana, 30% Algod\u00f3n, 10% Acrilico  Lavado en seco, No usar detergente o blanqueador - prendas elaboradas en telar, con t\u00e9cnicas artesanales ind\u00edgenas.","og_url":"https:\/\/adrianasantacruz.com\/en\/product\/sara-halcon\/","og_site_name":"Adriana Santacruz","article_publisher":"https:\/\/www.facebook.com\/santacruz.adriana\/","article_modified_time":"2026-04-09T14:56:24+00:00","og_image":[{"width":1000,"height":1500,"url":"https:\/\/adrianasantacruz.com\/wp-content\/uploads\/2020\/11\/Sara-Halco\u0301n-1-1.jpg","type":"image\/jpeg"}],"twitter_card":"summary_large_image","twitter_misc":{"Est. reading time":"1 minute"},"schema":{"@context":"https:\/\/schema.org","@graph":[{"@type":"WebPage","@id":"https:\/\/adrianasantacruz.com\/product\/sara-halcon\/","url":"https:\/\/adrianasantacruz.com\/product\/sara-halcon\/","name":"SARA HALC\u00d3N - Adriana Santacruz","isPartOf":{"@id":"https:\/\/adrianasantacruz.com\/#website"},"primaryImageOfPage":{"@id":"https:\/\/adrianasantacruz.com\/product\/sara-halcon\/#primaryimage"},"image":{"@id":"https:\/\/adrianasantacruz.com\/product\/sara-halcon\/#primaryimage"},"thumbnailUrl":"https:\/\/adrianasantacruz.com\/wp-content\/uploads\/2020\/11\/Sara-Halco\u0301n-1-1.jpg","datePublished":"2020-11-19T05:06:32+00:00","dateModified":"2026-04-09T14:56:24+00:00","description":"SARA HALC\u00d3N - Chaleco estructurado por cuatro fragmentos de telar ind\u00edgena en t\u00e9cnicas de tejido horizontal y vertical. Talla \u00fanica (apta para tallas S, M, L) 60% Lana, 30% Algod\u00f3n, 10% Acrilico Lavado en seco, No usar detergente o blanqueador - prendas elaboradas en telar, con t\u00e9cnicas artesanales ind\u00edgenas.","breadcrumb":{"@id":"https:\/\/adrianasantacruz.com\/product\/sara-halcon\/#breadcrumb"},"inLanguage":"en-US","potentialAction":[{"@type":"ReadAction","target":["https:\/\/adrianasantacruz.com\/product\/sara-halcon\/"]}]},{"@type":"ImageObject","inLanguage":"en-US","@id":"https:\/\/adrianasantacruz.com\/product\/sara-halcon\/#primaryimage","url":"https:\/\/adrianasantacruz.com\/wp-content\/uploads\/2020\/11\/Sara-Halco\u0301n-1-1.jpg","contentUrl":"https:\/\/adrianasantacruz.com\/wp-content\/uploads\/2020\/11\/Sara-Halco\u0301n-1-1.jpg","width":1000,"height":1500},{"@type":"BreadcrumbList","@id":"https:\/\/adrianasantacruz.com\/product\/sara-halcon\/#breadcrumb","itemListElement":[{"@type":"ListItem","position":1,"name":"Portada","item":"https:\/\/adrianasantacruz.com\/"},{"@type":"ListItem","position":2,"name":"Shop","item":"https:\/\/adrianasantacruz.com\/shop\/"},{"@type":"ListItem","position":3,"name":"SARA HALC\u00d3N"}]},{"@type":"WebSite","@id":"https:\/\/adrianasantacruz.com\/#website","url":"https:\/\/adrianasantacruz.com\/","name":"Adriana Santacruz","description":"Ruanas Tejidas | Telar ind\u00edgena precolombino","publisher":{"@id":"https:\/\/adrianasantacruz.com\/#organization"},"potentialAction":[{"@type":"SearchAction","target":{"@type":"EntryPoint","urlTemplate":"https:\/\/adrianasantacruz.com\/?s={search_term_string}"},"query-input":{"@type":"PropertyValueSpecification","valueRequired":true,"valueName":"search_term_string"}}],"inLanguage":"en-US"},{"@type":"Organization","@id":"https:\/\/adrianasantacruz.com\/#organization","name":"Adriana Santacruz","url":"https:\/\/adrianasantacruz.com\/","logo":{"@type":"ImageObject","inLanguage":"en-US","@id":"https:\/\/adrianasantacruz.com\/#\/schema\/logo\/image\/","url":"http:\/\/adrianasantacruz.com\/wp-content\/uploads\/2020\/10\/Logo-adriana-Santacruz-NEGRO.png","contentUrl":"http:\/\/adrianasantacruz.com\/wp-content\/uploads\/2020\/10\/Logo-adriana-Santacruz-NEGRO.png","width":400,"height":38,"caption":"Adriana Santacruz"},"image":{"@id":"https:\/\/adrianasantacruz.com\/#\/schema\/logo\/image\/"},"sameAs":["https:\/\/www.facebook.com\/santacruz.adriana\/","https:\/\/www.instagram.com\/byadrianasantacruz","https:\/\/es.wikipedia.org\/wiki\/Adriana_Santacruz"]}]}},"_links":{"self":[{"href":"https:\/\/adrianasantacruz.com\/en\/wp-json\/wp\/v2\/product\/9596","targetHints":{"allow":["GET"]}}],"collection":[{"href":"https:\/\/adrianasantacruz.com\/en\/wp-json\/wp\/v2\/product"}],"about":[{"href":"https:\/\/adrianasantacruz.com\/en\/wp-json\/wp\/v2\/types\/product"}],"replies":[{"embeddable":true,"href":"https:\/\/adrianasantacruz.com\/en\/wp-json\/wp\/v2\/comments?post=9596"}],"version-history":[{"count":0,"href":"https:\/\/adrianasantacruz.com\/en\/wp-json\/wp\/v2\/product\/9596\/revisions"}],"wp:featuredmedia":[{"embeddable":true,"href":"https:\/\/adrianasantacruz.com\/en\/wp-json\/wp\/v2\/media\/9304"}],"wp:attachment":[{"href":"https:\/\/adrianasantacruz.com\/en\/wp-json\/wp\/v2\/media?parent=9596"}],"wp:term":[{"taxonomy":"product_brand","embeddable":true,"href":"https:\/\/adrianasantacruz.com\/en\/wp-json\/wp\/v2\/product_brand?post=9596"},{"taxonomy":"product_cat","embeddable":true,"href":"https:\/\/adrianasantacruz.com\/en\/wp-json\/wp\/v2\/product_cat?post=9596"},{"taxonomy":"product_tag","embeddable":true,"href":"https:\/\/adrianasantacruz.com\/en\/wp-json\/wp\/v2\/product_tag?post=9596"}],"curies":[{"name":"wp","href":"https:\/\/api.w.org\/{rel}","templated":true}]}}