{"id":9608,"date":"2020-11-19T00:06:35","date_gmt":"2020-11-19T05:06:35","guid":{"rendered":"https:\/\/adrianasantacruz.com\/product\/ruana-cacique\/"},"modified":"2026-04-09T09:51:07","modified_gmt":"2026-04-09T14:51:07","slug":"ruana-cacique","status":"publish","type":"product","link":"https:\/\/adrianasantacruz.com\/en\/product\/ruana-cacique\/","title":{"rendered":"RUANA CACIQUE"},"content":{"rendered":"","protected":false},"excerpt":{"rendered":"<p>The legendary, one of a kind \"Ruana Cacique\". Manufactured with two vertical handmade loom rectangles, enhanced with fragments of brocade fabrics and a removable belt.<\/p>\n<p>One size fits all (fits S, M, L, XL)<\/p>\n<p>30% Cotton, 10% Wool, 60% Acrylic<\/p>\n<p>Dry Cleaning, Do not use detergent, Steam Ironing<\/p>","protected":false},"featured_media":9301,"comment_status":"open","ping_status":"closed","template":"","meta":{"_monsterinsights_skip_tracking":false,"_monsterinsights_sitenote_active":false,"_monsterinsights_sitenote_note":"","_monsterinsights_sitenote_category":0,"_joinchat":[]},"product_brand":[],"product_cat":[68,70],"product_tag":[],"class_list":{"0":"post-9608","1":"product","2":"type-product","3":"status-publish","4":"has-post-thumbnail","6":"product_cat-ruana","7":"product_cat-all-season-2019","9":"first","10":"outofstock","11":"shipping-taxable","12":"purchasable","13":"product-type-simple"},"yoast_head":"<!-- This site is optimized with the Yoast SEO plugin v25.2 - https:\/\/yoast.com\/wordpress\/plugins\/seo\/ -->\n<title>RUANA CACIQUE - Adriana Santacruz<\/title>\n<meta name=\"description\" content=\"RUANA CACIQUE - Poncho amplio, construido por dos fragmentos de tejido en telar vertical, complementado con tejidos de brocado y cintur\u00f3n en telar vertical.  Talla \u00fanica (apta para tallas S, M, L, XL)  30% algod\u00f3n, 10% Lana, 60% Acr\u00edlico  Lavado en seco, No usar detergente o blanqueador - prendas elaboradas en telar, con t\u00e9cnicas artesanales ind\u00edgenas.\" \/>\n<meta name=\"robots\" content=\"index, follow, max-snippet:-1, max-image-preview:large, max-video-preview:-1\" \/>\n<link rel=\"canonical\" href=\"https:\/\/adrianasantacruz.com\/en\/product\/ruana-cacique\/\" \/>\n<meta property=\"og:locale\" content=\"en_US\" \/>\n<meta property=\"og:type\" content=\"article\" \/>\n<meta property=\"og:title\" content=\"RUANA CACIQUE - Adriana Santacruz\" \/>\n<meta property=\"og:description\" content=\"RUANA CACIQUE - Poncho amplio, construido por dos fragmentos de tejido en telar vertical, complementado con tejidos de brocado y cintur\u00f3n en telar vertical.  Talla \u00fanica (apta para tallas S, M, L, XL)  30% algod\u00f3n, 10% Lana, 60% Acr\u00edlico  Lavado en seco, No usar detergente o blanqueador - prendas elaboradas en telar, con t\u00e9cnicas artesanales ind\u00edgenas.\" \/>\n<meta property=\"og:url\" content=\"https:\/\/adrianasantacruz.com\/en\/product\/ruana-cacique\/\" \/>\n<meta property=\"og:site_name\" content=\"Adriana Santacruz\" \/>\n<meta property=\"article:publisher\" content=\"https:\/\/www.facebook.com\/santacruz.adriana\/\" \/>\n<meta property=\"article:modified_time\" content=\"2026-04-09T14:51:07+00:00\" \/>\n<meta property=\"og:image\" content=\"https:\/\/adrianasantacruz.com\/wp-content\/uploads\/2020\/11\/Ruana-Cacique-1-1.jpg\" \/>\n\t<meta property=\"og:image:width\" content=\"1000\" \/>\n\t<meta property=\"og:image:height\" content=\"1500\" \/>\n\t<meta property=\"og:image:type\" content=\"image\/jpeg\" \/>\n<meta name=\"twitter:card\" content=\"summary_large_image\" \/>\n<meta name=\"twitter:label1\" content=\"Est. reading time\" \/>\n\t<meta name=\"twitter:data1\" content=\"1 minute\" \/>\n<script type=\"application\/ld+json\" class=\"yoast-schema-graph\">{\"@context\":\"https:\/\/schema.org\",\"@graph\":[{\"@type\":\"WebPage\",\"@id\":\"https:\/\/adrianasantacruz.com\/product\/ruana-cacique\/\",\"url\":\"https:\/\/adrianasantacruz.com\/product\/ruana-cacique\/\",\"name\":\"RUANA CACIQUE - Adriana Santacruz\",\"isPartOf\":{\"@id\":\"https:\/\/adrianasantacruz.com\/#website\"},\"primaryImageOfPage\":{\"@id\":\"https:\/\/adrianasantacruz.com\/product\/ruana-cacique\/#primaryimage\"},\"image\":{\"@id\":\"https:\/\/adrianasantacruz.com\/product\/ruana-cacique\/#primaryimage\"},\"thumbnailUrl\":\"https:\/\/adrianasantacruz.com\/wp-content\/uploads\/2020\/11\/Ruana-Cacique-1-1.jpg\",\"datePublished\":\"2020-11-19T05:06:35+00:00\",\"dateModified\":\"2026-04-09T14:51:07+00:00\",\"description\":\"RUANA CACIQUE - Poncho amplio, construido por dos fragmentos de tejido en telar vertical, complementado con tejidos de brocado y cintur\u00f3n en telar vertical. Talla \u00fanica (apta para tallas S, M, L, XL) 30% algod\u00f3n, 10% Lana, 60% Acr\u00edlico Lavado en seco, No usar detergente o blanqueador - prendas elaboradas en telar, con t\u00e9cnicas artesanales ind\u00edgenas.\",\"breadcrumb\":{\"@id\":\"https:\/\/adrianasantacruz.com\/product\/ruana-cacique\/#breadcrumb\"},\"inLanguage\":\"en-US\",\"potentialAction\":[{\"@type\":\"ReadAction\",\"target\":[\"https:\/\/adrianasantacruz.com\/product\/ruana-cacique\/\"]}]},{\"@type\":\"ImageObject\",\"inLanguage\":\"en-US\",\"@id\":\"https:\/\/adrianasantacruz.com\/product\/ruana-cacique\/#primaryimage\",\"url\":\"https:\/\/adrianasantacruz.com\/wp-content\/uploads\/2020\/11\/Ruana-Cacique-1-1.jpg\",\"contentUrl\":\"https:\/\/adrianasantacruz.com\/wp-content\/uploads\/2020\/11\/Ruana-Cacique-1-1.jpg\",\"width\":1000,\"height\":1500},{\"@type\":\"BreadcrumbList\",\"@id\":\"https:\/\/adrianasantacruz.com\/product\/ruana-cacique\/#breadcrumb\",\"itemListElement\":[{\"@type\":\"ListItem\",\"position\":1,\"name\":\"Portada\",\"item\":\"https:\/\/adrianasantacruz.com\/\"},{\"@type\":\"ListItem\",\"position\":2,\"name\":\"Shop\",\"item\":\"https:\/\/adrianasantacruz.com\/shop\/\"},{\"@type\":\"ListItem\",\"position\":3,\"name\":\"RUANA CACIQUE\"}]},{\"@type\":\"WebSite\",\"@id\":\"https:\/\/adrianasantacruz.com\/#website\",\"url\":\"https:\/\/adrianasantacruz.com\/\",\"name\":\"Adriana Santacruz\",\"description\":\"Ruanas Tejidas | Telar ind\u00edgena precolombino\",\"publisher\":{\"@id\":\"https:\/\/adrianasantacruz.com\/#organization\"},\"potentialAction\":[{\"@type\":\"SearchAction\",\"target\":{\"@type\":\"EntryPoint\",\"urlTemplate\":\"https:\/\/adrianasantacruz.com\/?s={search_term_string}\"},\"query-input\":{\"@type\":\"PropertyValueSpecification\",\"valueRequired\":true,\"valueName\":\"search_term_string\"}}],\"inLanguage\":\"en-US\"},{\"@type\":\"Organization\",\"@id\":\"https:\/\/adrianasantacruz.com\/#organization\",\"name\":\"Adriana Santacruz\",\"url\":\"https:\/\/adrianasantacruz.com\/\",\"logo\":{\"@type\":\"ImageObject\",\"inLanguage\":\"en-US\",\"@id\":\"https:\/\/adrianasantacruz.com\/#\/schema\/logo\/image\/\",\"url\":\"http:\/\/adrianasantacruz.com\/wp-content\/uploads\/2020\/10\/Logo-adriana-Santacruz-NEGRO.png\",\"contentUrl\":\"http:\/\/adrianasantacruz.com\/wp-content\/uploads\/2020\/10\/Logo-adriana-Santacruz-NEGRO.png\",\"width\":400,\"height\":38,\"caption\":\"Adriana Santacruz\"},\"image\":{\"@id\":\"https:\/\/adrianasantacruz.com\/#\/schema\/logo\/image\/\"},\"sameAs\":[\"https:\/\/www.facebook.com\/santacruz.adriana\/\",\"https:\/\/www.instagram.com\/byadrianasantacruz\",\"https:\/\/es.wikipedia.org\/wiki\/Adriana_Santacruz\"]}]}<\/script>\n<!-- \/ Yoast SEO plugin. -->","yoast_head_json":{"title":"RUANA CACIQUE - Adriana Santacruz","description":"RUANA CACIQUE - Poncho amplio, construido por dos fragmentos de tejido en telar vertical, complementado con tejidos de brocado y cintur\u00f3n en telar vertical.  Talla \u00fanica (apta para tallas S, M, L, XL)  30% algod\u00f3n, 10% Lana, 60% Acr\u00edlico  Lavado en seco, No usar detergente o blanqueador - prendas elaboradas en telar, con t\u00e9cnicas artesanales ind\u00edgenas.","robots":{"index":"index","follow":"follow","max-snippet":"max-snippet:-1","max-image-preview":"max-image-preview:large","max-video-preview":"max-video-preview:-1"},"canonical":"https:\/\/adrianasantacruz.com\/en\/product\/ruana-cacique\/","og_locale":"en_US","og_type":"article","og_title":"RUANA CACIQUE - Adriana Santacruz","og_description":"RUANA CACIQUE - Poncho amplio, construido por dos fragmentos de tejido en telar vertical, complementado con tejidos de brocado y cintur\u00f3n en telar vertical.  Talla \u00fanica (apta para tallas S, M, L, XL)  30% algod\u00f3n, 10% Lana, 60% Acr\u00edlico  Lavado en seco, No usar detergente o blanqueador - prendas elaboradas en telar, con t\u00e9cnicas artesanales ind\u00edgenas.","og_url":"https:\/\/adrianasantacruz.com\/en\/product\/ruana-cacique\/","og_site_name":"Adriana Santacruz","article_publisher":"https:\/\/www.facebook.com\/santacruz.adriana\/","article_modified_time":"2026-04-09T14:51:07+00:00","og_image":[{"width":1000,"height":1500,"url":"https:\/\/adrianasantacruz.com\/wp-content\/uploads\/2020\/11\/Ruana-Cacique-1-1.jpg","type":"image\/jpeg"}],"twitter_card":"summary_large_image","twitter_misc":{"Est. reading time":"1 minute"},"schema":{"@context":"https:\/\/schema.org","@graph":[{"@type":"WebPage","@id":"https:\/\/adrianasantacruz.com\/product\/ruana-cacique\/","url":"https:\/\/adrianasantacruz.com\/product\/ruana-cacique\/","name":"RUANA CACIQUE - Adriana Santacruz","isPartOf":{"@id":"https:\/\/adrianasantacruz.com\/#website"},"primaryImageOfPage":{"@id":"https:\/\/adrianasantacruz.com\/product\/ruana-cacique\/#primaryimage"},"image":{"@id":"https:\/\/adrianasantacruz.com\/product\/ruana-cacique\/#primaryimage"},"thumbnailUrl":"https:\/\/adrianasantacruz.com\/wp-content\/uploads\/2020\/11\/Ruana-Cacique-1-1.jpg","datePublished":"2020-11-19T05:06:35+00:00","dateModified":"2026-04-09T14:51:07+00:00","description":"RUANA CACIQUE - Poncho amplio, construido por dos fragmentos de tejido en telar vertical, complementado con tejidos de brocado y cintur\u00f3n en telar vertical. Talla \u00fanica (apta para tallas S, M, L, XL) 30% algod\u00f3n, 10% Lana, 60% Acr\u00edlico Lavado en seco, No usar detergente o blanqueador - prendas elaboradas en telar, con t\u00e9cnicas artesanales ind\u00edgenas.","breadcrumb":{"@id":"https:\/\/adrianasantacruz.com\/product\/ruana-cacique\/#breadcrumb"},"inLanguage":"en-US","potentialAction":[{"@type":"ReadAction","target":["https:\/\/adrianasantacruz.com\/product\/ruana-cacique\/"]}]},{"@type":"ImageObject","inLanguage":"en-US","@id":"https:\/\/adrianasantacruz.com\/product\/ruana-cacique\/#primaryimage","url":"https:\/\/adrianasantacruz.com\/wp-content\/uploads\/2020\/11\/Ruana-Cacique-1-1.jpg","contentUrl":"https:\/\/adrianasantacruz.com\/wp-content\/uploads\/2020\/11\/Ruana-Cacique-1-1.jpg","width":1000,"height":1500},{"@type":"BreadcrumbList","@id":"https:\/\/adrianasantacruz.com\/product\/ruana-cacique\/#breadcrumb","itemListElement":[{"@type":"ListItem","position":1,"name":"Portada","item":"https:\/\/adrianasantacruz.com\/"},{"@type":"ListItem","position":2,"name":"Shop","item":"https:\/\/adrianasantacruz.com\/shop\/"},{"@type":"ListItem","position":3,"name":"RUANA CACIQUE"}]},{"@type":"WebSite","@id":"https:\/\/adrianasantacruz.com\/#website","url":"https:\/\/adrianasantacruz.com\/","name":"Adriana Santacruz","description":"Ruanas Tejidas | Telar ind\u00edgena precolombino","publisher":{"@id":"https:\/\/adrianasantacruz.com\/#organization"},"potentialAction":[{"@type":"SearchAction","target":{"@type":"EntryPoint","urlTemplate":"https:\/\/adrianasantacruz.com\/?s={search_term_string}"},"query-input":{"@type":"PropertyValueSpecification","valueRequired":true,"valueName":"search_term_string"}}],"inLanguage":"en-US"},{"@type":"Organization","@id":"https:\/\/adrianasantacruz.com\/#organization","name":"Adriana Santacruz","url":"https:\/\/adrianasantacruz.com\/","logo":{"@type":"ImageObject","inLanguage":"en-US","@id":"https:\/\/adrianasantacruz.com\/#\/schema\/logo\/image\/","url":"http:\/\/adrianasantacruz.com\/wp-content\/uploads\/2020\/10\/Logo-adriana-Santacruz-NEGRO.png","contentUrl":"http:\/\/adrianasantacruz.com\/wp-content\/uploads\/2020\/10\/Logo-adriana-Santacruz-NEGRO.png","width":400,"height":38,"caption":"Adriana Santacruz"},"image":{"@id":"https:\/\/adrianasantacruz.com\/#\/schema\/logo\/image\/"},"sameAs":["https:\/\/www.facebook.com\/santacruz.adriana\/","https:\/\/www.instagram.com\/byadrianasantacruz","https:\/\/es.wikipedia.org\/wiki\/Adriana_Santacruz"]}]}},"_links":{"self":[{"href":"https:\/\/adrianasantacruz.com\/en\/wp-json\/wp\/v2\/product\/9608","targetHints":{"allow":["GET"]}}],"collection":[{"href":"https:\/\/adrianasantacruz.com\/en\/wp-json\/wp\/v2\/product"}],"about":[{"href":"https:\/\/adrianasantacruz.com\/en\/wp-json\/wp\/v2\/types\/product"}],"replies":[{"embeddable":true,"href":"https:\/\/adrianasantacruz.com\/en\/wp-json\/wp\/v2\/comments?post=9608"}],"version-history":[{"count":0,"href":"https:\/\/adrianasantacruz.com\/en\/wp-json\/wp\/v2\/product\/9608\/revisions"}],"wp:featuredmedia":[{"embeddable":true,"href":"https:\/\/adrianasantacruz.com\/en\/wp-json\/wp\/v2\/media\/9301"}],"wp:attachment":[{"href":"https:\/\/adrianasantacruz.com\/en\/wp-json\/wp\/v2\/media?parent=9608"}],"wp:term":[{"taxonomy":"product_brand","embeddable":true,"href":"https:\/\/adrianasantacruz.com\/en\/wp-json\/wp\/v2\/product_brand?post=9608"},{"taxonomy":"product_cat","embeddable":true,"href":"https:\/\/adrianasantacruz.com\/en\/wp-json\/wp\/v2\/product_cat?post=9608"},{"taxonomy":"product_tag","embeddable":true,"href":"https:\/\/adrianasantacruz.com\/en\/wp-json\/wp\/v2\/product_tag?post=9608"}],"curies":[{"name":"wp","href":"https:\/\/api.w.org\/{rel}","templated":true}]}}